{"id":11718,"date":"2026-04-22T10:27:14","date_gmt":"2026-04-22T08:27:14","guid":{"rendered":"https:\/\/www.anne-sophie-mutter.de\/?page_id=11718"},"modified":"2026-04-22T10:33:25","modified_gmt":"2026-04-22T08:33:25","slug":"charlotte-melkonian","status":"publish","type":"page","link":"https:\/\/www.anne-sophie-mutter.de\/en\/charlotte-melkonian\/","title":{"rendered":"Charlotte Melkonian"},"content":{"rendered":"<p>[et_pb_section fb_built=&#8221;1&#8243; fullwidth=&#8221;on&#8221; _builder_version=&#8221;4.27.4&#8243; _module_preset=&#8221;default&#8221; custom_margin=&#8221;0px||0px||false|false&#8221; custom_padding=&#8221;0px||0px||false|false&#8221; global_colors_info=&#8221;{}&#8221;][et_pb_fullwidth_image src=&#8221;https:\/\/www.anne-sophie-mutter.de\/wp-content\/uploads\/2025\/05\/Header_Stiftung_D_smal-2.jpg&#8221; alt=&#8221;Stiftung&#8221; title_text=&#8221;Stiftung&#8221; src_tablet=&#8221;https:\/\/www.anne-sophie-mutter.de\/wp-content\/uploads\/2025\/05\/Header_Stiftung_D_smal-2.jpg&#8221; src_phone=&#8221;https:\/\/www.anne-sophie-mutter.de\/wp-content\/uploads\/2025\/09\/Header_Stiftung_D_mob.jpg&#8221; src_last_edited=&#8221;on|phone&#8221; _builder_version=&#8221;4.27.4&#8243; _module_preset=&#8221;default&#8221; global_colors_info=&#8221;{}&#8221;][\/et_pb_fullwidth_image][\/et_pb_section][et_pb_section fb_built=&#8221;1&#8243; admin_label=&#8221;Die Stip&#8221; _builder_version=&#8221;4.27.4&#8243; _module_preset=&#8221;default&#8221; background_color=&#8221;#eff0ff&#8221; background_image=&#8221;https:\/\/www.anne-sophie-mutter.de\/wp-content\/uploads\/2025\/08\/farbflache_THE-SCHOLARSHIP-HOLDERS_1.jpg&#8221; parallax=&#8221;on&#8221; custom_margin=&#8221;100px||0px||false|false&#8221; custom_padding=&#8221;100px||100px||false|false&#8221; locked=&#8221;off&#8221; global_colors_info=&#8221;{}&#8221;][et_pb_row _builder_version=&#8221;4.27.4&#8243; _module_preset=&#8221;default&#8221; custom_margin=&#8221;0px||100px||false|false&#8221; custom_padding=&#8221;0px||0px||false|false&#8221; global_colors_info=&#8221;{}&#8221;][et_pb_column type=&#8221;4_4&#8243; _builder_version=&#8221;4.27.4&#8243; _module_preset=&#8221;default&#8221; global_colors_info=&#8221;{}&#8221;][et_pb_text _builder_version=&#8221;4.27.4&#8243; _module_preset=&#8221;default&#8221; text_font=&#8221;&#8211;et_global_body_font||||||||&#8221; text_text_color=&#8221;#ffffff&#8221; text_font_size=&#8221;60px&#8221; text_line_height=&#8221;0.7em&#8221; header_text_color=&#8221;#FFFFFF&#8221; header_font_size=&#8221;50px&#8221; header_line_height=&#8221;0.7em&#8221; header_2_font=&#8221;Open Sans|700|||||||&#8221; header_2_text_color=&#8221;#d86ca6&#8243; header_2_font_size=&#8221;30px&#8221; background_color=&#8221;#FFFFFF&#8221; width=&#8221;230px&#8221; height=&#8221;230px&#8221; custom_margin=&#8221;0px||0px|0px|false|false&#8221; custom_padding=&#8221;10px||0px|15px|false|false&#8221; border_width_all=&#8221;1px&#8221; border_color_all=&#8221;#c128a8&#8243; global_colors_info=&#8221;{}&#8221;]<\/p>\n<h2>THE SCHOLARSHIP HOLDERS<\/h2>\n<p>[\/et_pb_text][\/et_pb_column][\/et_pb_row][et_pb_row column_structure=&#8221;3_4,1_4&#8243; use_custom_gutter=&#8221;on&#8221; admin_label=&#8221;Hwayoon Lee&#8221; _builder_version=&#8221;4.27.4&#8243; _module_preset=&#8221;default&#8221; custom_margin=&#8221;0px||40px||false|false&#8221; custom_padding=&#8221;0px|0px|0px|0px|false|false&#8221; global_colors_info=&#8221;{}&#8221;][et_pb_column type=&#8221;3_4&#8243; _builder_version=&#8221;4.27.4&#8243; _module_preset=&#8221;default&#8221; background_color=&#8221;RGBA(255,255,255,0)&#8221; global_colors_info=&#8221;{}&#8221;][et_pb_text _builder_version=&#8221;4.27.5&#8243; _module_preset=&#8221;default&#8221; text_line_height=&#8221;1.5em&#8221; header_2_font=&#8221;Open Sans|700|||||||&#8221; header_2_text_color=&#8221;#d86ca6&#8243; header_5_font=&#8221;Open Sans|600|||||||&#8221; header_5_text_color=&#8221;#005c8c&#8221; header_5_font_size=&#8221;18px&#8221; background_color=&#8221;#FFFFFF&#8221; custom_margin=&#8221;0px|0px|0px|0px|false|false&#8221; custom_padding=&#8221;10px|20px|30px|20px|false|false&#8221; global_colors_info=&#8221;{}&#8221;]<\/p>\n<p><b>Violoncello<\/b><\/p>\n<h2>Charlotte Melkonian<\/h2>\n<p><em><strong>Charlotte Melkonian, born in 2013, began playing the cello at the age of four and received her first cello lessons at the Cello Academy Hamburg and the Komitas Conservatory in Yerevan, Armenia.<\/strong><\/em><\/p>\n<p>[\/et_pb_text][\/et_pb_column][et_pb_column type=&#8221;1_4&#8243; _builder_version=&#8221;4.27.4&#8243; _module_preset=&#8221;default&#8221; background_color=&#8221;RGBA(255,255,255,0)&#8221; global_colors_info=&#8221;{}&#8221;][et_pb_image src=&#8221;https:\/\/www.anne-sophie-mutter.de\/wp-content\/uploads\/2026\/04\/charlotte.jpg&#8221; title_text=&#8221;charlotte&#8221; force_fullwidth=&#8221;on&#8221; _builder_version=&#8221;4.27.5&#8243; _module_preset=&#8221;default&#8221; global_colors_info=&#8221;{}&#8221;][\/et_pb_image][\/et_pb_column][\/et_pb_row][\/et_pb_section][et_pb_section fb_built=&#8221;1&#8243; _builder_version=&#8221;4.27.4&#8243; _module_preset=&#8221;default&#8221; global_colors_info=&#8221;{}&#8221;][et_pb_row column_structure=&#8221;3_5,2_5&#8243; _builder_version=&#8221;4.27.4&#8243; _module_preset=&#8221;default&#8221; custom_margin_tablet=&#8221;&#8221; custom_margin_phone=&#8221;|10px||10px|false|false&#8221; custom_margin_last_edited=&#8221;on|phone&#8221; global_colors_info=&#8221;{}&#8221;][et_pb_column type=&#8221;3_5&#8243; _builder_version=&#8221;4.27.4&#8243; _module_preset=&#8221;default&#8221; global_colors_info=&#8221;{}&#8221;][et_pb_text _builder_version=&#8221;4.27.5&#8243; _module_preset=&#8221;default&#8221; hover_enabled=&#8221;0&#8243; global_colors_info=&#8221;{}&#8221; sticky_enabled=&#8221;0&#8243;]Since April 2022, Charlotte has been studying in the preparatory class at the Institute for the Early Education of Musically Gifted Children at the University of Music, Drama and Media in Hanover under the guidance of Prof. Martin Brau\u00df.<br \/>\nIn addition, she has attended masterclasses with, among others, Prof. Philippe Muller, Narek Hakhnazaryan, Prof. Jens Peter Maintz, and Prof. David Geringas.<br \/>\nShe regularly participates in Prof. David Geringas\u2019s masterclasses and is mentored by him.<br \/>\nCharlotte has been a junior student at the Berlin University of the Arts in Prof. Jens Peter Maintz\u2019s cello class since 2023.[\/et_pb_text][\/et_pb_column][et_pb_column type=&#8221;2_5&#8243; _builder_version=&#8221;4.27.4&#8243; _module_preset=&#8221;default&#8221; global_colors_info=&#8221;{}&#8221;][\/et_pb_column][\/et_pb_row][\/et_pb_section][et_pb_section fb_built=&#8221;1&#8243; fullwidth=&#8221;on&#8221; disabled_on=&#8221;off|off|off&#8221; _builder_version=&#8221;4.27.4&#8243; _module_preset=&#8221;default&#8221; background_color=&#8221;RGBA(255,255,255,0)&#8221; background_video_mp4=&#8221;https:\/\/www.anne-sophie-mutter.de\/wp-content\/uploads\/2025\/05\/Stipentiaten.mp4&#8243; height=&#8221;400px&#8221; custom_margin=&#8221;0px||0px||false|false&#8221; custom_padding=&#8221;0px||0px||false|false&#8221; global_colors_info=&#8221;{}&#8221;][\/et_pb_section][et_pb_section fb_built=&#8221;1&#8243; _builder_version=&#8221;4.27.4&#8243; _module_preset=&#8221;default&#8221; global_colors_info=&#8221;{}&#8221;][et_pb_row column_structure=&#8221;1_3,2_3&#8243; _builder_version=&#8221;4.27.4&#8243; _module_preset=&#8221;default&#8221; custom_margin_tablet=&#8221;&#8221; custom_margin_phone=&#8221;|10px||10px|false|false&#8221; custom_margin_last_edited=&#8221;on|phone&#8221; global_colors_info=&#8221;{}&#8221;][et_pb_column type=&#8221;1_3&#8243; _builder_version=&#8221;4.27.4&#8243; _module_preset=&#8221;default&#8221; global_colors_info=&#8221;{}&#8221;][\/et_pb_column][et_pb_column type=&#8221;2_3&#8243; _builder_version=&#8221;4.27.4&#8243; _module_preset=&#8221;default&#8221; global_colors_info=&#8221;{}&#8221;][et_pb_text _builder_version=&#8221;4.27.5&#8243; _module_preset=&#8221;default&#8221; hover_enabled=&#8221;0&#8243; global_colors_info=&#8221;{}&#8221; sticky_enabled=&#8221;0&#8243;]<\/p>\n<p>She has won first prizes in numerous national and international competitions, including:<\/p>\n<p>1st Prize with full marks at Jugend Musiziert in the categories Cello Solo, Chamber Music Duo, and Trio<\/p>\n<p>1st Prize and Special Prize from the European Friends of Berlin at the International Young Ludwig Competition in Berlin in 2022<\/p>\n<p>1st Prize with distinction at the Hamburg Instrumental Competition in 2022<\/p>\n<p>1st Prize at the International Geringas Cello Competition in Klaip\u0117da, Lithuania, in 2023<\/p>\n<p>1st Prize at the 1st Grunewald International Music Competition Berlin 2024 Charlotte was awarded the Chamber Music Encouragement<\/p>\n<p>Prize by the Jugend Musiziert Lower Saxony Foundation.<\/p>\n<p>She is also a scholarship recipient at the Liechtenstein Music Academy, where she regularly participates in intensive workshops and activities.<\/p>\n<p>Charlotte is one of the youngest scholarship recipients of the German Music Life Foundation. At the 2026 competition of the German Musical Instrument Fund, she won a cello by Stefano Scarampella from Mantua, dating from around 1900. In addition, she was awarded the Dr. Alexander Sikorski Scholarship from the German Music Life Foundation.<\/p>\n<p>Charlotte\u2019s concert activities include, among others: performances as a soloist at the Laeiszhalle and the Elbphilharmonie in Hamburg, at the Tonhalle in Du\u0308sseldorf, at the Sommerliche Musiktage in Hitzacker, at the Kammermusiktage in Hohenems, as well as solo performances with the NDR Radio Philharmonic Orchestra at the Konzerthaus Hannover, with the Bavarian State Orchestra in Munich, with the Sion Festival Orchestra at the Sion Violon Festival, with the G\u00f6ttingen Symphony Orchestra, and under the baton of Prof. David Geringas at the Berlin Philharmonie.<\/p>\n<p>In 2024, Charlotte made her debut at Carnegie Hall as a soloist with the Orchestra of St. Luke\u2019s New York.<\/p>\n<p>In December 2025, she performed again as a soloist at the Laeiszhalle and the Elbphilharmonie. In addition, in early December she performed as a soloist with the Baltic Sea Philharmonic on a concert tour with appearances at venues including the Berlin Philharmonic, the Liederhalle Stuttgart, the Georg Friedrich H\u00e4ndel Halle in Halle, and the HCC Hannover.<\/p>\n<p>At the program presentation for the \u201cHeidelberger Fru\u0308hling\u201d Festival and at the IFF anniversary concert in Hannover in 2025, Charlotte performed in a duo with Igor Levit.<\/p>\n<p>In March 2026, she performed a duo recital with pianist Elisabeth Brau\u00df at the \u201cHeidelberger Fru\u0308hling\u201d festival.<\/p>\n<p>Since 2026, Charlotte has been the youngest scholarship recipient of the Anne-Sophie Mutter Foundation.<\/p>\n<p>In June 2026, Charlotte will perform as a soloist at the \u201cConcert for Humanity\u201d benefit concert with the Kiev Symphony Orchestra at the Elbphilharmonie.<\/p>\n<p>Under the baton of Robert Trevino, Charlotte will open the Usedom Music Festival in September 2026.<\/p>\n<p>She will also perform at this year\u2019s Gezeiten Festival.<\/p>\n<p>[\/et_pb_text][et_pb_button button_url=&#8221;\/en\/scholarship-holders\/&#8221; button_text=&#8221;Back&#8221; button_alignment=&#8221;left&#8221; _builder_version=&#8221;4.27.4&#8243; _module_preset=&#8221;default&#8221; custom_button=&#8221;on&#8221; button_text_size=&#8221;16px&#8221; button_text_color=&#8221;#d86ca6&#8243; button_border_width=&#8221;2px&#8221; button_border_color=&#8221;#d86ca6&#8243; button_border_radius=&#8221;0px&#8221; button_icon=&#8221;&#x24;||divi||400&#8243; button_icon_color=&#8221;#d86ca6&#8243; custom_margin=&#8221;20px||||false|false&#8221; global_colors_info=&#8221;{}&#8221;][\/et_pb_button][\/et_pb_column][\/et_pb_row][\/et_pb_section]<\/p>\n","protected":false},"excerpt":{"rendered":"<p>THE SCHOLARSHIP HOLDERSVioloncello Charlotte Melkonian Charlotte Melkonian, born in 2013, began playing the cello at the age of four and received her first cello lessons at the Cello Academy Hamburg [&hellip;]<\/p>\n","protected":false},"author":3,"featured_media":0,"parent":0,"menu_order":0,"comment_status":"closed","ping_status":"closed","template":"","meta":{"_acf_changed":false,"_et_pb_use_builder":"on","_et_pb_old_content":"<p>[et_pb_section fb_built=\"1\" fullwidth=\"on\" _builder_version=\"4.27.4\" _module_preset=\"default\" custom_margin=\"0px||0px||false|false\" custom_padding=\"0px||0px||false|false\" global_colors_info=\"{}\"][et_pb_fullwidth_image src=\"https:\/\/www.anne-sophie-mutter.de\/wp-content\/uploads\/2025\/05\/Header_Stiftung_D_smal-2.jpg\" title_text=\"Header_Stiftung_D_smal\" _builder_version=\"4.27.4\" _module_preset=\"default\" global_colors_info=\"{}\"][\/et_pb_fullwidth_image][\/et_pb_section][et_pb_section fb_built=\"1\" admin_label=\"Die Stip\" _builder_version=\"4.27.4\" _module_preset=\"default\" background_color=\"#eff0ff\" background_image=\"https:\/\/www.anne-sophie-mutter.de\/wp-content\/uploads\/2025\/06\/farbflaeche_die-stipendiaten_1.jpg\" parallax=\"on\" custom_margin=\"100px||0px||false|false\" custom_padding=\"100px||100px||false|false\" locked=\"off\" global_colors_info=\"{}\"][et_pb_row _builder_version=\"4.27.4\" _module_preset=\"default\" custom_margin=\"0px||100px||false|false\" custom_padding=\"0px||0px||false|false\" global_colors_info=\"{}\"][et_pb_column type=\"4_4\" _builder_version=\"4.27.4\" _module_preset=\"default\" global_colors_info=\"{}\"][et_pb_text _builder_version=\"4.27.4\" _module_preset=\"default\" text_font=\"--et_global_body_font||||||||\" text_text_color=\"#ffffff\" text_font_size=\"60px\" text_line_height=\"0.7em\" header_text_color=\"#FFFFFF\" header_font_size=\"50px\" header_line_height=\"0.7em\" header_2_font=\"Open Sans|700|||||||\" header_2_text_color=\"#d86ca6\" header_2_font_size=\"30px\" background_color=\"#FFFFFF\" width=\"230px\" height=\"230px\" custom_margin=\"0px||0px|0px|false|false\" custom_padding=\"10px||0px|15px|false|false\" border_width_all=\"1px\" border_color_all=\"#c128a8\" global_colors_info=\"{}\"]<\/p><h2>DIE <br \/>STIPEN-DIATEN<\/h2><p>[\/et_pb_text][\/et_pb_column][\/et_pb_row][et_pb_row column_structure=\"3_4,1_4\" use_custom_gutter=\"on\" admin_label=\"Hwayoon Lee\" _builder_version=\"4.27.4\" _module_preset=\"default\" custom_margin=\"0px||40px||false|false\" custom_padding=\"0px|0px|0px|0px|false|false\" global_colors_info=\"{}\"][et_pb_column type=\"3_4\" _builder_version=\"4.27.4\" _module_preset=\"default\" background_color=\"RGBA(255,255,255,0)\" global_colors_info=\"{}\"][et_pb_text _builder_version=\"4.27.4\" _module_preset=\"default\" text_line_height=\"1.5em\" header_2_font=\"Open Sans|700|||||||\" header_2_text_color=\"#d86ca6\" header_5_font=\"Open Sans|600|||||||\" header_5_text_color=\"#005c8c\" header_5_font_size=\"18px\" background_color=\"#FFFFFF\" custom_margin=\"0px|0px|0px|0px|false|false\" custom_padding=\"10px|20px|30px|20px|false|false\" global_colors_info=\"{}\"]<b>Viola<\/b><\/p><h2>Hwayoon Lee<\/h2><p><em><strong>Technische Virtuosit\u00e4t machte Hwayoon Lee (*1996) schon als Kind in Korea auf der Bratsche gro\u00dfen Spa\u00df, doch dass sie schon mit neun Jahren mit ihrem Lehrer Sang-Jin Kim in Seoul \u00f6ffentlich Kammermusik spielte, ist vor allem auch auf ihre starke B\u00fchnenpr\u00e4senz und k\u00fcnstlerische Sensibilit\u00e4t zur\u00fcckzuf\u00fchren. Die entwickelte sie seit ihrem dritten Lebensjahr beim koreanischen Pansori, einer speziellen \u201eKunst des Erz\u00e4hlens\u201c in ihren Auftritten mit der Pansori-Meisterin Jung-Hae Oh.\u201c<\/strong><\/em>[\/et_pb_text][\/et_pb_column][et_pb_column type=\"1_4\" _builder_version=\"4.27.4\" _module_preset=\"default\" background_color=\"#FFFFFF\" global_colors_info=\"{}\"][et_pb_image src=\"https:\/\/www.anne-sophie-mutter.de\/wp-content\/uploads\/2025\/06\/2021_Lee.jpg\" title_text=\"2021_Lee\" force_fullwidth=\"on\" _builder_version=\"4.27.4\" _module_preset=\"default\" global_colors_info=\"{}\"][\/et_pb_image][\/et_pb_column][\/et_pb_row][\/et_pb_section][et_pb_section fb_built=\"1\" _builder_version=\"4.27.4\" _module_preset=\"default\" global_colors_info=\"{}\"][et_pb_row column_structure=\"3_5,2_5\" _builder_version=\"4.27.4\" _module_preset=\"default\" global_colors_info=\"{}\"][et_pb_column type=\"3_5\" _builder_version=\"4.27.4\" _module_preset=\"default\" global_colors_info=\"{}\"][et_pb_text _builder_version=\"4.27.4\" _module_preset=\"default\" global_colors_info=\"{}\"]<\/p><p>Hwayoon Lee kontaktierte Anne-Sophie Mutter im Jahr 2011 in einem Brief, der zu einer der entscheidenden musikalischen Begegnungen ihres Lebens f\u00fchren sollte. Mutter und ihre Stiftung erm\u00f6glichten der jungen Bratschistin wichtige musikalische Impulse und Erkenntnisse, u.a. bei Studienreisen nach Wien und Bonn. Die Stiftung erm\u00f6glichte Hwayoon Lee nach Abschluss ihres Studiums in Seoul ein Aufbaustudium an der Kronberg Akademie bei Nobuko Imai (2017 \u2013 2019) und das Konzertexamen bei Hartmut Rohde (2019-2023) an der Universit\u00e4t der K\u00fcnste in Berlin. Zahlreiche Preise weisen darauf hin, dass ihr Weg unter den BratschistInnen unserer Zeit ein ganz besonderer ist.<\/p><p>Seit 2012 ist Hwayoon Lee Mitglied des Solisten-Ensembles Mutter\u2019s Virtuosi von Anne-Sophie Mutter. Mit diesem Ensemble unternahm sie zahlreiche Tourneen. Die j\u00fcngste Tournee f\u00fchrte sie mit Mutter\u2019s Virtuosi im Januar 2023 von Island \u00fcber Kanada in die USA sowie im Sommer 2023 in zahlreiche europ\u00e4ische St\u00e4dte. Gemeinsam mit Anne-Sophie Mutter nahm sie 2017 das \u201eForellenquintett\u201c von Schubert auf. 2026 wird sie die \u201eKinderszenen\u201c von Yie-eun Chun, ein Auftragswerk der Anne-Sophie Mutter Stiftung, urauff\u00fchren.<\/p><p>[\/et_pb_text][\/et_pb_column][et_pb_column type=\"2_5\" _builder_version=\"4.27.4\" _module_preset=\"default\" global_colors_info=\"{}\"][\/et_pb_column][\/et_pb_row][\/et_pb_section][et_pb_section fb_built=\"1\" fullwidth=\"on\" disabled_on=\"off|off|off\" _builder_version=\"4.27.4\" _module_preset=\"default\" background_color=\"RGBA(255,255,255,0)\" background_video_mp4=\"https:\/\/www.anne-sophie-mutter.de\/wp-content\/uploads\/2025\/05\/Stipentiaten.mp4\" height=\"400px\" custom_margin=\"0px||0px||false|false\" custom_padding=\"0px||0px||false|false\" global_colors_info=\"{}\"][\/et_pb_section][et_pb_section fb_built=\"1\" _builder_version=\"4.27.4\" _module_preset=\"default\" global_colors_info=\"{}\"][et_pb_row column_structure=\"1_3,2_3\" _builder_version=\"4.27.4\" _module_preset=\"default\" global_colors_info=\"{}\"][et_pb_column type=\"1_3\" _builder_version=\"4.27.4\" _module_preset=\"default\" global_colors_info=\"{}\"][\/et_pb_column][et_pb_column type=\"2_3\" _builder_version=\"4.27.4\" _module_preset=\"default\" global_colors_info=\"{}\"][et_pb_text _builder_version=\"4.27.4\" _module_preset=\"default\" global_colors_info=\"{}\"]<\/p><p>Hwayoon Lee arbeitet regelm\u00e4\u00dfig als Solistin mit Orchestern zusammen, so bereits 2014 mit den Bamberger Symphonikern unter Manfred Honeck (Wolfgang Amadeus Mozarts \u201eSinfonia Concertante\u201c). 2023 hat Hwayoon Lee mit dem Nationalorchester Koreas das Bratschenkonzert \u201eEarth Poem\u201c (2023) von Shin-uh Lee im Nationaltheater Koreas aufgef\u00fchrt (Aufzeichnung durch Arte TV Korea). Mit der gleichen Komponistin hatte sie im Dezember 2022 eine Englandtournee mit dem Werk \u201eMoon Jar Poem\u201c unternommen, u.a. zum Jubil\u00e4um der British-Koreanischen Freundschaft in London im Rahmen des Loewe Craft Prize. Im Oktober 2023 spielte sie mit Anne-Sophie Mutter im Schloss Nymphenburg zum Geburtstag des Herzogs Franz von Bayern; im November 2023 trat sie im Van Gogh Museum in Amsterdam auf und gab in der Liederhalle Stuttgart mit dem Pianisten Thomas Hoppe ein privates Rezital. 2023 trat sie ferner beim Seoul Spring Festival, dem Kronberg Academy Festival und dem Crescendo Festival der UdK Berlin auf.<\/p><p>Zum Seoul Spring Festival kehrt sie auch 2024 zur\u00fcck; ferner tritt sie beim Musik Festival Radebeul und in Schloss Solitude in Stuttgart auf. Im Juni 2024 wird Hwayoon Lee mit dem UdK Orchester unter der Leitung von Hartmut Rohde Alfred Schnittkes \u201eMonolog\u201c f\u00fcr Viola und Streichensemble auff\u00fchren.<\/p><p>Seit August 2023 stellt die Anne-Sophie Mutter Stiftung Hwayoon Lee die ber\u00fchmte \u201eCheremetev\u201c-Bratsche zur Verf\u00fcgung. Diese wurde 1865 in der Pariser Werkstatt von Jean-Baptiste Vuillaume gebaut. Hwayoon Lee spielt einen Bogen von Benoit Rolland, ebenfalls eine Leihgabe der Anne-Sophie Mutter Stiftung.<\/p><p>M\u00e4rz 2024<\/p><p>\u00a0<\/p><p>[\/et_pb_text][\/et_pb_column][\/et_pb_row][\/et_pb_section]<\/p>","_et_gb_content_width":"","inline_featured_image":false,"footnotes":""},"class_list":["post-11718","page","type-page","status-publish","hentry"],"acf":[],"yoast_head":"<!-- This site is optimized with the Yoast SEO plugin v27.4 - https:\/\/yoast.com\/product\/yoast-seo-wordpress\/ -->\n<title>Hwayoon Lee, violist<\/title>\n<meta name=\"description\" content=\"Hwayoon Lee, violist, member of Anne-Sophie Mutter\u2019s soloist ensemble \u201cMutter\u2019s Virtuosi\u201d since 2012.\" \/>\n<meta name=\"robots\" content=\"index, follow, max-snippet:-1, max-image-preview:large, max-video-preview:-1\" \/>\n<link rel=\"canonical\" href=\"https:\/\/www.anne-sophie-mutter.de\/en\/charlotte-melkonian\/\" \/>\n<meta property=\"og:locale\" content=\"en_US\" \/>\n<meta property=\"og:type\" content=\"article\" \/>\n<meta property=\"og:title\" content=\"Hwayoon Lee, violist\" \/>\n<meta property=\"og:description\" content=\"Hwayoon Lee, violist, member of Anne-Sophie Mutter\u2019s soloist ensemble \u201cMutter\u2019s Virtuosi\u201d since 2012.\" \/>\n<meta property=\"og:site_name\" content=\"Anne-Sophie Mutter - official website\" \/>\n<meta property=\"article:modified_time\" content=\"2026-04-22T08:33:25+00:00\" \/>\n<meta name=\"twitter:card\" content=\"summary_large_image\" \/>\n<meta name=\"twitter:label1\" content=\"Est. reading time\" \/>\n\t<meta name=\"twitter:data1\" content=\"4 minutes\" \/>\n<script type=\"application\/ld+json\" class=\"yoast-schema-graph\">{\"@context\":\"https:\\\/\\\/schema.org\",\"@graph\":[{\"@type\":\"WebPage\",\"@id\":\"https:\\\/\\\/www.anne-sophie-mutter.de\\\/en\\\/charlotte-melkonian\\\/\",\"url\":\"https:\\\/\\\/www.anne-sophie-mutter.de\\\/en\\\/charlotte-melkonian\\\/\",\"name\":\"Hwayoon Lee, violist\",\"isPartOf\":{\"@id\":\"https:\\\/\\\/www.anne-sophie-mutter.de\\\/en\\\/#website\"},\"datePublished\":\"2026-04-22T08:27:14+00:00\",\"dateModified\":\"2026-04-22T08:33:25+00:00\",\"description\":\"Hwayoon Lee, violist, member of Anne-Sophie Mutter\u2019s soloist ensemble \u201cMutter\u2019s Virtuosi\u201d since 2012.\",\"breadcrumb\":{\"@id\":\"https:\\\/\\\/www.anne-sophie-mutter.de\\\/en\\\/charlotte-melkonian\\\/#breadcrumb\"},\"inLanguage\":\"en-US\",\"potentialAction\":[{\"@type\":\"ReadAction\",\"target\":[\"https:\\\/\\\/www.anne-sophie-mutter.de\\\/en\\\/charlotte-melkonian\\\/\"]}]},{\"@type\":\"BreadcrumbList\",\"@id\":\"https:\\\/\\\/www.anne-sophie-mutter.de\\\/en\\\/charlotte-melkonian\\\/#breadcrumb\",\"itemListElement\":[{\"@type\":\"ListItem\",\"position\":1,\"name\":\"Startseite\",\"item\":\"https:\\\/\\\/www.anne-sophie-mutter.de\\\/en\\\/\"},{\"@type\":\"ListItem\",\"position\":2,\"name\":\"Charlotte Melkonian\"}]},{\"@type\":\"WebSite\",\"@id\":\"https:\\\/\\\/www.anne-sophie-mutter.de\\\/en\\\/#website\",\"url\":\"https:\\\/\\\/www.anne-sophie-mutter.de\\\/en\\\/\",\"name\":\"Anne-Sophie Mutter - official website\",\"description\":\"\",\"potentialAction\":[{\"@type\":\"SearchAction\",\"target\":{\"@type\":\"EntryPoint\",\"urlTemplate\":\"https:\\\/\\\/www.anne-sophie-mutter.de\\\/en\\\/?s={search_term_string}\"},\"query-input\":{\"@type\":\"PropertyValueSpecification\",\"valueRequired\":true,\"valueName\":\"search_term_string\"}}],\"inLanguage\":\"en-US\"}]}<\/script>\n<!-- \/ Yoast SEO plugin. -->","yoast_head_json":{"title":"Hwayoon Lee, violist","description":"Hwayoon Lee, violist, member of Anne-Sophie Mutter\u2019s soloist ensemble \u201cMutter\u2019s Virtuosi\u201d since 2012.","robots":{"index":"index","follow":"follow","max-snippet":"max-snippet:-1","max-image-preview":"max-image-preview:large","max-video-preview":"max-video-preview:-1"},"canonical":"https:\/\/www.anne-sophie-mutter.de\/en\/charlotte-melkonian\/","og_locale":"en_US","og_type":"article","og_title":"Hwayoon Lee, violist","og_description":"Hwayoon Lee, violist, member of Anne-Sophie Mutter\u2019s soloist ensemble \u201cMutter\u2019s Virtuosi\u201d since 2012.","og_site_name":"Anne-Sophie Mutter - official website","article_modified_time":"2026-04-22T08:33:25+00:00","twitter_card":"summary_large_image","twitter_misc":{"Est. reading time":"4 minutes"},"schema":{"@context":"https:\/\/schema.org","@graph":[{"@type":"WebPage","@id":"https:\/\/www.anne-sophie-mutter.de\/en\/charlotte-melkonian\/","url":"https:\/\/www.anne-sophie-mutter.de\/en\/charlotte-melkonian\/","name":"Hwayoon Lee, violist","isPartOf":{"@id":"https:\/\/www.anne-sophie-mutter.de\/en\/#website"},"datePublished":"2026-04-22T08:27:14+00:00","dateModified":"2026-04-22T08:33:25+00:00","description":"Hwayoon Lee, violist, member of Anne-Sophie Mutter\u2019s soloist ensemble \u201cMutter\u2019s Virtuosi\u201d since 2012.","breadcrumb":{"@id":"https:\/\/www.anne-sophie-mutter.de\/en\/charlotte-melkonian\/#breadcrumb"},"inLanguage":"en-US","potentialAction":[{"@type":"ReadAction","target":["https:\/\/www.anne-sophie-mutter.de\/en\/charlotte-melkonian\/"]}]},{"@type":"BreadcrumbList","@id":"https:\/\/www.anne-sophie-mutter.de\/en\/charlotte-melkonian\/#breadcrumb","itemListElement":[{"@type":"ListItem","position":1,"name":"Startseite","item":"https:\/\/www.anne-sophie-mutter.de\/en\/"},{"@type":"ListItem","position":2,"name":"Charlotte Melkonian"}]},{"@type":"WebSite","@id":"https:\/\/www.anne-sophie-mutter.de\/en\/#website","url":"https:\/\/www.anne-sophie-mutter.de\/en\/","name":"Anne-Sophie Mutter - official website","description":"","potentialAction":[{"@type":"SearchAction","target":{"@type":"EntryPoint","urlTemplate":"https:\/\/www.anne-sophie-mutter.de\/en\/?s={search_term_string}"},"query-input":{"@type":"PropertyValueSpecification","valueRequired":true,"valueName":"search_term_string"}}],"inLanguage":"en-US"}]}},"_links":{"self":[{"href":"https:\/\/www.anne-sophie-mutter.de\/en\/wp-json\/wp\/v2\/pages\/11718","targetHints":{"allow":["GET"]}}],"collection":[{"href":"https:\/\/www.anne-sophie-mutter.de\/en\/wp-json\/wp\/v2\/pages"}],"about":[{"href":"https:\/\/www.anne-sophie-mutter.de\/en\/wp-json\/wp\/v2\/types\/page"}],"author":[{"embeddable":true,"href":"https:\/\/www.anne-sophie-mutter.de\/en\/wp-json\/wp\/v2\/users\/3"}],"replies":[{"embeddable":true,"href":"https:\/\/www.anne-sophie-mutter.de\/en\/wp-json\/wp\/v2\/comments?post=11718"}],"version-history":[{"count":4,"href":"https:\/\/www.anne-sophie-mutter.de\/en\/wp-json\/wp\/v2\/pages\/11718\/revisions"}],"predecessor-version":[{"id":11724,"href":"https:\/\/www.anne-sophie-mutter.de\/en\/wp-json\/wp\/v2\/pages\/11718\/revisions\/11724"}],"wp:attachment":[{"href":"https:\/\/www.anne-sophie-mutter.de\/en\/wp-json\/wp\/v2\/media?parent=11718"}],"curies":[{"name":"wp","href":"https:\/\/api.w.org\/{rel}","templated":true}]}}