{"id":5465,"date":"2025-08-03T21:08:01","date_gmt":"2025-08-03T19:08:01","guid":{"rendered":"https:\/\/www.anne-sophie-mutter.de\/?page_id=5465"},"modified":"2025-10-21T16:20:26","modified_gmt":"2025-10-21T14:20:26","slug":"dominik-wagner","status":"publish","type":"page","link":"https:\/\/www.anne-sophie-mutter.de\/en\/dominik-wagner\/","title":{"rendered":"Dominik Wagner"},"content":{"rendered":"<p>[et_pb_section fb_built=&#8221;1&#8243; fullwidth=&#8221;on&#8221; _builder_version=&#8221;4.27.4&#8243; _module_preset=&#8221;default&#8221; custom_margin=&#8221;0px||0px||false|false&#8221; custom_padding=&#8221;0px||0px||false|false&#8221; global_colors_info=&#8221;{}&#8221;][et_pb_fullwidth_image src=&#8221;https:\/\/www.anne-sophie-mutter.de\/wp-content\/uploads\/2025\/05\/Header_Stiftung_D_smal-2.jpg&#8221; alt=&#8221;Stiftung&#8221; title_text=&#8221;Stiftung&#8221; src_tablet=&#8221;https:\/\/www.anne-sophie-mutter.de\/wp-content\/uploads\/2025\/05\/Header_Stiftung_D_smal-2.jpg&#8221; src_phone=&#8221;https:\/\/www.anne-sophie-mutter.de\/wp-content\/uploads\/2025\/09\/Header_Stiftung_D_mob.jpg&#8221; src_last_edited=&#8221;on|phone&#8221; _builder_version=&#8221;4.27.4&#8243; _module_preset=&#8221;default&#8221; global_colors_info=&#8221;{}&#8221;][\/et_pb_fullwidth_image][\/et_pb_section][et_pb_section fb_built=&#8221;1&#8243; admin_label=&#8221;Die Stip&#8221; _builder_version=&#8221;4.27.4&#8243; _module_preset=&#8221;default&#8221; background_color=&#8221;#eff0ff&#8221; background_image=&#8221;https:\/\/www.anne-sophie-mutter.de\/wp-content\/uploads\/2025\/08\/farbflache_THE-SCHOLARSHIP-HOLDERS_1.jpg&#8221; parallax=&#8221;on&#8221; custom_margin=&#8221;100px||0px||false|false&#8221; custom_padding=&#8221;100px||100px||false|false&#8221; locked=&#8221;off&#8221; global_colors_info=&#8221;{}&#8221;][et_pb_row _builder_version=&#8221;4.27.4&#8243; _module_preset=&#8221;default&#8221; custom_margin=&#8221;0px||100px||false|false&#8221; custom_padding=&#8221;0px||0px||false|false&#8221; global_colors_info=&#8221;{}&#8221;][et_pb_column type=&#8221;4_4&#8243; _builder_version=&#8221;4.27.4&#8243; _module_preset=&#8221;default&#8221; global_colors_info=&#8221;{}&#8221;][et_pb_text _builder_version=&#8221;4.27.4&#8243; _module_preset=&#8221;default&#8221; text_font=&#8221;&#8211;et_global_body_font||||||||&#8221; text_text_color=&#8221;#ffffff&#8221; text_font_size=&#8221;60px&#8221; text_line_height=&#8221;0.7em&#8221; header_text_color=&#8221;#FFFFFF&#8221; header_font_size=&#8221;50px&#8221; header_line_height=&#8221;0.7em&#8221; header_2_font=&#8221;Open Sans|700|||||||&#8221; header_2_text_color=&#8221;#d86ca6&#8243; header_2_font_size=&#8221;30px&#8221; background_color=&#8221;#FFFFFF&#8221; width=&#8221;230px&#8221; height=&#8221;230px&#8221; custom_margin=&#8221;0px||0px|0px|false|false&#8221; custom_padding=&#8221;10px||0px|15px|false|false&#8221; border_width_all=&#8221;1px&#8221; border_color_all=&#8221;#c128a8&#8243; global_colors_info=&#8221;{}&#8221;]<\/p>\n<h2>THE SCHOLARSHIP HOLDERS<\/h2>\n<p>[\/et_pb_text][\/et_pb_column][\/et_pb_row][et_pb_row column_structure=&#8221;3_4,1_4&#8243; use_custom_gutter=&#8221;on&#8221; admin_label=&#8221;Dominik Wagner&#8221; _builder_version=&#8221;4.27.4&#8243; _module_preset=&#8221;default&#8221; custom_margin=&#8221;0px||40px||false|false&#8221; custom_padding=&#8221;0px|0px|0px|0px|false|false&#8221; global_colors_info=&#8221;{}&#8221;][et_pb_column type=&#8221;3_4&#8243; _builder_version=&#8221;4.27.4&#8243; _module_preset=&#8221;default&#8221; background_color=&#8221;#FFFFFF&#8221; global_colors_info=&#8221;{}&#8221;][et_pb_text _builder_version=&#8221;4.27.4&#8243; _module_preset=&#8221;default&#8221; text_line_height=&#8221;1.5em&#8221; header_2_font=&#8221;Open Sans|700|||||||&#8221; header_2_text_color=&#8221;#d86ca6&#8243; header_5_font=&#8221;Open Sans|600|||||||&#8221; header_5_text_color=&#8221;#005c8c&#8221; header_5_font_size=&#8221;18px&#8221; background_color=&#8221;RGBA(255,255,255,0)&#8221; custom_margin=&#8221;0px|0px|0px|0px|false|false&#8221; custom_padding=&#8221;10px|20px|30px|20px|false|false&#8221; global_colors_info=&#8221;{}&#8221;]<\/p>\n<p><b>Double Bass<\/b><\/p>\n<h2>Dominik Wagner<\/h2>\n<p><em><strong>\u201cBorn in 1997 in Vienna, Dominik Wagner takes Bottesini\u2019s tonal beauty, vocal and melodic attractiveness so passionately serious, and masters the required artistry with such breathtaking lightness, that one would like to think the double bass is the softest-sounding and most virtuosic string instrument.\u201d<br \/><\/strong>\u2013 S\u00fcddeutsche Zeitung<\/em><\/p>\n<p>[\/et_pb_text][\/et_pb_column][et_pb_column type=&#8221;1_4&#8243; _builder_version=&#8221;4.27.4&#8243; _module_preset=&#8221;default&#8221; background_color=&#8221;RGBA(255,255,255,0)&#8221; global_colors_info=&#8221;{}&#8221;][et_pb_image src=&#8221;https:\/\/www.anne-sophie-mutter.de\/wp-content\/uploads\/2025\/08\/2023_02_Wagner.jpg&#8221; title_text=&#8221;2023_02_Wagner&#8221; force_fullwidth=&#8221;on&#8221; _builder_version=&#8221;4.27.4&#8243; _module_preset=&#8221;default&#8221; global_colors_info=&#8221;{}&#8221;][\/et_pb_image][\/et_pb_column][\/et_pb_row][\/et_pb_section][et_pb_section fb_built=&#8221;1&#8243; _builder_version=&#8221;4.27.4&#8243; _module_preset=&#8221;default&#8221; global_colors_info=&#8221;{}&#8221;][et_pb_row column_structure=&#8221;3_5,2_5&#8243; _builder_version=&#8221;4.27.4&#8243; _module_preset=&#8221;default&#8221; custom_margin_tablet=&#8221;&#8221; custom_margin_phone=&#8221;|10px||10px|false|false&#8221; custom_margin_last_edited=&#8221;on|phone&#8221; global_colors_info=&#8221;{}&#8221;][et_pb_column type=&#8221;3_5&#8243; _builder_version=&#8221;4.27.4&#8243; _module_preset=&#8221;default&#8221; global_colors_info=&#8221;{}&#8221;][et_pb_text _builder_version=&#8221;4.27.4&#8243; _module_preset=&#8221;default&#8221; global_colors_info=&#8221;{}&#8221;]<\/p>\n<p>Dominik Wagner aims to liberate his instrument from its existence in the shadow of the cello and present new facets of the double bass. He succeeds not only with an engaging stage presence,<br \/>impressive virtuosity, vocal and melodic delivery, but also through his tireless efforts to expand the<br \/>repertoire, whether through new commissions or arrangements.<\/p>\n<p>Born in 1997 in Vienna, Wagner is a scholarship recipient of the Anne-Sophie Mutter Foundation<br \/>and prize winner of the ECHO Klassik and Opus Klassik awards. He has also won prizes at almost<br \/>all double bass competitions, including the Bradetich Foundation International Double Bass Solo Competition, the ARD International Music Competition, the International Markneukirchen Competition, the International J.M. Sperger Competition, the International Bass Europe Competition, the International Bottesini Competition, the International Osaka Competition and the Eurovision Young Musicians Competition.<\/p>\n<p>As a soloist Dominik Wagner has performed with renowned orchestras such as the Bavarian Radio Symphony Orchestra, the WDR Symphony Orchestra, the Deutsche Kammerphilharmonie Bremen, the Zurich Chamber Orchestra, the Wu\u0308rttembergisches Kammerorchester Heilbronn, and the Camarata Salzburg in concert halls in Berlin (Konzerthaus and Philharmonie), Vienna (Musikverein and Konzerthaus), Munich (Herkulessaal and Gasteig), Hamburg (Elbphilharmonie), and New York (Carnegie Hall), among others.<\/p>\n<p>[\/et_pb_text][\/et_pb_column][et_pb_column type=&#8221;2_5&#8243; _builder_version=&#8221;4.27.4&#8243; _module_preset=&#8221;default&#8221; global_colors_info=&#8221;{}&#8221;][\/et_pb_column][\/et_pb_row][\/et_pb_section][et_pb_section fb_built=&#8221;1&#8243; fullwidth=&#8221;on&#8221; disabled_on=&#8221;off|off|off&#8221; _builder_version=&#8221;4.27.4&#8243; _module_preset=&#8221;default&#8221; background_color=&#8221;RGBA(255,255,255,0)&#8221; background_video_mp4=&#8221;https:\/\/www.anne-sophie-mutter.de\/wp-content\/uploads\/2025\/05\/Stipentiaten.mp4&#8243; height=&#8221;400px&#8221; custom_margin=&#8221;0px||0px||false|false&#8221; custom_padding=&#8221;0px||0px||false|false&#8221; global_colors_info=&#8221;{}&#8221;][\/et_pb_section][et_pb_section fb_built=&#8221;1&#8243; admin_label=&#8221;Sektion&#8221; _builder_version=&#8221;4.27.4&#8243; _module_preset=&#8221;default&#8221; global_colors_info=&#8221;{}&#8221;][et_pb_row column_structure=&#8221;1_3,2_3&#8243; _builder_version=&#8221;4.27.4&#8243; _module_preset=&#8221;default&#8221; custom_margin_tablet=&#8221;&#8221; custom_margin_phone=&#8221;|10px||10px|false|false&#8221; custom_margin_last_edited=&#8221;on|phone&#8221; global_colors_info=&#8221;{}&#8221;][et_pb_column type=&#8221;1_3&#8243; _builder_version=&#8221;4.27.4&#8243; _module_preset=&#8221;default&#8221; global_colors_info=&#8221;{}&#8221;][\/et_pb_column][et_pb_column type=&#8221;2_3&#8243; _builder_version=&#8221;4.27.4&#8243; _module_preset=&#8221;default&#8221; global_colors_info=&#8221;{}&#8221;][et_pb_text _builder_version=&#8221;4.27.4&#8243; _module_preset=&#8221;default&#8221; global_colors_info=&#8221;{}&#8221;]<\/p>\n<p>In 2021, Wagner&#8217;s first solo CD &#8220;Giovanni Bottesini &#8211; Revolution of Bass&#8221; was released by Berlin Classics. It was followed by two more albums, &#8220;Chapters &#8211; A Double Bass Story,&#8221; duo repertoire with Lauma Skride, and &#8220;Double Bass Rhapsody,&#8221; a set of his own arrangements for double basssolo and ensemble. He was also part of many chamber music recordings.<\/p>\n<p>In addition to his solo activities, Dominik is a passionate chamber musician. He has played with musicians like the Emerson String Quartet, the Danish String Quartet, Julia Fischer, Isabel Faust, Tabea Zimmermann, Janine Jansen and Elisabeth Leonskaja. To expand the repertoire further, he is constantly searching for new timbres through new constellations, one of them being the clarinet trio with Vera Karner and Aurelia Visovan, with which he won the Fanny Mendelssohn F\u00f6rderpreis.<\/p>\n<p>Wagner is also a sought-after pedagogue. Since 2023 he has held a professorship for double bass at the University of Music Wu\u0308rzburg, since 2024 his second professorship at the University of Music and Performing Arts Vienna. Also, he regularly gives masterclasses in Europe and the US, which have led him to institutions like the Juilliard School New York, the Peabody Institute of the Johns Hopkins University, and the UNT Texas.<\/p>\n<p>Dominik Wagner first learned the cello before switching to the double bass in 2007. His four years in the concert choir of the Vienna Boys Choir were a formative musical influence. From 2009 to 2015, he studied at the University of Music and Performing Arts Vienna, and from 2015 to 2022, he studied with Prof. Dorin Marc at the University of Music Nu\u0308rnberg. To expand his studies further, he was also the first double bassist to study at the Kronberg Academy as part of their professional studies program, which he finished in 2025.<\/p>\n<p>September 2025<\/p>\n<p>Photo: Maria Frodl<\/p>\n<p><a href=\"https:\/\/dominikemanuelwagner.com\/\" target=\"_blank\" rel=\"noreferrer noopener\">Website<\/a><\/p>\n<p>[\/et_pb_text][et_pb_button button_url=&#8221;\/en\/scholarship-holders\/&#8221; button_text=&#8221;Back&#8221; button_alignment=&#8221;left&#8221; _builder_version=&#8221;4.27.4&#8243; _module_preset=&#8221;default&#8221; custom_button=&#8221;on&#8221; button_text_size=&#8221;16px&#8221; button_text_color=&#8221;#d86ca6&#8243; button_border_width=&#8221;2px&#8221; button_border_color=&#8221;#d86ca6&#8243; button_border_radius=&#8221;0px&#8221; button_icon=&#8221;&#x24;||divi||400&#8243; button_icon_color=&#8221;#d86ca6&#8243; custom_margin=&#8221;20px||||false|false&#8221; global_colors_info=&#8221;{}&#8221;][\/et_pb_button][\/et_pb_column][\/et_pb_row][\/et_pb_section]<\/p>\n","protected":false},"excerpt":{"rendered":"<p>THE SCHOLARSHIP HOLDERSDouble Bass Dominik Wagner \u201cBorn in 1997 in Vienna, Dominik Wagner takes Bottesini\u2019s tonal beauty, vocal and melodic attractiveness so passionately serious, and masters the required artistry with [&hellip;]<\/p>\n","protected":false},"author":2,"featured_media":0,"parent":0,"menu_order":0,"comment_status":"closed","ping_status":"closed","template":"","meta":{"_acf_changed":false,"_et_pb_use_builder":"on","_et_pb_old_content":"<p>[et_pb_section fb_built=\"1\" fullwidth=\"on\" _builder_version=\"4.27.4\" _module_preset=\"default\" custom_margin=\"0px||0px||false|false\" custom_padding=\"0px||0px||false|false\" global_colors_info=\"{}\"][et_pb_fullwidth_image src=\"https:\/\/www.anne-sophie-mutter.de\/wp-content\/uploads\/2025\/05\/Header_Stiftung_D_smal-2.jpg\" title_text=\"Header_Stiftung_D_smal\" _builder_version=\"4.27.4\" _module_preset=\"default\" global_colors_info=\"{}\"][\/et_pb_fullwidth_image][\/et_pb_section][et_pb_section fb_built=\"1\" admin_label=\"Die Stip\" _builder_version=\"4.27.4\" _module_preset=\"default\" background_color=\"#eff0ff\" background_image=\"https:\/\/www.anne-sophie-mutter.de\/wp-content\/uploads\/2025\/06\/farbflaeche_die-stipendiaten_1.jpg\" parallax=\"on\" custom_margin=\"100px||0px||false|false\" custom_padding=\"100px||100px||false|false\" locked=\"off\" global_colors_info=\"{}\"][et_pb_row _builder_version=\"4.27.4\" _module_preset=\"default\" custom_margin=\"0px||100px||false|false\" custom_padding=\"0px||0px||false|false\" global_colors_info=\"{}\"][et_pb_column type=\"4_4\" _builder_version=\"4.27.4\" _module_preset=\"default\" global_colors_info=\"{}\"][et_pb_text _builder_version=\"4.27.4\" _module_preset=\"default\" text_font=\"--et_global_body_font||||||||\" text_text_color=\"#ffffff\" text_font_size=\"60px\" text_line_height=\"0.7em\" header_text_color=\"#FFFFFF\" header_font_size=\"50px\" header_line_height=\"0.7em\" header_2_font=\"Open Sans|700|||||||\" header_2_text_color=\"#d86ca6\" header_2_font_size=\"30px\" background_color=\"#FFFFFF\" width=\"230px\" height=\"230px\" custom_margin=\"0px||0px|0px|false|false\" custom_padding=\"10px||0px|15px|false|false\" border_width_all=\"1px\" border_color_all=\"#c128a8\" global_colors_info=\"{}\"]<\/p><h2>DIE <br \/>STIPEN-DIATEN<\/h2><p>[\/et_pb_text][\/et_pb_column][\/et_pb_row][et_pb_row column_structure=\"3_4,1_4\" use_custom_gutter=\"on\" admin_label=\"Dominik Wagner\" _builder_version=\"4.27.4\" _module_preset=\"default\" custom_margin=\"0px||40px||false|false\" custom_padding=\"0px|0px|0px|0px|false|false\" global_colors_info=\"{}\"][et_pb_column type=\"3_4\" _builder_version=\"4.27.4\" _module_preset=\"default\" background_color=\"#FFFFFF\" global_colors_info=\"{}\"][et_pb_text _builder_version=\"4.27.4\" _module_preset=\"default\" text_line_height=\"1.5em\" header_2_font=\"Open Sans|700|||||||\" header_2_text_color=\"#d86ca6\" header_5_font=\"Open Sans|600|||||||\" header_5_text_color=\"#005c8c\" header_5_font_size=\"18px\" background_color=\"RGBA(255,255,255,0)\" custom_margin=\"0px|0px|0px|0px|false|false\" custom_padding=\"10px|20px|30px|20px|false|false\" hover_enabled=\"0\" global_colors_info=\"{}\" sticky_enabled=\"0\"]<\/p><p><b>Kontrabass<\/b><\/p><h2>Dominik Wagner<\/h2><p><em><strong>\u201eDer 1997 in Wien geborene Dominik Wagner nimmt Bottesinis Klangsch\u00f6nheit, Gesanglichkeit und melodische Attraktivit\u00e4t so leidenschaftlich ernst und meistert die geforderte Artistik so atemverschlagend leichtf\u00fc\u00dfig, dass man den Kontrabass f\u00fcr das sanftest klingende und virtuoseste Streichinstrument halten m\u00f6chte.\u201c<br \/><\/strong>\u2013 S\u00fcddeutsche Zeitung<\/em><\/p><p>[\/et_pb_text][\/et_pb_column][et_pb_column type=\"1_4\" _builder_version=\"4.27.4\" _module_preset=\"default\" background_color=\"#FFFFFF\" global_colors_info=\"{}\"][et_pb_image src=\"https:\/\/www.anne-sophie-mutter.de\/wp-content\/uploads\/2025\/08\/2023_02_Wagner.jpg\" title_text=\"2023_02_Wagner\" force_fullwidth=\"on\" _builder_version=\"4.27.4\" _module_preset=\"default\" global_colors_info=\"{}\"][\/et_pb_image][\/et_pb_column][\/et_pb_row][\/et_pb_section][et_pb_section fb_built=\"1\" _builder_version=\"4.27.4\" _module_preset=\"default\" global_colors_info=\"{}\"][et_pb_row column_structure=\"3_5,2_5\" _builder_version=\"4.27.4\" _module_preset=\"default\" global_colors_info=\"{}\"][et_pb_column type=\"3_5\" _builder_version=\"4.27.4\" _module_preset=\"default\" global_colors_info=\"{}\"][et_pb_text _builder_version=\"4.27.4\" _module_preset=\"default\" global_colors_info=\"{}\"]Dominik Wagner m\u00f6chte sein Instrument aus dem Schattendasein des Cellos befreien und neue Facetten des Kontrabasses pr\u00e4sentieren. Dies gelingt ihm nicht nur mit einnehmender B\u00fchnenpr\u00e4senz, beeindruckender Virtuosit\u00e4t und gesanglicher Melodief\u00fchrung, sondern auch mit einem unerm\u00fcdlichen Einsatz zur Erweiterung des Repertoires, ob durch Kompositionsauftr\u00e4ge oder eigene Arrangements.<\/p><p>Mit gerade einmal Mitte 20 ist Wagner Stipendiat der Anne-Sophie Mutter Stiftung und ECHO Klassik Gewinner, 2022 wurde er zudem mit dem Opus Klassik als Nachwuchsk\u00fcnstler des Jahres ausgezeichnet. Zudem ist er Preistr\u00e4ger bei nahezu allen Kontrabasswettbewerben, wie der Bradetich Foundation International Double Bass Solo Competition, dem Internationalen Musikwettbewerb der ARD und dem Eurovision Young Musicians Wettbewerb.<\/p><p>Dominik Wagner trat bereits mit renommierten Orchestern wie dem Sinfonieorchester des Bayerischen Rundfunks, dem WDR- Sinfonieorchester sowie der Deutschen Kammerphilharmonie Bremen und in Konzerts\u00e4len in u.a. Wien (Musikverein und Konzerthaus), Berlin (Konzerthaus), M\u00fcnchen (Herkulessaal) und Hamburg (Elbphilharmonie) auf. Dem W\u00fcrttembergischen Kammerorchester ist er als WKO Young Artist verbunden.[\/et_pb_text][\/et_pb_column][et_pb_column type=\"2_5\" _builder_version=\"4.27.4\" _module_preset=\"default\" global_colors_info=\"{}\"][\/et_pb_column][\/et_pb_row][\/et_pb_section][et_pb_section fb_built=\"1\" fullwidth=\"on\" disabled_on=\"off|off|off\" _builder_version=\"4.27.4\" _module_preset=\"default\" background_color=\"RGBA(255,255,255,0)\" background_video_mp4=\"https:\/\/www.anne-sophie-mutter.de\/wp-content\/uploads\/2025\/05\/Stipentiaten.mp4\" height=\"400px\" custom_margin=\"0px||0px||false|false\" custom_padding=\"0px||0px||false|false\" global_colors_info=\"{}\"][\/et_pb_section][et_pb_section fb_built=\"1\" admin_label=\"Sektion\" _builder_version=\"4.27.4\" _module_preset=\"default\" global_colors_info=\"{}\"][et_pb_row column_structure=\"1_3,2_3\" _builder_version=\"4.27.4\" _module_preset=\"default\" global_colors_info=\"{}\"][et_pb_column type=\"1_3\" _builder_version=\"4.27.4\" _module_preset=\"default\" global_colors_info=\"{}\"][\/et_pb_column][et_pb_column type=\"2_3\" _builder_version=\"4.27.4\" _module_preset=\"default\" global_colors_info=\"{}\"][et_pb_text _builder_version=\"4.27.4\" _module_preset=\"default\" global_colors_info=\"{}\"]<\/p><p>2021 wurde Wagners erste Solo-CD \u201eGiovanni Bottesini \u2013 Revolution of Bass\u201c bei Berlin Classics ver\u00f6ffentlicht. Au\u00dferdem standen Auff\u00fchrungen des f\u00fcr ihn geschriebenen Kontrabasskonzertes von Georg Breinschmid mit der Camerata Salzburg und dem W\u00fcrttembergischen Kammerorchester Heilbronn sowie mehrere Urauff\u00fchrungen, unter anderem von Wolfram Wagner in der Elbphilharmonie Hamburg auf dem Plan.<\/p><p>In der Saison 22\/23 geht es f\u00fcr Dominik Wagner gleich zweimal auf USA-Tournee: Einmal \u00fcber die Bradetich Foundation \u2013 in diesem Rahmen wird er auch sein Deb\u00fct-Rezital in der Carnegie Hall spielen \u2013 und einmal zusammen mit dem Ensemble Mutters Virtuosi \u00fcber die Anne-Sophie Mutter Stiftung.<\/p><p>Neben seinen solistischen Aktivit\u00e4ten ist Dominik ein leidenschaftlicher Kammermusiker und sucht stetig nach neuen Klangfarben durch neue Besetzungskonstellationen. Dadurch entstanden ein Duo mit dem Jazz Kontrabassisten Georg Breinschmid sowie ein Klarinettentrio mit Vera Karner und Aurelia Visovan. Mit letzterem gewann er unter anderem den Fanny Mendelssohn-F\u00f6rderpreis.<\/p><p>Dominik Wagner wurde zun\u00e4chst als Cellist ausgebildet, bevor er 2007 zum Kontrabass wechselte. Einen pr\u00e4genden musikalischen Einfluss hinterlie\u00dfen seine 4 Jahre im Konzertchor der Wiener S\u00e4ngerknaben. Von 2009 bis 2015 hatte er Unterricht an der Wiener Musikuniversit\u00e4t bei Prof. Josef Niederhammer und Mag. Werner Fleischmann, von 2015 bis 2022 bei Prof. Dorin Marc an der HfM N\u00fcrnberg. Zudem gibt er bereits regelm\u00e4\u00dfig Meisterkurse in Europa und den USA, an Institutionen wie der Julliard School, dem Peabody Institut der Johns Hopkins Universit\u00e4t, oder der UNT Texas.<\/p><p>Februar 2023<\/p><p>Foto: Maria Frodl<\/p><p><a href=\"https:\/\/dominikemanuelwagner.com\/\" target=\"_blank\" rel=\"noreferrer noopener\">Webseite<\/a><\/p><p>[\/et_pb_text][\/et_pb_column][\/et_pb_row][\/et_pb_section]<\/p>","_et_gb_content_width":"","inline_featured_image":false,"footnotes":""},"class_list":["post-5465","page","type-page","status-publish","hentry"],"acf":[],"yoast_head":"<!-- This site is optimized with the Yoast SEO plugin v27.2 - https:\/\/yoast.com\/product\/yoast-seo-wordpress\/ -->\n<title>Dominik Wagner, double bassist<\/title>\n<meta name=\"description\" content=\"Dominik Wagner, double bassist, ECHO and Opus Klassik award winner, and Anne-Sophie Mutter Foundation scholarship holder.\" \/>\n<meta name=\"robots\" content=\"index, follow, max-snippet:-1, max-image-preview:large, max-video-preview:-1\" \/>\n<link rel=\"canonical\" href=\"https:\/\/www.anne-sophie-mutter.de\/dominik-wagner\/\" \/>\n<meta property=\"og:locale\" content=\"en_US\" \/>\n<meta property=\"og:type\" content=\"article\" \/>\n<meta property=\"og:title\" content=\"Dominik Wagner, double bassist\" \/>\n<meta property=\"og:description\" content=\"Dominik Wagner, double bassist, ECHO and Opus Klassik award winner, and Anne-Sophie Mutter Foundation scholarship holder.\" \/>\n<meta property=\"og:site_name\" content=\"Anne-Sophie Mutter - official website\" \/>\n<meta property=\"article:modified_time\" content=\"2025-10-21T14:20:26+00:00\" \/>\n<meta name=\"twitter:card\" content=\"summary_large_image\" \/>\n<meta name=\"twitter:label1\" content=\"Est. reading time\" \/>\n\t<meta name=\"twitter:data1\" content=\"4 minutes\" \/>\n<script type=\"application\/ld+json\" class=\"yoast-schema-graph\">{\"@context\":\"https:\/\/schema.org\",\"@graph\":[{\"@type\":\"WebPage\",\"@id\":\"https:\/\/www.anne-sophie-mutter.de\/dominik-wagner\/\",\"url\":\"https:\/\/www.anne-sophie-mutter.de\/dominik-wagner\/\",\"name\":\"Dominik Wagner, double bassist\",\"isPartOf\":{\"@id\":\"https:\/\/www.anne-sophie-mutter.de\/en\/#website\"},\"datePublished\":\"2025-08-03T19:08:01+00:00\",\"dateModified\":\"2025-10-21T14:20:26+00:00\",\"description\":\"Dominik Wagner, double bassist, ECHO and Opus Klassik award winner, and Anne-Sophie Mutter Foundation scholarship holder.\",\"breadcrumb\":{\"@id\":\"https:\/\/www.anne-sophie-mutter.de\/dominik-wagner\/#breadcrumb\"},\"inLanguage\":\"en-US\",\"potentialAction\":[{\"@type\":\"ReadAction\",\"target\":[\"https:\/\/www.anne-sophie-mutter.de\/dominik-wagner\/\"]}]},{\"@type\":\"BreadcrumbList\",\"@id\":\"https:\/\/www.anne-sophie-mutter.de\/dominik-wagner\/#breadcrumb\",\"itemListElement\":[{\"@type\":\"ListItem\",\"position\":1,\"name\":\"Startseite\",\"item\":\"https:\/\/www.anne-sophie-mutter.de\/en\/\"},{\"@type\":\"ListItem\",\"position\":2,\"name\":\"Dominik Wagner\"}]},{\"@type\":\"WebSite\",\"@id\":\"https:\/\/www.anne-sophie-mutter.de\/en\/#website\",\"url\":\"https:\/\/www.anne-sophie-mutter.de\/en\/\",\"name\":\"Anne-Sophie Mutter - official website\",\"description\":\"\",\"potentialAction\":[{\"@type\":\"SearchAction\",\"target\":{\"@type\":\"EntryPoint\",\"urlTemplate\":\"https:\/\/www.anne-sophie-mutter.de\/en\/?s={search_term_string}\"},\"query-input\":{\"@type\":\"PropertyValueSpecification\",\"valueRequired\":true,\"valueName\":\"search_term_string\"}}],\"inLanguage\":\"en-US\"}]}<\/script>\n<!-- \/ Yoast SEO plugin. -->","yoast_head_json":{"title":"Dominik Wagner, double bassist","description":"Dominik Wagner, double bassist, ECHO and Opus Klassik award winner, and Anne-Sophie Mutter Foundation scholarship holder.","robots":{"index":"index","follow":"follow","max-snippet":"max-snippet:-1","max-image-preview":"max-image-preview:large","max-video-preview":"max-video-preview:-1"},"canonical":"https:\/\/www.anne-sophie-mutter.de\/dominik-wagner\/","og_locale":"en_US","og_type":"article","og_title":"Dominik Wagner, double bassist","og_description":"Dominik Wagner, double bassist, ECHO and Opus Klassik award winner, and Anne-Sophie Mutter Foundation scholarship holder.","og_site_name":"Anne-Sophie Mutter - official website","article_modified_time":"2025-10-21T14:20:26+00:00","twitter_card":"summary_large_image","twitter_misc":{"Est. reading time":"4 minutes"},"schema":{"@context":"https:\/\/schema.org","@graph":[{"@type":"WebPage","@id":"https:\/\/www.anne-sophie-mutter.de\/dominik-wagner\/","url":"https:\/\/www.anne-sophie-mutter.de\/dominik-wagner\/","name":"Dominik Wagner, double bassist","isPartOf":{"@id":"https:\/\/www.anne-sophie-mutter.de\/en\/#website"},"datePublished":"2025-08-03T19:08:01+00:00","dateModified":"2025-10-21T14:20:26+00:00","description":"Dominik Wagner, double bassist, ECHO and Opus Klassik award winner, and Anne-Sophie Mutter Foundation scholarship holder.","breadcrumb":{"@id":"https:\/\/www.anne-sophie-mutter.de\/dominik-wagner\/#breadcrumb"},"inLanguage":"en-US","potentialAction":[{"@type":"ReadAction","target":["https:\/\/www.anne-sophie-mutter.de\/dominik-wagner\/"]}]},{"@type":"BreadcrumbList","@id":"https:\/\/www.anne-sophie-mutter.de\/dominik-wagner\/#breadcrumb","itemListElement":[{"@type":"ListItem","position":1,"name":"Startseite","item":"https:\/\/www.anne-sophie-mutter.de\/en\/"},{"@type":"ListItem","position":2,"name":"Dominik Wagner"}]},{"@type":"WebSite","@id":"https:\/\/www.anne-sophie-mutter.de\/en\/#website","url":"https:\/\/www.anne-sophie-mutter.de\/en\/","name":"Anne-Sophie Mutter - official website","description":"","potentialAction":[{"@type":"SearchAction","target":{"@type":"EntryPoint","urlTemplate":"https:\/\/www.anne-sophie-mutter.de\/en\/?s={search_term_string}"},"query-input":{"@type":"PropertyValueSpecification","valueRequired":true,"valueName":"search_term_string"}}],"inLanguage":"en-US"}]}},"_links":{"self":[{"href":"https:\/\/www.anne-sophie-mutter.de\/en\/wp-json\/wp\/v2\/pages\/5465","targetHints":{"allow":["GET"]}}],"collection":[{"href":"https:\/\/www.anne-sophie-mutter.de\/en\/wp-json\/wp\/v2\/pages"}],"about":[{"href":"https:\/\/www.anne-sophie-mutter.de\/en\/wp-json\/wp\/v2\/types\/page"}],"author":[{"embeddable":true,"href":"https:\/\/www.anne-sophie-mutter.de\/en\/wp-json\/wp\/v2\/users\/2"}],"replies":[{"embeddable":true,"href":"https:\/\/www.anne-sophie-mutter.de\/en\/wp-json\/wp\/v2\/comments?post=5465"}],"version-history":[{"count":9,"href":"https:\/\/www.anne-sophie-mutter.de\/en\/wp-json\/wp\/v2\/pages\/5465\/revisions"}],"predecessor-version":[{"id":10573,"href":"https:\/\/www.anne-sophie-mutter.de\/en\/wp-json\/wp\/v2\/pages\/5465\/revisions\/10573"}],"wp:attachment":[{"href":"https:\/\/www.anne-sophie-mutter.de\/en\/wp-json\/wp\/v2\/media?parent=5465"}],"curies":[{"name":"wp","href":"https:\/\/api.w.org\/{rel}","templated":true}]}}