{"id":5478,"date":"2025-08-03T15:44:57","date_gmt":"2025-08-03T13:44:57","guid":{"rendered":"https:\/\/www.anne-sophie-mutter.de\/?page_id=5478"},"modified":"2025-10-21T16:39:49","modified_gmt":"2025-10-21T14:39:49","slug":"hwayoon-lee","status":"publish","type":"page","link":"https:\/\/www.anne-sophie-mutter.de\/en\/hwayoon-lee\/","title":{"rendered":"Hwayoon Lee"},"content":{"rendered":"<p>[et_pb_section fb_built=&#8221;1&#8243; fullwidth=&#8221;on&#8221; _builder_version=&#8221;4.27.4&#8243; _module_preset=&#8221;default&#8221; custom_margin=&#8221;0px||0px||false|false&#8221; custom_padding=&#8221;0px||0px||false|false&#8221; global_colors_info=&#8221;{}&#8221;][et_pb_fullwidth_image src=&#8221;https:\/\/www.anne-sophie-mutter.de\/wp-content\/uploads\/2025\/05\/Header_Stiftung_D_smal-2.jpg&#8221; alt=&#8221;Stiftung&#8221; title_text=&#8221;Stiftung&#8221; src_tablet=&#8221;https:\/\/www.anne-sophie-mutter.de\/wp-content\/uploads\/2025\/05\/Header_Stiftung_D_smal-2.jpg&#8221; src_phone=&#8221;https:\/\/www.anne-sophie-mutter.de\/wp-content\/uploads\/2025\/09\/Header_Stiftung_D_mob.jpg&#8221; src_last_edited=&#8221;on|phone&#8221; _builder_version=&#8221;4.27.4&#8243; _module_preset=&#8221;default&#8221; global_colors_info=&#8221;{}&#8221;][\/et_pb_fullwidth_image][\/et_pb_section][et_pb_section fb_built=&#8221;1&#8243; admin_label=&#8221;Die Stip&#8221; _builder_version=&#8221;4.27.4&#8243; _module_preset=&#8221;default&#8221; background_color=&#8221;#eff0ff&#8221; background_image=&#8221;https:\/\/www.anne-sophie-mutter.de\/wp-content\/uploads\/2025\/08\/farbflache_THE-SCHOLARSHIP-HOLDERS_1.jpg&#8221; parallax=&#8221;on&#8221; custom_margin=&#8221;100px||0px||false|false&#8221; custom_padding=&#8221;100px||100px||false|false&#8221; locked=&#8221;off&#8221; global_colors_info=&#8221;{}&#8221;][et_pb_row _builder_version=&#8221;4.27.4&#8243; _module_preset=&#8221;default&#8221; custom_margin=&#8221;0px||100px||false|false&#8221; custom_padding=&#8221;0px||0px||false|false&#8221; global_colors_info=&#8221;{}&#8221;][et_pb_column type=&#8221;4_4&#8243; _builder_version=&#8221;4.27.4&#8243; _module_preset=&#8221;default&#8221; global_colors_info=&#8221;{}&#8221;][et_pb_text _builder_version=&#8221;4.27.4&#8243; _module_preset=&#8221;default&#8221; text_font=&#8221;&#8211;et_global_body_font||||||||&#8221; text_text_color=&#8221;#ffffff&#8221; text_font_size=&#8221;60px&#8221; text_line_height=&#8221;0.7em&#8221; header_text_color=&#8221;#FFFFFF&#8221; header_font_size=&#8221;50px&#8221; header_line_height=&#8221;0.7em&#8221; header_2_font=&#8221;Open Sans|700|||||||&#8221; header_2_text_color=&#8221;#d86ca6&#8243; header_2_font_size=&#8221;30px&#8221; background_color=&#8221;#FFFFFF&#8221; width=&#8221;230px&#8221; height=&#8221;230px&#8221; custom_margin=&#8221;0px||0px|0px|false|false&#8221; custom_padding=&#8221;10px||0px|15px|false|false&#8221; border_width_all=&#8221;1px&#8221; border_color_all=&#8221;#c128a8&#8243; global_colors_info=&#8221;{}&#8221;]<\/p>\n<h2>THE SCHOLARSHIP HOLDERS<\/h2>\n<p>[\/et_pb_text][\/et_pb_column][\/et_pb_row][et_pb_row column_structure=&#8221;3_4,1_4&#8243; use_custom_gutter=&#8221;on&#8221; admin_label=&#8221;Hwayoon Lee&#8221; _builder_version=&#8221;4.27.4&#8243; _module_preset=&#8221;default&#8221; custom_margin=&#8221;0px||40px||false|false&#8221; custom_padding=&#8221;0px|0px|0px|0px|false|false&#8221; global_colors_info=&#8221;{}&#8221;][et_pb_column type=&#8221;3_4&#8243; _builder_version=&#8221;4.27.4&#8243; _module_preset=&#8221;default&#8221; background_color=&#8221;RGBA(255,255,255,0)&#8221; global_colors_info=&#8221;{}&#8221;][et_pb_text _builder_version=&#8221;4.27.4&#8243; _module_preset=&#8221;default&#8221; text_line_height=&#8221;1.5em&#8221; header_2_font=&#8221;Open Sans|700|||||||&#8221; header_2_text_color=&#8221;#d86ca6&#8243; header_5_font=&#8221;Open Sans|600|||||||&#8221; header_5_text_color=&#8221;#005c8c&#8221; header_5_font_size=&#8221;18px&#8221; background_color=&#8221;#FFFFFF&#8221; custom_margin=&#8221;0px|0px|0px|0px|false|false&#8221; custom_padding=&#8221;10px|20px|30px|20px|false|false&#8221; global_colors_info=&#8221;{}&#8221;]<\/p>\n<p><b>Viola<\/b><\/p>\n<h2>Hwayoon Lee<\/h2>\n<p><em><strong>Hwayoon Lee (*1996) already displayed her technical virtuosity on the viola as a child in Korea, but the fact that she was already playing chamber music in public with her teacher Sang-Jin Kim in Seoul at the age of nine is primarily due to her strong stage presence and artistic sensibility. She has been developing this since the age of three in Korean pansori, a special &#8220;art of storytelling&#8221; in her performances with pansori master Jung-Hae Oh.<\/strong><\/em><\/p>\n<p>[\/et_pb_text][\/et_pb_column][et_pb_column type=&#8221;1_4&#8243; _builder_version=&#8221;4.27.4&#8243; _module_preset=&#8221;default&#8221; background_color=&#8221;RGBA(255,255,255,0)&#8221; global_colors_info=&#8221;{}&#8221;][et_pb_image src=&#8221;https:\/\/www.anne-sophie-mutter.de\/wp-content\/uploads\/2025\/06\/2021_Lee.jpg&#8221; title_text=&#8221;2021_Lee&#8221; force_fullwidth=&#8221;on&#8221; _builder_version=&#8221;4.27.4&#8243; _module_preset=&#8221;default&#8221; global_colors_info=&#8221;{}&#8221;][\/et_pb_image][\/et_pb_column][\/et_pb_row][\/et_pb_section][et_pb_section fb_built=&#8221;1&#8243; _builder_version=&#8221;4.27.4&#8243; _module_preset=&#8221;default&#8221; global_colors_info=&#8221;{}&#8221;][et_pb_row column_structure=&#8221;3_5,2_5&#8243; _builder_version=&#8221;4.27.4&#8243; _module_preset=&#8221;default&#8221; custom_margin_tablet=&#8221;&#8221; custom_margin_phone=&#8221;|10px||10px|false|false&#8221; custom_margin_last_edited=&#8221;on|phone&#8221; global_colors_info=&#8221;{}&#8221;][et_pb_column type=&#8221;3_5&#8243; _builder_version=&#8221;4.27.4&#8243; _module_preset=&#8221;default&#8221; global_colors_info=&#8221;{}&#8221;][et_pb_text _builder_version=&#8221;4.27.4&#8243; _module_preset=&#8221;default&#8221; global_colors_info=&#8221;{}&#8221;]Hwayoon Lee contacted Anne-Sophie Mutter in 2011 in a letter that would lead to one of the decisive musical encounters of her life. Mutter and her foundation provided the young violist with important musical impulses and insights, including during study trips to Vienna and Bonn. After completing her studies in Seoul, the foundation enabled Hwayoon Lee to pursue postgraduate studies at the Kronberg Academy with Nobuko Imai (2017 &#8211; 2019) and the concert exam with Hartmut Rohde (2019-2023) at the Berlin University of the Arts. Numerous prizes indicate that her path is a very special one among the violists of our time.<\/p>\n<p>Hwayoon Lee has been a member of Anne-Sophie Mutter&#8217;s soloist ensemble Mutter&#8217;s Virtuosi since 2012 and has toured with them extensively over the years. In January of 2023, their most recent tour took Mutter&#8217;s Virtuosi from Iceland via Canada to the USA, and in summer of 2023 they toured numerous European cities. Together with Anne-Sophie Mutter, she recorded Schubert&#8217;s &#8220;Trout Quintet&#8221; in 2017. In 2026, she will premiere Yie-eun Chun&#8217;s &#8220;Kinderszenen&#8221;, a work commissioned by the Anne-Sophie Mutter Foundation.[\/et_pb_text][\/et_pb_column][et_pb_column type=&#8221;2_5&#8243; _builder_version=&#8221;4.27.4&#8243; _module_preset=&#8221;default&#8221; global_colors_info=&#8221;{}&#8221;][\/et_pb_column][\/et_pb_row][\/et_pb_section][et_pb_section fb_built=&#8221;1&#8243; fullwidth=&#8221;on&#8221; disabled_on=&#8221;off|off|off&#8221; _builder_version=&#8221;4.27.4&#8243; _module_preset=&#8221;default&#8221; background_color=&#8221;RGBA(255,255,255,0)&#8221; background_video_mp4=&#8221;https:\/\/www.anne-sophie-mutter.de\/wp-content\/uploads\/2025\/05\/Stipentiaten.mp4&#8243; height=&#8221;400px&#8221; custom_margin=&#8221;0px||0px||false|false&#8221; custom_padding=&#8221;0px||0px||false|false&#8221; global_colors_info=&#8221;{}&#8221;][\/et_pb_section][et_pb_section fb_built=&#8221;1&#8243; _builder_version=&#8221;4.27.4&#8243; _module_preset=&#8221;default&#8221; global_colors_info=&#8221;{}&#8221;][et_pb_row column_structure=&#8221;1_3,2_3&#8243; _builder_version=&#8221;4.27.4&#8243; _module_preset=&#8221;default&#8221; custom_margin_tablet=&#8221;&#8221; custom_margin_phone=&#8221;|10px||10px|false|false&#8221; custom_margin_last_edited=&#8221;on|phone&#8221; global_colors_info=&#8221;{}&#8221;][et_pb_column type=&#8221;1_3&#8243; _builder_version=&#8221;4.27.4&#8243; _module_preset=&#8221;default&#8221; global_colors_info=&#8221;{}&#8221;][\/et_pb_column][et_pb_column type=&#8221;2_3&#8243; _builder_version=&#8221;4.27.4&#8243; _module_preset=&#8221;default&#8221; global_colors_info=&#8221;{}&#8221;][et_pb_text _builder_version=&#8221;4.27.4&#8243; _module_preset=&#8221;default&#8221; global_colors_info=&#8221;{}&#8221;]<\/p>\n<p>Hwayoon Lee regularly works as a soloist with orchestras, for example in 2014 with the Bamberg Symphony Orchestra under Manfred Honeck (Wolfgang Amadeus Mozart&#8217;s &#8220;Sinfonia Concertante&#8221;). In 2023, Hwayoon Lee performed Shin-uh Lee&#8217;s viola concerto &#8220;Earth Poem&#8221; (2023) with the Korean National Orchestra at the National Theatre of Korea (recorded by Arte TV Korea). In December 2022, she undertook a tour of England with the work &#8220;Moon Jar Poem&#8221; with the same composer, including for the anniversary of British-Korean friendship in London as part of the Loewe Craft Prize. In October 2023, she played with Anne-Sophie Mutter at Nymphenburg Palace for the birthday of Duke Franz of Bavaria; in November 2023, she performed at the Van Gogh Museum in Amsterdam and gave a private recital at the Liederhalle Stuttgart with pianist Thomas Hoppe. In 2023, she also performed at the Seoul Spring Festival, the Kronberg Academy Festival and the Crescendo Festival at the Berlin University of the Arts.<\/p>\n<p>She will also return to the Seoul Spring Festival in 2024, to the Radebeul Music Festival and to Schloss Solitude in Stuttgart. In June 2024, Hwayoon Lee will perform Alfred Schnittke&#8217;s &#8220;Monologue&#8221; for viola and string ensemble with the UdK Orchestra under the direction of Hartmut Rohde.<\/p>\n<p>Since August 2023, the Anne-Sophie Mutter Stiftung has made the famous &#8220;Cheremetev&#8221; viola available to Hwayoon Lee. It was manufactured in 1865 in the Parisian workshop of Jean-Baptiste Vuillaume. Hwayoon Lee plays a bow made by Benoit Rolland, also on loan from the Anne-Sophie Mutter Foundation.<\/p>\n<p>March 2024<\/p>\n<p>[\/et_pb_text][et_pb_button button_url=&#8221;\/en\/scholarship-holders\/&#8221; button_text=&#8221;Back&#8221; button_alignment=&#8221;left&#8221; _builder_version=&#8221;4.27.4&#8243; _module_preset=&#8221;default&#8221; custom_button=&#8221;on&#8221; button_text_size=&#8221;16px&#8221; button_text_color=&#8221;#d86ca6&#8243; button_border_width=&#8221;2px&#8221; button_border_color=&#8221;#d86ca6&#8243; button_border_radius=&#8221;0px&#8221; button_icon=&#8221;&#x24;||divi||400&#8243; button_icon_color=&#8221;#d86ca6&#8243; custom_margin=&#8221;20px||||false|false&#8221; global_colors_info=&#8221;{}&#8221;][\/et_pb_button][\/et_pb_column][\/et_pb_row][\/et_pb_section]<\/p>\n","protected":false},"excerpt":{"rendered":"<p>THE SCHOLARSHIP HOLDERSViola Hwayoon Lee Hwayoon Lee (*1996) already displayed her technical virtuosity on the viola as a child in Korea, but the fact that she was already playing chamber [&hellip;]<\/p>\n","protected":false},"author":2,"featured_media":0,"parent":0,"menu_order":0,"comment_status":"closed","ping_status":"closed","template":"","meta":{"_acf_changed":false,"_et_pb_use_builder":"on","_et_pb_old_content":"<p>[et_pb_section fb_built=\"1\" fullwidth=\"on\" _builder_version=\"4.27.4\" _module_preset=\"default\" custom_margin=\"0px||0px||false|false\" custom_padding=\"0px||0px||false|false\" global_colors_info=\"{}\"][et_pb_fullwidth_image src=\"https:\/\/www.anne-sophie-mutter.de\/wp-content\/uploads\/2025\/05\/Header_Stiftung_D_smal-2.jpg\" title_text=\"Header_Stiftung_D_smal\" _builder_version=\"4.27.4\" _module_preset=\"default\" global_colors_info=\"{}\"][\/et_pb_fullwidth_image][\/et_pb_section][et_pb_section fb_built=\"1\" admin_label=\"Die Stip\" _builder_version=\"4.27.4\" _module_preset=\"default\" background_color=\"#eff0ff\" background_image=\"https:\/\/www.anne-sophie-mutter.de\/wp-content\/uploads\/2025\/06\/farbflaeche_die-stipendiaten_1.jpg\" parallax=\"on\" custom_margin=\"100px||0px||false|false\" custom_padding=\"100px||100px||false|false\" locked=\"off\" global_colors_info=\"{}\"][et_pb_row _builder_version=\"4.27.4\" _module_preset=\"default\" custom_margin=\"0px||100px||false|false\" custom_padding=\"0px||0px||false|false\" global_colors_info=\"{}\"][et_pb_column type=\"4_4\" _builder_version=\"4.27.4\" _module_preset=\"default\" global_colors_info=\"{}\"][et_pb_text _builder_version=\"4.27.4\" _module_preset=\"default\" text_font=\"--et_global_body_font||||||||\" text_text_color=\"#ffffff\" text_font_size=\"60px\" text_line_height=\"0.7em\" header_text_color=\"#FFFFFF\" header_font_size=\"50px\" header_line_height=\"0.7em\" header_2_font=\"Open Sans|700|||||||\" header_2_text_color=\"#d86ca6\" header_2_font_size=\"30px\" background_color=\"#FFFFFF\" width=\"230px\" height=\"230px\" custom_margin=\"0px||0px|0px|false|false\" custom_padding=\"10px||0px|15px|false|false\" border_width_all=\"1px\" border_color_all=\"#c128a8\" global_colors_info=\"{}\"]<\/p><h2>DIE <br \/>STIPEN-DIATEN<\/h2><p>[\/et_pb_text][\/et_pb_column][\/et_pb_row][et_pb_row column_structure=\"3_4,1_4\" use_custom_gutter=\"on\" admin_label=\"Hwayoon Lee\" _builder_version=\"4.27.4\" _module_preset=\"default\" custom_margin=\"0px||40px||false|false\" custom_padding=\"0px|0px|0px|0px|false|false\" global_colors_info=\"{}\"][et_pb_column type=\"3_4\" _builder_version=\"4.27.4\" _module_preset=\"default\" background_color=\"RGBA(255,255,255,0)\" global_colors_info=\"{}\"][et_pb_text _builder_version=\"4.27.4\" _module_preset=\"default\" text_line_height=\"1.5em\" header_2_font=\"Open Sans|700|||||||\" header_2_text_color=\"#d86ca6\" header_5_font=\"Open Sans|600|||||||\" header_5_text_color=\"#005c8c\" header_5_font_size=\"18px\" background_color=\"#FFFFFF\" custom_margin=\"0px|0px|0px|0px|false|false\" custom_padding=\"10px|20px|30px|20px|false|false\" global_colors_info=\"{}\"]<b>Viola<\/b><\/p><h2>Hwayoon Lee<\/h2><p><em><strong>Technische Virtuosit\u00e4t machte Hwayoon Lee (*1996) schon als Kind in Korea auf der Bratsche gro\u00dfen Spa\u00df, doch dass sie schon mit neun Jahren mit ihrem Lehrer Sang-Jin Kim in Seoul \u00f6ffentlich Kammermusik spielte, ist vor allem auch auf ihre starke B\u00fchnenpr\u00e4senz und k\u00fcnstlerische Sensibilit\u00e4t zur\u00fcckzuf\u00fchren. Die entwickelte sie seit ihrem dritten Lebensjahr beim koreanischen Pansori, einer speziellen \u201eKunst des Erz\u00e4hlens\u201c in ihren Auftritten mit der Pansori-Meisterin Jung-Hae Oh.\u201c<\/strong><\/em>[\/et_pb_text][\/et_pb_column][et_pb_column type=\"1_4\" _builder_version=\"4.27.4\" _module_preset=\"default\" background_color=\"#FFFFFF\" global_colors_info=\"{}\"][et_pb_image src=\"https:\/\/www.anne-sophie-mutter.de\/wp-content\/uploads\/2025\/06\/2021_Lee.jpg\" title_text=\"2021_Lee\" force_fullwidth=\"on\" _builder_version=\"4.27.4\" _module_preset=\"default\" global_colors_info=\"{}\"][\/et_pb_image][\/et_pb_column][\/et_pb_row][\/et_pb_section][et_pb_section fb_built=\"1\" _builder_version=\"4.27.4\" _module_preset=\"default\" global_colors_info=\"{}\"][et_pb_row column_structure=\"3_5,2_5\" _builder_version=\"4.27.4\" _module_preset=\"default\" global_colors_info=\"{}\"][et_pb_column type=\"3_5\" _builder_version=\"4.27.4\" _module_preset=\"default\" global_colors_info=\"{}\"][et_pb_text _builder_version=\"4.27.4\" _module_preset=\"default\" global_colors_info=\"{}\"]<\/p><p>Hwayoon Lee kontaktierte Anne-Sophie Mutter im Jahr 2011 in einem Brief, der zu einer der entscheidenden musikalischen Begegnungen ihres Lebens f\u00fchren sollte. Mutter und ihre Stiftung erm\u00f6glichten der jungen Bratschistin wichtige musikalische Impulse und Erkenntnisse, u.a. bei Studienreisen nach Wien und Bonn. Die Stiftung erm\u00f6glichte Hwayoon Lee nach Abschluss ihres Studiums in Seoul ein Aufbaustudium an der Kronberg Akademie bei Nobuko Imai (2017 \u2013 2019) und das Konzertexamen bei Hartmut Rohde (2019-2023) an der Universit\u00e4t der K\u00fcnste in Berlin. Zahlreiche Preise weisen darauf hin, dass ihr Weg unter den BratschistInnen unserer Zeit ein ganz besonderer ist.<\/p><p>Seit 2012 ist Hwayoon Lee Mitglied des Solisten-Ensembles Mutter\u2019s Virtuosi von Anne-Sophie Mutter. Mit diesem Ensemble unternahm sie zahlreiche Tourneen. Die j\u00fcngste Tournee f\u00fchrte sie mit Mutter\u2019s Virtuosi im Januar 2023 von Island \u00fcber Kanada in die USA sowie im Sommer 2023 in zahlreiche europ\u00e4ische St\u00e4dte. Gemeinsam mit Anne-Sophie Mutter nahm sie 2017 das \u201eForellenquintett\u201c von Schubert auf. 2026 wird sie die \u201eKinderszenen\u201c von Yie-eun Chun, ein Auftragswerk der Anne-Sophie Mutter Stiftung, urauff\u00fchren.<\/p><p>[\/et_pb_text][\/et_pb_column][et_pb_column type=\"2_5\" _builder_version=\"4.27.4\" _module_preset=\"default\" global_colors_info=\"{}\"][\/et_pb_column][\/et_pb_row][\/et_pb_section][et_pb_section fb_built=\"1\" fullwidth=\"on\" disabled_on=\"off|off|off\" _builder_version=\"4.27.4\" _module_preset=\"default\" background_color=\"RGBA(255,255,255,0)\" background_video_mp4=\"https:\/\/www.anne-sophie-mutter.de\/wp-content\/uploads\/2025\/05\/Stipentiaten.mp4\" height=\"400px\" custom_margin=\"0px||0px||false|false\" custom_padding=\"0px||0px||false|false\" global_colors_info=\"{}\"][\/et_pb_section][et_pb_section fb_built=\"1\" _builder_version=\"4.27.4\" _module_preset=\"default\" global_colors_info=\"{}\"][et_pb_row column_structure=\"1_3,2_3\" _builder_version=\"4.27.4\" _module_preset=\"default\" global_colors_info=\"{}\"][et_pb_column type=\"1_3\" _builder_version=\"4.27.4\" _module_preset=\"default\" global_colors_info=\"{}\"][\/et_pb_column][et_pb_column type=\"2_3\" _builder_version=\"4.27.4\" _module_preset=\"default\" global_colors_info=\"{}\"][et_pb_text _builder_version=\"4.27.4\" _module_preset=\"default\" global_colors_info=\"{}\"]<\/p><p>Hwayoon Lee arbeitet regelm\u00e4\u00dfig als Solistin mit Orchestern zusammen, so bereits 2014 mit den Bamberger Symphonikern unter Manfred Honeck (Wolfgang Amadeus Mozarts \u201eSinfonia Concertante\u201c). 2023 hat Hwayoon Lee mit dem Nationalorchester Koreas das Bratschenkonzert \u201eEarth Poem\u201c (2023) von Shin-uh Lee im Nationaltheater Koreas aufgef\u00fchrt (Aufzeichnung durch Arte TV Korea). Mit der gleichen Komponistin hatte sie im Dezember 2022 eine Englandtournee mit dem Werk \u201eMoon Jar Poem\u201c unternommen, u.a. zum Jubil\u00e4um der British-Koreanischen Freundschaft in London im Rahmen des Loewe Craft Prize. Im Oktober 2023 spielte sie mit Anne-Sophie Mutter im Schloss Nymphenburg zum Geburtstag des Herzogs Franz von Bayern; im November 2023 trat sie im Van Gogh Museum in Amsterdam auf und gab in der Liederhalle Stuttgart mit dem Pianisten Thomas Hoppe ein privates Rezital. 2023 trat sie ferner beim Seoul Spring Festival, dem Kronberg Academy Festival und dem Crescendo Festival der UdK Berlin auf.<\/p><p>Zum Seoul Spring Festival kehrt sie auch 2024 zur\u00fcck; ferner tritt sie beim Musik Festival Radebeul und in Schloss Solitude in Stuttgart auf. Im Juni 2024 wird Hwayoon Lee mit dem UdK Orchester unter der Leitung von Hartmut Rohde Alfred Schnittkes \u201eMonolog\u201c f\u00fcr Viola und Streichensemble auff\u00fchren.<\/p><p>Seit August 2023 stellt die Anne-Sophie Mutter Stiftung Hwayoon Lee die ber\u00fchmte \u201eCheremetev\u201c-Bratsche zur Verf\u00fcgung. Diese wurde 1865 in der Pariser Werkstatt von Jean-Baptiste Vuillaume gebaut. Hwayoon Lee spielt einen Bogen von Benoit Rolland, ebenfalls eine Leihgabe der Anne-Sophie Mutter Stiftung.<\/p><p>M\u00e4rz 2024<\/p><p>\u00a0<\/p><p>[\/et_pb_text][\/et_pb_column][\/et_pb_row][\/et_pb_section]<\/p>","_et_gb_content_width":"","inline_featured_image":false,"footnotes":""},"class_list":["post-5478","page","type-page","status-publish","hentry"],"acf":[],"yoast_head":"<!-- This site is optimized with the Yoast SEO plugin v27.4 - https:\/\/yoast.com\/product\/yoast-seo-wordpress\/ -->\n<title>Hwayoon Lee, violist<\/title>\n<meta name=\"description\" content=\"Hwayoon Lee, violist, member of Anne-Sophie Mutter\u2019s soloist ensemble \u201cMutter\u2019s Virtuosi\u201d since 2012.\" \/>\n<meta name=\"robots\" content=\"index, follow, max-snippet:-1, max-image-preview:large, max-video-preview:-1\" \/>\n<link rel=\"canonical\" href=\"https:\/\/www.anne-sophie-mutter.de\/hwayoon-lee\/\" \/>\n<meta property=\"og:locale\" content=\"en_US\" \/>\n<meta property=\"og:type\" content=\"article\" \/>\n<meta property=\"og:title\" content=\"Hwayoon Lee, violist\" \/>\n<meta property=\"og:description\" content=\"Hwayoon Lee, violist, member of Anne-Sophie Mutter\u2019s soloist ensemble \u201cMutter\u2019s Virtuosi\u201d since 2012.\" \/>\n<meta property=\"og:site_name\" content=\"Anne-Sophie Mutter - official website\" \/>\n<meta property=\"article:modified_time\" content=\"2025-10-21T14:39:49+00:00\" \/>\n<meta name=\"twitter:card\" content=\"summary_large_image\" \/>\n<meta name=\"twitter:label1\" content=\"Est. reading time\" \/>\n\t<meta name=\"twitter:data1\" content=\"4 minutes\" \/>\n<script type=\"application\/ld+json\" class=\"yoast-schema-graph\">{\"@context\":\"https:\\\/\\\/schema.org\",\"@graph\":[{\"@type\":\"WebPage\",\"@id\":\"https:\\\/\\\/www.anne-sophie-mutter.de\\\/hwayoon-lee\\\/\",\"url\":\"https:\\\/\\\/www.anne-sophie-mutter.de\\\/hwayoon-lee\\\/\",\"name\":\"Hwayoon Lee, violist\",\"isPartOf\":{\"@id\":\"https:\\\/\\\/www.anne-sophie-mutter.de\\\/en\\\/#website\"},\"datePublished\":\"2025-08-03T13:44:57+00:00\",\"dateModified\":\"2025-10-21T14:39:49+00:00\",\"description\":\"Hwayoon Lee, violist, member of Anne-Sophie Mutter\u2019s soloist ensemble \u201cMutter\u2019s Virtuosi\u201d since 2012.\",\"breadcrumb\":{\"@id\":\"https:\\\/\\\/www.anne-sophie-mutter.de\\\/hwayoon-lee\\\/#breadcrumb\"},\"inLanguage\":\"en-US\",\"potentialAction\":[{\"@type\":\"ReadAction\",\"target\":[\"https:\\\/\\\/www.anne-sophie-mutter.de\\\/hwayoon-lee\\\/\"]}]},{\"@type\":\"BreadcrumbList\",\"@id\":\"https:\\\/\\\/www.anne-sophie-mutter.de\\\/hwayoon-lee\\\/#breadcrumb\",\"itemListElement\":[{\"@type\":\"ListItem\",\"position\":1,\"name\":\"Startseite\",\"item\":\"https:\\\/\\\/www.anne-sophie-mutter.de\\\/en\\\/\"},{\"@type\":\"ListItem\",\"position\":2,\"name\":\"Hwayoon Lee\"}]},{\"@type\":\"WebSite\",\"@id\":\"https:\\\/\\\/www.anne-sophie-mutter.de\\\/en\\\/#website\",\"url\":\"https:\\\/\\\/www.anne-sophie-mutter.de\\\/en\\\/\",\"name\":\"Anne-Sophie Mutter - official website\",\"description\":\"\",\"potentialAction\":[{\"@type\":\"SearchAction\",\"target\":{\"@type\":\"EntryPoint\",\"urlTemplate\":\"https:\\\/\\\/www.anne-sophie-mutter.de\\\/en\\\/?s={search_term_string}\"},\"query-input\":{\"@type\":\"PropertyValueSpecification\",\"valueRequired\":true,\"valueName\":\"search_term_string\"}}],\"inLanguage\":\"en-US\"}]}<\/script>\n<!-- \/ Yoast SEO plugin. -->","yoast_head_json":{"title":"Hwayoon Lee, violist","description":"Hwayoon Lee, violist, member of Anne-Sophie Mutter\u2019s soloist ensemble \u201cMutter\u2019s Virtuosi\u201d since 2012.","robots":{"index":"index","follow":"follow","max-snippet":"max-snippet:-1","max-image-preview":"max-image-preview:large","max-video-preview":"max-video-preview:-1"},"canonical":"https:\/\/www.anne-sophie-mutter.de\/hwayoon-lee\/","og_locale":"en_US","og_type":"article","og_title":"Hwayoon Lee, violist","og_description":"Hwayoon Lee, violist, member of Anne-Sophie Mutter\u2019s soloist ensemble \u201cMutter\u2019s Virtuosi\u201d since 2012.","og_site_name":"Anne-Sophie Mutter - official website","article_modified_time":"2025-10-21T14:39:49+00:00","twitter_card":"summary_large_image","twitter_misc":{"Est. reading time":"4 minutes"},"schema":{"@context":"https:\/\/schema.org","@graph":[{"@type":"WebPage","@id":"https:\/\/www.anne-sophie-mutter.de\/hwayoon-lee\/","url":"https:\/\/www.anne-sophie-mutter.de\/hwayoon-lee\/","name":"Hwayoon Lee, violist","isPartOf":{"@id":"https:\/\/www.anne-sophie-mutter.de\/en\/#website"},"datePublished":"2025-08-03T13:44:57+00:00","dateModified":"2025-10-21T14:39:49+00:00","description":"Hwayoon Lee, violist, member of Anne-Sophie Mutter\u2019s soloist ensemble \u201cMutter\u2019s Virtuosi\u201d since 2012.","breadcrumb":{"@id":"https:\/\/www.anne-sophie-mutter.de\/hwayoon-lee\/#breadcrumb"},"inLanguage":"en-US","potentialAction":[{"@type":"ReadAction","target":["https:\/\/www.anne-sophie-mutter.de\/hwayoon-lee\/"]}]},{"@type":"BreadcrumbList","@id":"https:\/\/www.anne-sophie-mutter.de\/hwayoon-lee\/#breadcrumb","itemListElement":[{"@type":"ListItem","position":1,"name":"Startseite","item":"https:\/\/www.anne-sophie-mutter.de\/en\/"},{"@type":"ListItem","position":2,"name":"Hwayoon Lee"}]},{"@type":"WebSite","@id":"https:\/\/www.anne-sophie-mutter.de\/en\/#website","url":"https:\/\/www.anne-sophie-mutter.de\/en\/","name":"Anne-Sophie Mutter - official website","description":"","potentialAction":[{"@type":"SearchAction","target":{"@type":"EntryPoint","urlTemplate":"https:\/\/www.anne-sophie-mutter.de\/en\/?s={search_term_string}"},"query-input":{"@type":"PropertyValueSpecification","valueRequired":true,"valueName":"search_term_string"}}],"inLanguage":"en-US"}]}},"_links":{"self":[{"href":"https:\/\/www.anne-sophie-mutter.de\/en\/wp-json\/wp\/v2\/pages\/5478","targetHints":{"allow":["GET"]}}],"collection":[{"href":"https:\/\/www.anne-sophie-mutter.de\/en\/wp-json\/wp\/v2\/pages"}],"about":[{"href":"https:\/\/www.anne-sophie-mutter.de\/en\/wp-json\/wp\/v2\/types\/page"}],"author":[{"embeddable":true,"href":"https:\/\/www.anne-sophie-mutter.de\/en\/wp-json\/wp\/v2\/users\/2"}],"replies":[{"embeddable":true,"href":"https:\/\/www.anne-sophie-mutter.de\/en\/wp-json\/wp\/v2\/comments?post=5478"}],"version-history":[{"count":7,"href":"https:\/\/www.anne-sophie-mutter.de\/en\/wp-json\/wp\/v2\/pages\/5478\/revisions"}],"predecessor-version":[{"id":10582,"href":"https:\/\/www.anne-sophie-mutter.de\/en\/wp-json\/wp\/v2\/pages\/5478\/revisions\/10582"}],"wp:attachment":[{"href":"https:\/\/www.anne-sophie-mutter.de\/en\/wp-json\/wp\/v2\/media?parent=5478"}],"curies":[{"name":"wp","href":"https:\/\/api.w.org\/{rel}","templated":true}]}}