{"id":5500,"date":"2025-08-03T20:53:22","date_gmt":"2025-08-03T18:53:22","guid":{"rendered":"https:\/\/www.anne-sophie-mutter.de\/?page_id=5500"},"modified":"2025-10-21T17:11:29","modified_gmt":"2025-10-21T15:11:29","slug":"muriel-razavi","status":"publish","type":"page","link":"https:\/\/www.anne-sophie-mutter.de\/en\/muriel-razavi\/","title":{"rendered":"Muriel Razavi"},"content":{"rendered":"<p>[et_pb_section fb_built=&#8221;1&#8243; fullwidth=&#8221;on&#8221; _builder_version=&#8221;4.27.4&#8243; _module_preset=&#8221;default&#8221; custom_margin=&#8221;0px||0px||false|false&#8221; custom_padding=&#8221;0px||0px||false|false&#8221; global_colors_info=&#8221;{}&#8221;][et_pb_fullwidth_image src=&#8221;https:\/\/www.anne-sophie-mutter.de\/wp-content\/uploads\/2025\/05\/Header_Stiftung_D_smal-2.jpg&#8221; alt=&#8221;Stiftung&#8221; title_text=&#8221;Stiftung&#8221; src_tablet=&#8221;https:\/\/www.anne-sophie-mutter.de\/wp-content\/uploads\/2025\/05\/Header_Stiftung_D_smal-2.jpg&#8221; src_phone=&#8221;https:\/\/www.anne-sophie-mutter.de\/wp-content\/uploads\/2025\/09\/Header_Stiftung_D_mob.jpg&#8221; src_last_edited=&#8221;on|phone&#8221; _builder_version=&#8221;4.27.4&#8243; _module_preset=&#8221;default&#8221; global_colors_info=&#8221;{}&#8221;][\/et_pb_fullwidth_image][\/et_pb_section][et_pb_section fb_built=&#8221;1&#8243; admin_label=&#8221;Die Stip&#8221; _builder_version=&#8221;4.27.4&#8243; _module_preset=&#8221;default&#8221; background_color=&#8221;#eff0ff&#8221; background_image=&#8221;https:\/\/www.anne-sophie-mutter.de\/wp-content\/uploads\/2025\/08\/farbflache_THE-SCHOLARSHIP-HOLDERS_1.jpg&#8221; parallax=&#8221;on&#8221; custom_margin=&#8221;100px||0px||false|false&#8221; custom_padding=&#8221;100px||100px||false|false&#8221; locked=&#8221;off&#8221; global_colors_info=&#8221;{}&#8221;][et_pb_row _builder_version=&#8221;4.27.4&#8243; _module_preset=&#8221;default&#8221; custom_margin=&#8221;0px||100px||false|false&#8221; custom_padding=&#8221;0px||0px||false|false&#8221; global_colors_info=&#8221;{}&#8221;][et_pb_column type=&#8221;4_4&#8243; _builder_version=&#8221;4.27.4&#8243; _module_preset=&#8221;default&#8221; global_colors_info=&#8221;{}&#8221;][et_pb_text _builder_version=&#8221;4.27.4&#8243; _module_preset=&#8221;default&#8221; text_font=&#8221;&#8211;et_global_body_font||||||||&#8221; text_text_color=&#8221;#ffffff&#8221; text_font_size=&#8221;60px&#8221; text_line_height=&#8221;0.7em&#8221; header_text_color=&#8221;#FFFFFF&#8221; header_font_size=&#8221;50px&#8221; header_line_height=&#8221;0.7em&#8221; header_2_font=&#8221;Open Sans|700|||||||&#8221; header_2_text_color=&#8221;#d86ca6&#8243; header_2_font_size=&#8221;30px&#8221; background_color=&#8221;#FFFFFF&#8221; width=&#8221;230px&#8221; height=&#8221;230px&#8221; custom_margin=&#8221;0px||0px|0px|false|false&#8221; custom_padding=&#8221;10px||0px|15px|false|false&#8221; border_width_all=&#8221;1px&#8221; border_color_all=&#8221;#c128a8&#8243; global_colors_info=&#8221;{}&#8221;]<\/p>\n<h2>THE SCHOLARSHIP HOLDERS<\/h2>\n<p>[\/et_pb_text][\/et_pb_column][\/et_pb_row][et_pb_row column_structure=&#8221;2_3,1_3&#8243; use_custom_gutter=&#8221;on&#8221; admin_label=&#8221;Muriel Razavi&#8221; _builder_version=&#8221;4.27.4&#8243; _module_preset=&#8221;default&#8221; custom_margin=&#8221;0px||40px||false|false&#8221; custom_padding=&#8221;0px|0px|0px|0px|false|false&#8221; global_colors_info=&#8221;{}&#8221;][et_pb_column type=&#8221;2_3&#8243; _builder_version=&#8221;4.27.4&#8243; _module_preset=&#8221;default&#8221; background_color=&#8221;#FFFFFF&#8221; global_colors_info=&#8221;{}&#8221;][et_pb_text _builder_version=&#8221;4.27.4&#8243; _module_preset=&#8221;default&#8221; text_line_height=&#8221;1.5em&#8221; header_2_font=&#8221;Open Sans|700|||||||&#8221; header_2_text_color=&#8221;#d86ca6&#8243; header_5_font=&#8221;Open Sans|600|||||||&#8221; header_5_text_color=&#8221;#005c8c&#8221; header_5_font_size=&#8221;18px&#8221; background_color=&#8221;RGBA(255,255,255,0)&#8221; custom_margin=&#8221;0px|0px|0px|0px|false|false&#8221; custom_padding=&#8221;10px|20px|30px|20px|false|false&#8221; global_colors_info=&#8221;{}&#8221;]<b>Viola<\/b><\/p>\n<h2>Muriel Razavi<\/h2>\n<p><em><strong>American-Iranian Violist Muriel Razavi (*1992 in Freiburg) is in great demand as a soloist, chamber musician and orchestral musician in the baroque as well as in the contemporary music field. Beginning in the winter semester 2023\/2024 she will start teaching as Professor for Viola at the University Mozarteum Salzburg and at the Staatliche Hochschule f\u00fcr Musik Trossingen.<\/strong><\/em>[\/et_pb_text][\/et_pb_column][et_pb_column type=&#8221;1_3&#8243; _builder_version=&#8221;4.27.4&#8243; _module_preset=&#8221;default&#8221; background_color=&#8221;RGBA(255,255,255,0)&#8221; global_colors_info=&#8221;{}&#8221;][et_pb_image src=&#8221;https:\/\/www.anne-sophie-mutter.de\/wp-content\/uploads\/2025\/06\/2024_Razavi.jpg&#8221; title_text=&#8221;2024_Razavi&#8221; force_fullwidth=&#8221;on&#8221; _builder_version=&#8221;4.27.4&#8243; _module_preset=&#8221;default&#8221; global_colors_info=&#8221;{}&#8221;][\/et_pb_image][\/et_pb_column][\/et_pb_row][\/et_pb_section][et_pb_section fb_built=&#8221;1&#8243; _builder_version=&#8221;4.27.4&#8243; _module_preset=&#8221;default&#8221; global_colors_info=&#8221;{}&#8221;][et_pb_row column_structure=&#8221;3_5,2_5&#8243; _builder_version=&#8221;4.27.4&#8243; _module_preset=&#8221;default&#8221; custom_margin_tablet=&#8221;&#8221; custom_margin_phone=&#8221;|10px||10px|false|false&#8221; custom_margin_last_edited=&#8221;on|phone&#8221; global_colors_info=&#8221;{}&#8221;][et_pb_column type=&#8221;3_5&#8243; _builder_version=&#8221;4.27.4&#8243; _module_preset=&#8221;default&#8221; global_colors_info=&#8221;{}&#8221;][et_pb_text _builder_version=&#8221;4.27.4&#8243; _module_preset=&#8221;default&#8221; global_colors_info=&#8221;{}&#8221;]She is currently enrolled in a doctoral program (Dr.sc.mus) at the Hamburg University of Music and Theatre under the artistic supervision of Daniel Barenboim, where she is conducting research on Re-Orientalism in Music. In the last years Muriel has been working on special concert designs and formats with music by Iranian composers of contemporary classical music from the \u201cIranian Female Composers Association\u201d and commissioned the Viola Concerto \u201cher path through clay and silk\u201d composed by Golfam Khayam. In 2022 she received the \u201caward for an outstanding program with special societal relevance\u201d for her Viola Solo performance \u201cancient eve is once again offering apples\u201d at the Db\u00fc-Competition. In the season 22\/23 she performed her program at the Ultraschallfestival Berlin and the Heidelberger Fr\u00fchling Music Festival.<\/p>\n<p>Ms. Razavi is a first prize winner of the international \u201cWashington String Competition\u201d (Washington D.C., 2018) and award winner of the international competitions \u201cMichael Spisak\u201d (Katowice, 2017) and \u201cCitt\u00e0 di Cremona\u201d at the 43. international Viola Conference (Cremona, 2016). She has played at numerous festivals, including the \u201cSeiji Ozawa International Academy Switzerland\u201d, the Schleswig-Holstein Festival, the Mecklenburg-Vorpommern Festival, the Rheingau Music Festival, the Stavelot Festival in Belgium, the Yeosu Festival in South Korea and the Musicales de Frutillar in Chile, where she also taught a masterclass.[\/et_pb_text][\/et_pb_column][et_pb_column type=&#8221;2_5&#8243; _builder_version=&#8221;4.27.4&#8243; _module_preset=&#8221;default&#8221; global_colors_info=&#8221;{}&#8221;][\/et_pb_column][\/et_pb_row][\/et_pb_section][et_pb_section fb_built=&#8221;1&#8243; fullwidth=&#8221;on&#8221; disabled_on=&#8221;off|off|off&#8221; _builder_version=&#8221;4.27.4&#8243; _module_preset=&#8221;default&#8221; background_color=&#8221;RGBA(255,255,255,0)&#8221; background_video_mp4=&#8221;https:\/\/www.anne-sophie-mutter.de\/wp-content\/uploads\/2025\/05\/Stipentiaten.mp4&#8243; height=&#8221;400px&#8221; custom_margin=&#8221;0px||0px||false|false&#8221; custom_padding=&#8221;0px||0px||false|false&#8221; global_colors_info=&#8221;{}&#8221;][\/et_pb_section][et_pb_section fb_built=&#8221;1&#8243; _builder_version=&#8221;4.27.4&#8243; _module_preset=&#8221;default&#8221; global_colors_info=&#8221;{}&#8221;][et_pb_row column_structure=&#8221;1_3,2_3&#8243; _builder_version=&#8221;4.27.4&#8243; _module_preset=&#8221;default&#8221; custom_margin_tablet=&#8221;&#8221; custom_margin_phone=&#8221;|10px||10px|false|false&#8221; custom_margin_last_edited=&#8221;on|phone&#8221; global_colors_info=&#8221;{}&#8221;][et_pb_column type=&#8221;1_3&#8243; _builder_version=&#8221;4.27.4&#8243; _module_preset=&#8221;default&#8221; global_colors_info=&#8221;{}&#8221;][\/et_pb_column][et_pb_column type=&#8221;2_3&#8243; _builder_version=&#8221;4.27.4&#8243; _module_preset=&#8221;default&#8221; global_colors_info=&#8221;{}&#8221;][et_pb_text _builder_version=&#8221;4.27.4&#8243; _module_preset=&#8221;default&#8221; global_colors_info=&#8221;{}&#8221;]<\/p>\n<p>Regular international concert tours, i.a. as Principal &#8211; Viola, with the Kammerphilharmonie Bremen, the MDR Symphony Orchestra and the West Eastern Divan Orchestra, conducted by Daniel Barenboim as well substitutional work at Germany\u2019s most notable symphony orchestras supplement her widely diversified musical activities. Her chamber music partners include Baiba Skride, Kian Soltani, Tobias Feldmann, Harriet Krijgh and Frank Braley. She is a member of the Ensemble \u201cMutter\u00b4s Virtuosi\u201d under the artistic leadership of Violinist Anne-Sophie Mutter.<\/p>\n<p>She studied with renowned musicians such as Prof. Tabea Zimmermann, Prof. Nils M\u00f6nkemeyer and Prof. Tatjana Masurenko. In 2019 she completed her Master\u2019s Degree with honors under Professor Wilfried Strehle at the Universit\u00e4t der K\u00fcnste in Berlin.<\/p>\n<p>As a baroque Violist she deepened her knowledge of historical performance practice with the \u201cBalthasar Neumann Ensemble\u201d under the direction of Thomas Hengelbrock, the \u201cOrchestra of the Age of Enlightenment\u201c in London, the \u201cIl pomo d\u2019oro\u201d Ensemble and the \u201cLe Concert Olympique\u201d Orchestra in Belgium.<\/p>\n<p>Since 2021 has taken on an honorary mentorship in the Mentoring Arts Program at the University for Music and Theater in Leipzig, preparing students for their careers in the field of music.<\/p>\n<p>Ms. Razavi performs on a French viola built for her by the luthier Patrick Robin and an Alemannic baroque viola from Dorothea van der Woerd.<\/p>\n<p>Besides her musical studies she has also completed a Bachelor\u2019s Degree in \u201cThe History and Culture of the Middle East \u2013 Iranian Studies\u201cat the Freie Universit\u00e4t Berlin as well as a Master\u2019s Degree in \u201cReligion and Culture\u201c at the Humboldt University in Berlin.<\/p>\n<p><a href=\"https:\/\/www.murielrazavi.com\/\" target=\"_blank\" rel=\"noreferrer noopener\">Website<\/a><\/p>\n<p>February 2024<\/p>\n<p>[\/et_pb_text][et_pb_button button_url=&#8221;\/en\/scholarship-holders\/&#8221; button_text=&#8221;Back&#8221; button_alignment=&#8221;left&#8221; _builder_version=&#8221;4.27.4&#8243; _module_preset=&#8221;default&#8221; custom_button=&#8221;on&#8221; button_text_size=&#8221;16px&#8221; button_text_color=&#8221;#d86ca6&#8243; button_border_width=&#8221;2px&#8221; button_border_color=&#8221;#d86ca6&#8243; button_border_radius=&#8221;0px&#8221; button_icon=&#8221;&#x24;||divi||400&#8243; button_icon_color=&#8221;#d86ca6&#8243; custom_margin=&#8221;20px||||false|false&#8221; global_colors_info=&#8221;{}&#8221;][\/et_pb_button][\/et_pb_column][\/et_pb_row][\/et_pb_section]<\/p>\n","protected":false},"excerpt":{"rendered":"<p>THE SCHOLARSHIP HOLDERSViola Muriel Razavi American-Iranian Violist Muriel Razavi (*1992 in Freiburg) is in great demand as a soloist, chamber musician and orchestral musician in the baroque as well as [&hellip;]<\/p>\n","protected":false},"author":2,"featured_media":0,"parent":0,"menu_order":0,"comment_status":"closed","ping_status":"closed","template":"","meta":{"_acf_changed":false,"_et_pb_use_builder":"on","_et_pb_old_content":"<p>[et_pb_section fb_built=\"1\" fullwidth=\"on\" _builder_version=\"4.27.4\" _module_preset=\"default\" custom_margin=\"0px||0px||false|false\" custom_padding=\"0px||0px||false|false\" global_colors_info=\"{}\"][et_pb_fullwidth_image src=\"https:\/\/www.anne-sophie-mutter.de\/wp-content\/uploads\/2025\/05\/Header_Stiftung_D_smal-2.jpg\" title_text=\"Header_Stiftung_D_smal\" _builder_version=\"4.27.4\" _module_preset=\"default\" global_colors_info=\"{}\"][\/et_pb_fullwidth_image][\/et_pb_section][et_pb_section fb_built=\"1\" admin_label=\"Die Stip\" _builder_version=\"4.27.4\" _module_preset=\"default\" background_color=\"#eff0ff\" background_image=\"https:\/\/www.anne-sophie-mutter.de\/wp-content\/uploads\/2025\/06\/farbflaeche_die-stipendiaten_1.jpg\" parallax=\"on\" custom_margin=\"100px||0px||false|false\" custom_padding=\"100px||100px||false|false\" locked=\"off\" global_colors_info=\"{}\"][et_pb_row _builder_version=\"4.27.4\" _module_preset=\"default\" custom_margin=\"0px||100px||false|false\" custom_padding=\"0px||0px||false|false\" global_colors_info=\"{}\"][et_pb_column type=\"4_4\" _builder_version=\"4.27.4\" _module_preset=\"default\" global_colors_info=\"{}\"][et_pb_text _builder_version=\"4.27.4\" _module_preset=\"default\" text_font=\"--et_global_body_font||||||||\" text_text_color=\"#ffffff\" text_font_size=\"60px\" text_line_height=\"0.7em\" header_text_color=\"#FFFFFF\" header_font_size=\"50px\" header_line_height=\"0.7em\" header_2_font=\"Open Sans|700|||||||\" header_2_text_color=\"#d86ca6\" header_2_font_size=\"30px\" background_color=\"#FFFFFF\" width=\"230px\" height=\"230px\" custom_margin=\"0px||0px|0px|false|false\" custom_padding=\"10px||0px|15px|false|false\" border_width_all=\"1px\" border_color_all=\"#c128a8\" global_colors_info=\"{}\"]<\/p><h2>DIE <br \/>STIPEN-DIATEN<\/h2><p>[\/et_pb_text][\/et_pb_column][\/et_pb_row][et_pb_row column_structure=\"2_3,1_3\" use_custom_gutter=\"on\" admin_label=\"Muriel Razavi\" _builder_version=\"4.27.4\" _module_preset=\"default\" custom_margin=\"0px||40px||false|false\" custom_padding=\"0px|0px|0px|0px|false|false\" global_colors_info=\"{}\"][et_pb_column type=\"2_3\" _builder_version=\"4.27.4\" _module_preset=\"default\" background_color=\"#FFFFFF\" global_colors_info=\"{}\"][et_pb_text _builder_version=\"4.27.4\" _module_preset=\"default\" text_line_height=\"1.5em\" header_2_font=\"Open Sans|700|||||||\" header_2_text_color=\"#d86ca6\" header_5_font=\"Open Sans|600|||||||\" header_5_text_color=\"#005c8c\" header_5_font_size=\"18px\" background_color=\"RGBA(255,255,255,0)\" custom_margin=\"0px|0px|0px|0px|false|false\" custom_padding=\"10px|20px|30px|20px|false|false\" hover_enabled=\"0\" global_colors_info=\"{}\" sticky_enabled=\"0\"]<b>Viola<\/b><\/p><h2>Muriel Razavi<\/h2><p><em><strong>Die amerikanisch-iranische Bratschistin Muriel Razavi geh\u00f6rt zu den vielversprechendsten Musikerinnen ihrer Generation und konzertiert weltweit in unterschiedlichen Formationen und Genres der klassischen Musik. Ab Oktober 2023D unterrichtet sie als Professorin f\u00fcr Viola an der Universit\u00e4t Mozarteum in Salzburg und an der Staatlichen Hochschule f\u00fcr Musik Trossingen..<\/strong><\/em>[\/et_pb_text][\/et_pb_column][et_pb_column type=\"1_3\" _builder_version=\"4.27.4\" _module_preset=\"default\" background_color=\"#FFFFFF\" global_colors_info=\"{}\"][et_pb_image src=\"https:\/\/www.anne-sophie-mutter.de\/wp-content\/uploads\/2025\/06\/2024_Razavi.jpg\" title_text=\"2024_Razavi\" force_fullwidth=\"on\" _builder_version=\"4.27.4\" _module_preset=\"default\" global_colors_info=\"{}\"][\/et_pb_image][\/et_pb_column][\/et_pb_row][\/et_pb_section][et_pb_section fb_built=\"1\" _builder_version=\"4.27.4\" _module_preset=\"default\" global_colors_info=\"{}\"][et_pb_row column_structure=\"3_5,2_5\" _builder_version=\"4.27.4\" _module_preset=\"default\" global_colors_info=\"{}\"][et_pb_column type=\"3_5\" _builder_version=\"4.27.4\" _module_preset=\"default\" global_colors_info=\"{}\"][et_pb_text _builder_version=\"4.27.4\" _module_preset=\"default\" global_colors_info=\"{}\"]<\/p><p>Zuvor hielt sie die Stelle der Stellv. Solo-Bratschistin des MDR Sinfonieorchesters Leipzig inne und wirkte zwei Jahre in ehrenamtlicher Arbeit als Mentorin im mentoringArts Programm an der Hochschule f\u00fcr Musik und Theater Leipzig f\u00fcr die berufliche Vorbereitung Studierender im Musikbetrieb.<\/p><p>Muriel Razavi promoviert an der Hochschule f\u00fcr Musik und Theater Hamburg unter der k\u00fcnstlerischen Betreuung von Daniel Barenboim, wo sie zum Re-Orientalismus bei zeitgen\u00f6ssischer Musik iranischer Komponistinnen der \u201eIranian Female Composers Association\u201c forscht. Im Jahr 2022 wurde sie f\u00fcr ihre Performance f\u00fcr Bratsche Solo \u201eancient eve is once again offering apples\u201c mit dem \u201ePreis f\u00fcr ein herausragendes Programm mit einer besonderen gesellschaftlichen Relevanz\u201c beim Db\u00fc-Wettbewerb ausgezeichnet. Mit ihrer Perfomance trat sie in der Saison 22\/23 beim Ultraschallfestival Berlin und beim Heidelberger Fr\u00fchling auf. Mit dem Konzert f\u00fcr Viola und Orchester \u201eher path through clay and silk\u201d, das sie an die Komponistin Golfam Khayam vergab, deb\u00fctierte sie unter dem Dirigat von Thorsten Encke.<\/p><p>Die Gewinnerin des internationalen \u201eWashington String Competition\u201c (Washington D.C., 2018), sowie Preistr\u00e4gerin der internationalen Wettbewerbe \u201eMichael Spisak\u201c (Katowice, 2017) und \u201eCitt\u00e0 di Cremona\u201c des 43. internationalen Viola Kongresses (Cremona, 2016) konzertiert bei Festivals, wie dem Schleswig-Holstein Festival, dem Mecklenburg-Vorpommern Festival, dem Rheingau Musikfestival, dem Stavelot Festival in Belgien, dem Yeosu Festival in S\u00fcdkorea und dem \u201eSemanas Musicales de Frutillar\u201c in Chile, wo sie auch einen Meisterkurs gab. Zu ihren Kammermusikpartner:innen geh\u00f6ren Baiba Skride, Kian Soltani, Harriet Krijgh und Frank Braley.<\/p><p>[\/et_pb_text][\/et_pb_column][et_pb_column type=\"2_5\" _builder_version=\"4.27.4\" _module_preset=\"default\" global_colors_info=\"{}\"][\/et_pb_column][\/et_pb_row][\/et_pb_section][et_pb_section fb_built=\"1\" fullwidth=\"on\" disabled_on=\"off|off|off\" _builder_version=\"4.27.4\" _module_preset=\"default\" background_color=\"RGBA(255,255,255,0)\" background_video_mp4=\"https:\/\/www.anne-sophie-mutter.de\/wp-content\/uploads\/2025\/05\/Stipentiaten.mp4\" height=\"400px\" custom_margin=\"0px||0px||false|false\" custom_padding=\"0px||0px||false|false\" global_colors_info=\"{}\"][\/et_pb_section][et_pb_section fb_built=\"1\" _builder_version=\"4.27.4\" _module_preset=\"default\" global_colors_info=\"{}\"][et_pb_row column_structure=\"1_3,2_3\" _builder_version=\"4.27.4\" _module_preset=\"default\" global_colors_info=\"{}\"][et_pb_column type=\"1_3\" _builder_version=\"4.27.4\" _module_preset=\"default\" global_colors_info=\"{}\"][\/et_pb_column][et_pb_column type=\"2_3\" _builder_version=\"4.27.4\" _module_preset=\"default\" global_colors_info=\"{}\"][et_pb_text _builder_version=\"4.27.4\" _module_preset=\"default\" global_colors_info=\"{}\"]<\/p><p>Als Mitglied des West- Eastern Divan Orchesters unter der Leitung von Daniel Barenboim und des Solisten- Ensembles \u201eMutter\u00b4s Virtuosi\u201c unter der musikalischen Leitung der Geigerin Anne-Sophie Mutter konzertiert sie weltweit.<\/p><p>Sie studierte bei namhaften Lehrenden wie Prof. Tabea Zimmermann, Prof. Nils M\u00f6nkemeyer und Prof. Tatjana Masurenko. Im Jahr 2019 schloss sie ihr Masterstudium bei Prof. Wilfried Strehle an der Universit\u00e4t der K\u00fcnste in Berlin mit Bestnote ab.<\/p><p>Als Barockbratschistin vertiefte sie ihre Kenntnisse der historischen Auff\u00fchrungspraxis im \u201eBalthasar Neumann Ensemble\u201c unter der Leitung von Thomas Hengelbrock, im \u201eOrchestra of the Age of Enlightenment\u201c in London, im \u201eil pomo d\u00b4oro\u201c Ensemble und im Orchester \u201eLe Concert Olympique\u201c in Belgien.<\/p><p>Sie spielt auf einer f\u00fcr sie gebauten Bratsche des franz\u00f6sischen Geigenbauers Patrick Robin und eine alemannische Barockviola nach historischem Vorbild von Dorothea van der Woerd. Neben ihrem Musikstudium hat Muriel Razavi einen Bachelor Abschluss in \u201eGeschichte und Kultur des Vorderen Orients - Iranistik\u201c der FU Berlin und einen Master Abschluss in \u201eReligion und Kultur\u201c der HU Berlin.<\/p><p><a href=\"https:\/\/www.murielrazavi.com\/\" target=\"_blank\" rel=\"noreferrer noopener\">Webseite<\/a><\/p><p>Februar 2024<\/p><p>[\/et_pb_text][\/et_pb_column][\/et_pb_row][\/et_pb_section]<\/p>","_et_gb_content_width":"","inline_featured_image":false,"footnotes":""},"class_list":["post-5500","page","type-page","status-publish","hentry"],"acf":[],"yoast_head":"<!-- This site is optimized with the Yoast SEO plugin v27.4 - https:\/\/yoast.com\/product\/yoast-seo-wordpress\/ -->\n<title>Muriel Razavi, violist<\/title>\n<meta name=\"description\" content=\"Muriel Razavi, American-Iranian violist, is one of the most promising musicians of her generation.\" \/>\n<meta name=\"robots\" content=\"index, follow, max-snippet:-1, max-image-preview:large, max-video-preview:-1\" \/>\n<link rel=\"canonical\" href=\"https:\/\/www.anne-sophie-mutter.de\/muriel-razavi\/\" \/>\n<meta property=\"og:locale\" content=\"en_US\" \/>\n<meta property=\"og:type\" content=\"article\" \/>\n<meta property=\"og:title\" content=\"Muriel Razavi, violist\" \/>\n<meta property=\"og:description\" content=\"Muriel Razavi, American-Iranian violist, is one of the most promising musicians of her generation.\" \/>\n<meta property=\"og:site_name\" content=\"Anne-Sophie Mutter - official website\" \/>\n<meta property=\"article:modified_time\" content=\"2025-10-21T15:11:29+00:00\" \/>\n<meta name=\"twitter:card\" content=\"summary_large_image\" \/>\n<meta name=\"twitter:label1\" content=\"Est. reading time\" \/>\n\t<meta name=\"twitter:data1\" content=\"4 minutes\" \/>\n<script type=\"application\/ld+json\" class=\"yoast-schema-graph\">{\"@context\":\"https:\\\/\\\/schema.org\",\"@graph\":[{\"@type\":\"WebPage\",\"@id\":\"https:\\\/\\\/www.anne-sophie-mutter.de\\\/muriel-razavi\\\/\",\"url\":\"https:\\\/\\\/www.anne-sophie-mutter.de\\\/muriel-razavi\\\/\",\"name\":\"Muriel Razavi, violist\",\"isPartOf\":{\"@id\":\"https:\\\/\\\/www.anne-sophie-mutter.de\\\/en\\\/#website\"},\"datePublished\":\"2025-08-03T18:53:22+00:00\",\"dateModified\":\"2025-10-21T15:11:29+00:00\",\"description\":\"Muriel Razavi, American-Iranian violist, is one of the most promising musicians of her generation.\",\"breadcrumb\":{\"@id\":\"https:\\\/\\\/www.anne-sophie-mutter.de\\\/muriel-razavi\\\/#breadcrumb\"},\"inLanguage\":\"en-US\",\"potentialAction\":[{\"@type\":\"ReadAction\",\"target\":[\"https:\\\/\\\/www.anne-sophie-mutter.de\\\/muriel-razavi\\\/\"]}]},{\"@type\":\"BreadcrumbList\",\"@id\":\"https:\\\/\\\/www.anne-sophie-mutter.de\\\/muriel-razavi\\\/#breadcrumb\",\"itemListElement\":[{\"@type\":\"ListItem\",\"position\":1,\"name\":\"Startseite\",\"item\":\"https:\\\/\\\/www.anne-sophie-mutter.de\\\/en\\\/\"},{\"@type\":\"ListItem\",\"position\":2,\"name\":\"Muriel Razavi\"}]},{\"@type\":\"WebSite\",\"@id\":\"https:\\\/\\\/www.anne-sophie-mutter.de\\\/en\\\/#website\",\"url\":\"https:\\\/\\\/www.anne-sophie-mutter.de\\\/en\\\/\",\"name\":\"Anne-Sophie Mutter - official website\",\"description\":\"\",\"potentialAction\":[{\"@type\":\"SearchAction\",\"target\":{\"@type\":\"EntryPoint\",\"urlTemplate\":\"https:\\\/\\\/www.anne-sophie-mutter.de\\\/en\\\/?s={search_term_string}\"},\"query-input\":{\"@type\":\"PropertyValueSpecification\",\"valueRequired\":true,\"valueName\":\"search_term_string\"}}],\"inLanguage\":\"en-US\"}]}<\/script>\n<!-- \/ Yoast SEO plugin. -->","yoast_head_json":{"title":"Muriel Razavi, violist","description":"Muriel Razavi, American-Iranian violist, is one of the most promising musicians of her generation.","robots":{"index":"index","follow":"follow","max-snippet":"max-snippet:-1","max-image-preview":"max-image-preview:large","max-video-preview":"max-video-preview:-1"},"canonical":"https:\/\/www.anne-sophie-mutter.de\/muriel-razavi\/","og_locale":"en_US","og_type":"article","og_title":"Muriel Razavi, violist","og_description":"Muriel Razavi, American-Iranian violist, is one of the most promising musicians of her generation.","og_site_name":"Anne-Sophie Mutter - official website","article_modified_time":"2025-10-21T15:11:29+00:00","twitter_card":"summary_large_image","twitter_misc":{"Est. reading time":"4 minutes"},"schema":{"@context":"https:\/\/schema.org","@graph":[{"@type":"WebPage","@id":"https:\/\/www.anne-sophie-mutter.de\/muriel-razavi\/","url":"https:\/\/www.anne-sophie-mutter.de\/muriel-razavi\/","name":"Muriel Razavi, violist","isPartOf":{"@id":"https:\/\/www.anne-sophie-mutter.de\/en\/#website"},"datePublished":"2025-08-03T18:53:22+00:00","dateModified":"2025-10-21T15:11:29+00:00","description":"Muriel Razavi, American-Iranian violist, is one of the most promising musicians of her generation.","breadcrumb":{"@id":"https:\/\/www.anne-sophie-mutter.de\/muriel-razavi\/#breadcrumb"},"inLanguage":"en-US","potentialAction":[{"@type":"ReadAction","target":["https:\/\/www.anne-sophie-mutter.de\/muriel-razavi\/"]}]},{"@type":"BreadcrumbList","@id":"https:\/\/www.anne-sophie-mutter.de\/muriel-razavi\/#breadcrumb","itemListElement":[{"@type":"ListItem","position":1,"name":"Startseite","item":"https:\/\/www.anne-sophie-mutter.de\/en\/"},{"@type":"ListItem","position":2,"name":"Muriel Razavi"}]},{"@type":"WebSite","@id":"https:\/\/www.anne-sophie-mutter.de\/en\/#website","url":"https:\/\/www.anne-sophie-mutter.de\/en\/","name":"Anne-Sophie Mutter - official website","description":"","potentialAction":[{"@type":"SearchAction","target":{"@type":"EntryPoint","urlTemplate":"https:\/\/www.anne-sophie-mutter.de\/en\/?s={search_term_string}"},"query-input":{"@type":"PropertyValueSpecification","valueRequired":true,"valueName":"search_term_string"}}],"inLanguage":"en-US"}]}},"_links":{"self":[{"href":"https:\/\/www.anne-sophie-mutter.de\/en\/wp-json\/wp\/v2\/pages\/5500","targetHints":{"allow":["GET"]}}],"collection":[{"href":"https:\/\/www.anne-sophie-mutter.de\/en\/wp-json\/wp\/v2\/pages"}],"about":[{"href":"https:\/\/www.anne-sophie-mutter.de\/en\/wp-json\/wp\/v2\/types\/page"}],"author":[{"embeddable":true,"href":"https:\/\/www.anne-sophie-mutter.de\/en\/wp-json\/wp\/v2\/users\/2"}],"replies":[{"embeddable":true,"href":"https:\/\/www.anne-sophie-mutter.de\/en\/wp-json\/wp\/v2\/comments?post=5500"}],"version-history":[{"count":7,"href":"https:\/\/www.anne-sophie-mutter.de\/en\/wp-json\/wp\/v2\/pages\/5500\/revisions"}],"predecessor-version":[{"id":10604,"href":"https:\/\/www.anne-sophie-mutter.de\/en\/wp-json\/wp\/v2\/pages\/5500\/revisions\/10604"}],"wp:attachment":[{"href":"https:\/\/www.anne-sophie-mutter.de\/en\/wp-json\/wp\/v2\/media?parent=5500"}],"curies":[{"name":"wp","href":"https:\/\/api.w.org\/{rel}","templated":true}]}}