{"id":5510,"date":"2025-08-03T15:27:57","date_gmt":"2025-08-03T13:27:57","guid":{"rendered":"https:\/\/www.anne-sophie-mutter.de\/?page_id=5510"},"modified":"2025-10-21T17:09:04","modified_gmt":"2025-10-21T15:09:04","slug":"mohamed-hiber","status":"publish","type":"page","link":"https:\/\/www.anne-sophie-mutter.de\/en\/mohamed-hiber\/","title":{"rendered":"Mohamed Hiber"},"content":{"rendered":"<p>[et_pb_section fb_built=&#8221;1&#8243; fullwidth=&#8221;on&#8221; _builder_version=&#8221;4.27.4&#8243; _module_preset=&#8221;default&#8221; custom_margin=&#8221;0px||0px||false|false&#8221; custom_padding=&#8221;0px||0px||false|false&#8221; global_colors_info=&#8221;{}&#8221;][et_pb_fullwidth_image src=&#8221;https:\/\/www.anne-sophie-mutter.de\/wp-content\/uploads\/2025\/05\/Header_Stiftung_D_smal-2.jpg&#8221; alt=&#8221;Stiftung&#8221; title_text=&#8221;Stiftung&#8221; src_tablet=&#8221;https:\/\/www.anne-sophie-mutter.de\/wp-content\/uploads\/2025\/05\/Header_Stiftung_D_smal-2.jpg&#8221; src_phone=&#8221;https:\/\/www.anne-sophie-mutter.de\/wp-content\/uploads\/2025\/09\/Header_Stiftung_D_mob.jpg&#8221; src_last_edited=&#8221;on|phone&#8221; _builder_version=&#8221;4.27.4&#8243; _module_preset=&#8221;default&#8221; global_colors_info=&#8221;{}&#8221;][\/et_pb_fullwidth_image][\/et_pb_section][et_pb_section fb_built=&#8221;1&#8243; admin_label=&#8221;Die Stip&#8221; _builder_version=&#8221;4.27.4&#8243; _module_preset=&#8221;default&#8221; background_color=&#8221;#eff0ff&#8221; background_image=&#8221;https:\/\/www.anne-sophie-mutter.de\/wp-content\/uploads\/2025\/08\/farbflache_THE-SCHOLARSHIP-HOLDERS_1.jpg&#8221; parallax=&#8221;on&#8221; custom_margin=&#8221;100px||0px||false|false&#8221; custom_padding=&#8221;100px||100px||false|false&#8221; locked=&#8221;off&#8221; global_colors_info=&#8221;{}&#8221;][et_pb_row _builder_version=&#8221;4.27.4&#8243; _module_preset=&#8221;default&#8221; custom_margin=&#8221;0px||100px||false|false&#8221; custom_padding=&#8221;0px||0px||false|false&#8221; global_colors_info=&#8221;{}&#8221;][et_pb_column type=&#8221;4_4&#8243; _builder_version=&#8221;4.27.4&#8243; _module_preset=&#8221;default&#8221; global_colors_info=&#8221;{}&#8221;][et_pb_text _builder_version=&#8221;4.27.4&#8243; _module_preset=&#8221;default&#8221; text_font=&#8221;&#8211;et_global_body_font||||||||&#8221; text_text_color=&#8221;#ffffff&#8221; text_font_size=&#8221;60px&#8221; text_line_height=&#8221;0.7em&#8221; header_text_color=&#8221;#FFFFFF&#8221; header_font_size=&#8221;50px&#8221; header_line_height=&#8221;0.7em&#8221; header_2_font=&#8221;Open Sans|700|||||||&#8221; header_2_text_color=&#8221;#d86ca6&#8243; header_2_font_size=&#8221;30px&#8221; background_color=&#8221;#FFFFFF&#8221; width=&#8221;230px&#8221; height=&#8221;230px&#8221; custom_margin=&#8221;0px||0px|0px|false|false&#8221; custom_padding=&#8221;10px||0px|15px|false|false&#8221; border_width_all=&#8221;1px&#8221; border_color_all=&#8221;#c128a8&#8243; global_colors_info=&#8221;{}&#8221;]<\/p>\n<h2>THE SCHOLARSHIP HOLDERS<\/h2>\n<p>[\/et_pb_text][\/et_pb_column][\/et_pb_row][et_pb_row column_structure=&#8221;3_5,2_5&#8243; use_custom_gutter=&#8221;on&#8221; admin_label=&#8221;Mohamed Hiber&#8221; _builder_version=&#8221;4.27.4&#8243; _module_preset=&#8221;default&#8221; custom_margin=&#8221;0px||40px||false|false&#8221; custom_padding=&#8221;0px|0px|0px|0px|false|false&#8221; global_colors_info=&#8221;{}&#8221;][et_pb_column type=&#8221;3_5&#8243; _builder_version=&#8221;4.27.4&#8243; _module_preset=&#8221;default&#8221; background_color=&#8221;RGBA(255,255,255,0)&#8221; global_colors_info=&#8221;{}&#8221;][et_pb_text _builder_version=&#8221;4.27.4&#8243; _module_preset=&#8221;default&#8221; text_line_height=&#8221;1.5em&#8221; header_2_font=&#8221;Open Sans|700|||||||&#8221; header_2_text_color=&#8221;#d86ca6&#8243; header_5_font=&#8221;Open Sans|600|||||||&#8221; header_5_text_color=&#8221;#005c8c&#8221; header_5_font_size=&#8221;18px&#8221; background_color=&#8221;#FFFFFF&#8221; custom_margin=&#8221;0px|0px|0px|0px|false|false&#8221; custom_padding=&#8221;10px|20px|30px|20px|false|false&#8221; global_colors_info=&#8221;{}&#8221;]<\/p>\n<p><b>Violin<\/b><\/p>\n<h2><\/h2>\n<h2>Mohamed Hiber<\/h2>\n<p>[\/et_pb_text][et_pb_text _builder_version=&#8221;4.27.4&#8243; _module_preset=&#8221;default&#8221; text_line_height=&#8221;1.5em&#8221; header_2_font=&#8221;Open Sans|700|||||||&#8221; header_2_text_color=&#8221;#d86ca6&#8243; header_5_font=&#8221;Open Sans|600|||||||&#8221; header_5_text_color=&#8221;#005c8c&#8221; header_5_font_size=&#8221;18px&#8221; background_color=&#8221;#FFFFFF&#8221; custom_margin=&#8221;30px|0px|0px|0px|false|false&#8221; custom_padding=&#8221;10px|20px|30px|20px|false|false&#8221; global_colors_info=&#8221;{}&#8221;]<em><strong>&#8220;A precocious and bright musician with an exceptional musical gift, Mohamed Hiber is a very talented violinist.\u201c<br \/>\n<\/strong>\u2013 Le Figaro, Paris<\/em>[\/et_pb_text][\/et_pb_column][et_pb_column type=&#8221;2_5&#8243; _builder_version=&#8221;4.27.4&#8243; _module_preset=&#8221;default&#8221; background_color=&#8221;RGBA(255,255,255,0)&#8221; global_colors_info=&#8221;{}&#8221;][et_pb_image src=&#8221;https:\/\/www.anne-sophie-mutter.de\/wp-content\/uploads\/2025\/07\/Hiber_2019.jpg&#8221; title_text=&#8221;Hiber_2019&#8243; force_fullwidth=&#8221;on&#8221; _builder_version=&#8221;4.27.4&#8243; _module_preset=&#8221;default&#8221; global_colors_info=&#8221;{}&#8221;][\/et_pb_image][\/et_pb_column][\/et_pb_row][\/et_pb_section][et_pb_section fb_built=&#8221;1&#8243; _builder_version=&#8221;4.27.4&#8243; _module_preset=&#8221;default&#8221; global_colors_info=&#8221;{}&#8221;][et_pb_row column_structure=&#8221;3_5,2_5&#8243; _builder_version=&#8221;4.27.4&#8243; _module_preset=&#8221;default&#8221; custom_margin_tablet=&#8221;&#8221; custom_margin_phone=&#8221;|10px||10px|false|false&#8221; custom_margin_last_edited=&#8221;on|phone&#8221; global_colors_info=&#8221;{}&#8221;][et_pb_column type=&#8221;3_5&#8243; _builder_version=&#8221;4.27.4&#8243; _module_preset=&#8221;default&#8221; global_colors_info=&#8221;{}&#8221;][et_pb_text _builder_version=&#8221;4.27.4&#8243; _module_preset=&#8221;default&#8221; global_colors_info=&#8221;{}&#8221;]Born in Pantin near Paris in 1995, Mohamed Hiber is a distinctive soloist, but also an enthusiastic chamber music player and sought-after concertmaster. He has a close and long-standing collaboration with two of the world\u2019s greatest artists, Daniel Barenboim and Anne-Sophie Mutter. As concertmaster of the West-Eastern Divan Orchestra conducted by Daniel Barenboim since 2019 (and a member of the orchestra since 2010), he also tours the world with the violinist Anne-Sophie Mutter. Since 2020 Mohamed Hiber has been a fellow of the Anne-Sophie Mutter Foundation.<\/p>\n<p>Mohamed Hiber studied the violin with Ana Chumachenco starting in 2013, first in Madrid at the Escuela Superior de M\u00fasica Reina Sof\u00eda and then in Munich Music Academy, from which he graduated with a Master\u2019s degree in 2020.<\/p>\n<p>Mohamed Hiber has performed as a soloist with the London Symphony Orchestra, the Czech Philharmonic Orchestra, Philharmonie S\u00fcdwestfalen, Philharmonie Baden-Baden, MDR Sinfonieorchester, the Danubian Orchestra, the Royal Chamber Orchestra of Wallonia and the Gstaad Festival Orchestra.<\/p>\n<p>He regularly collaborates with renowned conductors ranging from Nabil Shehata and Marie Jacquot, Frank Braley and Robert Farkas to Andr\u00e1s Schiff and Neeme J\u00e4rvi.[\/et_pb_text][\/et_pb_column][et_pb_column type=&#8221;2_5&#8243; _builder_version=&#8221;4.27.4&#8243; _module_preset=&#8221;default&#8221; global_colors_info=&#8221;{}&#8221;][\/et_pb_column][\/et_pb_row][\/et_pb_section][et_pb_section fb_built=&#8221;1&#8243; fullwidth=&#8221;on&#8221; disabled_on=&#8221;off|off|off&#8221; _builder_version=&#8221;4.27.4&#8243; _module_preset=&#8221;default&#8221; background_color=&#8221;RGBA(255,255,255,0)&#8221; background_video_mp4=&#8221;https:\/\/www.anne-sophie-mutter.de\/wp-content\/uploads\/2025\/05\/Stipentiaten.mp4&#8243; height=&#8221;400px&#8221; custom_margin=&#8221;0px||0px||false|false&#8221; custom_padding=&#8221;0px||0px||false|false&#8221; global_colors_info=&#8221;{}&#8221;][\/et_pb_section][et_pb_section fb_built=&#8221;1&#8243; _builder_version=&#8221;4.27.4&#8243; _module_preset=&#8221;default&#8221; global_colors_info=&#8221;{}&#8221;][et_pb_row column_structure=&#8221;1_3,2_3&#8243; _builder_version=&#8221;4.27.4&#8243; _module_preset=&#8221;default&#8221; custom_margin=&#8221;|10px||10px|false|false&#8221; global_colors_info=&#8221;{}&#8221;][et_pb_column type=&#8221;1_3&#8243; _builder_version=&#8221;4.27.4&#8243; _module_preset=&#8221;default&#8221; global_colors_info=&#8221;{}&#8221;][\/et_pb_column][et_pb_column type=&#8221;2_3&#8243; _builder_version=&#8221;4.27.4&#8243; _module_preset=&#8221;default&#8221; global_colors_info=&#8221;{}&#8221;][et_pb_text _builder_version=&#8221;4.27.4&#8243; _module_preset=&#8221;default&#8221; global_colors_info=&#8221;{}&#8221;]<\/p>\n<p>As a recitalist and keen chamber musician, Mohamed Hiber frequently collaborates with Daniel Barenboim, Anne-Sophie Mutter, Elena Bashkirova, Yuri Bashmet, Gautier Capu\u00e7on, Martha Argerich, Frank Braley, Khatia Buniatishvili, G\u00e9rard Causs\u00e9, Kian Soltani, Daishin Kashimoto, Maxim Rysanov, Mihaela Martin, Frans Helmerson, Fran\u00e7ois Leleux, Nabil Shehata, Boris Brovtsyn, Itamar Golan, Fr\u00e9d\u00e9ric Guy, Alexandre Tharaud, Amihai Grosz, Edgar Moreau, Pascal Moragues. With these musicians, Mohamed Hiber performs regularly in the world\u2019s most important chamber music series, such as the Lucerne Festival, the Beethovenfest in Bonn, the Intonations Festival in Berlin, the Salzburg Festival, the Jerusalem International Chamber Music Festival, the Rolandseck Festival, Louisiana Museum of Modern Art chamber music series in Denmark, and the Easter Festival in Aix-en-Provence.<\/p>\n<p>He is also the founder of the Elyon Piano Trio, together with the Hungarian cellist Laura Szabo and the Austrian pianist Maximilian Flieder. The Elyon Trio has participated in the Beethovenfest in Bonn and the Schubertiade in Schwarzenberg, Austria.<\/p>\n<p>Mohamed Hiber currently plays an instrument made by Jean-Baptiste Vuillaume (1858) and two bows made by Benoit Rolland, all on generous loan from the Anne-Sophie Mutter Foundation.<\/p>\n<p>April 2022<\/p>\n<p>[\/et_pb_text][et_pb_button button_url=&#8221;\/en\/scholarship-holders\/&#8221; button_text=&#8221;Back&#8221; button_alignment=&#8221;left&#8221; _builder_version=&#8221;4.27.4&#8243; _module_preset=&#8221;default&#8221; custom_button=&#8221;on&#8221; button_text_size=&#8221;16px&#8221; button_text_color=&#8221;#d86ca6&#8243; button_border_width=&#8221;2px&#8221; button_border_color=&#8221;#d86ca6&#8243; button_border_radius=&#8221;0px&#8221; button_icon=&#8221;&#x24;||divi||400&#8243; button_icon_color=&#8221;#d86ca6&#8243; custom_margin=&#8221;20px||||false|false&#8221; global_colors_info=&#8221;{}&#8221;][\/et_pb_button][\/et_pb_column][\/et_pb_row][\/et_pb_section]<\/p>\n","protected":false},"excerpt":{"rendered":"<p>THE SCHOLARSHIP HOLDERSViolin Mohamed Hiber&#8221;A precocious and bright musician with an exceptional musical gift, Mohamed Hiber is a very talented violinist.\u201c \u2013 Le Figaro, ParisBorn in Pantin near Paris in [&hellip;]<\/p>\n","protected":false},"author":2,"featured_media":0,"parent":0,"menu_order":0,"comment_status":"closed","ping_status":"closed","template":"","meta":{"_acf_changed":false,"_et_pb_use_builder":"on","_et_pb_old_content":"<p>[et_pb_section fb_built=\"1\" fullwidth=\"on\" _builder_version=\"4.27.4\" _module_preset=\"default\" custom_margin=\"0px||0px||false|false\" custom_padding=\"0px||0px||false|false\" global_colors_info=\"{}\"][et_pb_fullwidth_image src=\"https:\/\/www.anne-sophie-mutter.de\/wp-content\/uploads\/2025\/05\/Header_Stiftung_D_smal-2.jpg\" title_text=\"Header_Stiftung_D_smal\" _builder_version=\"4.27.4\" _module_preset=\"default\" global_colors_info=\"{}\"][\/et_pb_fullwidth_image][\/et_pb_section][et_pb_section fb_built=\"1\" admin_label=\"Die Stip\" _builder_version=\"4.27.4\" _module_preset=\"default\" background_color=\"#eff0ff\" background_image=\"https:\/\/www.anne-sophie-mutter.de\/wp-content\/uploads\/2025\/06\/farbflaeche_die-stipendiaten_1.jpg\" parallax=\"on\" custom_margin=\"100px||0px||false|false\" custom_padding=\"100px||100px||false|false\" locked=\"off\" global_colors_info=\"{}\"][et_pb_row _builder_version=\"4.27.4\" _module_preset=\"default\" custom_margin=\"0px||100px||false|false\" custom_padding=\"0px||0px||false|false\" global_colors_info=\"{}\"][et_pb_column type=\"4_4\" _builder_version=\"4.27.4\" _module_preset=\"default\" global_colors_info=\"{}\"][et_pb_text _builder_version=\"4.27.4\" _module_preset=\"default\" text_font=\"--et_global_body_font||||||||\" text_text_color=\"#ffffff\" text_font_size=\"60px\" text_line_height=\"0.7em\" header_text_color=\"#FFFFFF\" header_font_size=\"50px\" header_line_height=\"0.7em\" header_2_font=\"Open Sans|700|||||||\" header_2_text_color=\"#d86ca6\" header_2_font_size=\"30px\" background_color=\"#FFFFFF\" width=\"230px\" height=\"230px\" custom_margin=\"0px||0px|0px|false|false\" custom_padding=\"10px||0px|15px|false|false\" border_width_all=\"1px\" border_color_all=\"#c128a8\" global_colors_info=\"{}\"]<\/p><h2>DIE <br \/>STIPEN-DIATEN<\/h2><p>[\/et_pb_text][\/et_pb_column][\/et_pb_row][et_pb_row column_structure=\"3_5,2_5\" use_custom_gutter=\"on\" admin_label=\"Mohamed Hiber\" _builder_version=\"4.27.4\" _module_preset=\"default\" custom_margin=\"0px||40px||false|false\" custom_padding=\"0px|0px|0px|0px|false|false\" global_colors_info=\"{}\"][et_pb_column type=\"3_5\" _builder_version=\"4.27.4\" _module_preset=\"default\" background_color=\"RGBA(255,255,255,0)\" global_colors_info=\"{}\"][et_pb_text _builder_version=\"4.27.4\" _module_preset=\"default\" text_line_height=\"1.5em\" header_2_font=\"Open Sans|700|||||||\" header_2_text_color=\"#d86ca6\" header_5_font=\"Open Sans|600|||||||\" header_5_text_color=\"#005c8c\" header_5_font_size=\"18px\" background_color=\"#FFFFFF\" custom_margin=\"0px|0px|0px|0px|false|false\" custom_padding=\"10px|20px|30px|20px|false|false\" hover_enabled=\"0\" global_colors_info=\"{}\" sticky_enabled=\"0\"]<\/p><p><b>Violine<\/b><\/p><h2>Mohamed Hiber<\/h2><p>[\/et_pb_text][et_pb_text _builder_version=\"4.27.4\" _module_preset=\"default\" text_line_height=\"1.5em\" header_2_font=\"Open Sans|700|||||||\" header_2_text_color=\"#d86ca6\" header_5_font=\"Open Sans|600|||||||\" header_5_text_color=\"#005c8c\" header_5_font_size=\"18px\" background_color=\"#FFFFFF\" custom_margin=\"30px|0px|0px|0px|false|false\" custom_padding=\"10px|20px|30px|20px|false|false\" hover_enabled=\"0\" global_colors_info=\"{}\" sticky_enabled=\"0\"]<\/p><p><em><strong>\u201eEin fr\u00fchreifer, intelligenter Musiker mit au\u00dferordentlichen musikalischen Gaben: Mohamed Hiber ist ein sehr talentierter Geiger.\u201c<br \/><\/strong>\u2013 Le Figaro, Paris<\/em><\/p><p>[\/et_pb_text][\/et_pb_column][et_pb_column type=\"2_5\" _builder_version=\"4.27.4\" _module_preset=\"default\" background_color=\"#FFFFFF\" global_colors_info=\"{}\"][et_pb_image src=\"https:\/\/www.anne-sophie-mutter.de\/wp-content\/uploads\/2025\/07\/Hiber_2019.jpg\" title_text=\"Hiber_2019\" force_fullwidth=\"on\" _builder_version=\"4.27.4\" _module_preset=\"default\" global_colors_info=\"{}\"][\/et_pb_image][\/et_pb_column][\/et_pb_row][\/et_pb_section][et_pb_section fb_built=\"1\" _builder_version=\"4.27.4\" _module_preset=\"default\" global_colors_info=\"{}\"][et_pb_row column_structure=\"3_5,2_5\" _builder_version=\"4.27.4\" _module_preset=\"default\" global_colors_info=\"{}\"][et_pb_column type=\"3_5\" _builder_version=\"4.27.4\" _module_preset=\"default\" global_colors_info=\"{}\"][et_pb_text _builder_version=\"4.27.4\" _module_preset=\"default\" global_colors_info=\"{}\"]<\/p><p>Mohamed Hiber, der 1995 in Pantin in der N\u00e4he von Paris geboren wurde, ist ein herausragender Solist, begeisterter Kammermusiker und gefragter Konzertmeister. Er arbeitet eng und seit langem mit Daniel Barenboim und Anne-Sophie Mutter, zwei der gr\u00f6\u00dften Musiker:innen der Welt, zusammen. Als Konzertmeister des West-Eastern Divan Orchestra seit 2019 (und Mitglied desselben seit 2010) tritt er unter der Leitung von Daniel Barenboim auf und gibt Konzerte auf der ganzen Welt mit Anne-Sophie Mutter. Seit 2020 ist Mohamed Hiber Stipendiat der Anne-Sophie Mutter Stiftung.<\/p><p>Mohamed Hiber studierte bei Ana Chumachenco ab 2013 Geige, zun\u00e4chst an der Escuela Superior de M\u00fasica Reina Sof\u00eda in Madrid und dann an der M\u00fcnchner Musikhochschule, wo er 2020 seinen Master-Abschluss erwarb.<\/p><p>Als Solist ist Mohamed Hiber mit dem London Symphony Orchestra, der Tschechischen Philharmonie, der Philharmonie S\u00fcdwestfalen, der Philharmonie Baden-Baden, dem MDR Sinfonieorchester, dem Danubian Orchestra, dem K\u00f6niglichen Kammerorchester der Wallonie und dem Gstaad Festival Orchestra aufgetreten.<\/p><p>Er arbeitet regelm\u00e4\u00dfig mit Dirigenten wie Nabil Shehata und Marie Jacquot, Frank Braley und Robert Farkas, Andr\u00e1s Schiff und Neeme J\u00e4rvi zusammen.<\/p><p>[\/et_pb_text][\/et_pb_column][et_pb_column type=\"2_5\" _builder_version=\"4.27.4\" _module_preset=\"default\" global_colors_info=\"{}\"][\/et_pb_column][\/et_pb_row][\/et_pb_section][et_pb_section fb_built=\"1\" fullwidth=\"on\" disabled_on=\"off|off|off\" _builder_version=\"4.27.4\" _module_preset=\"default\" background_color=\"RGBA(255,255,255,0)\" background_video_mp4=\"https:\/\/www.anne-sophie-mutter.de\/wp-content\/uploads\/2025\/05\/Stipentiaten.mp4\" height=\"400px\" custom_margin=\"0px||0px||false|false\" custom_padding=\"0px||0px||false|false\" global_colors_info=\"{}\"][\/et_pb_section][et_pb_section fb_built=\"1\" _builder_version=\"4.27.4\" _module_preset=\"default\" global_colors_info=\"{}\"][et_pb_row column_structure=\"1_3,2_3\" _builder_version=\"4.27.4\" _module_preset=\"default\" global_colors_info=\"{}\"][et_pb_column type=\"1_3\" _builder_version=\"4.27.4\" _module_preset=\"default\" global_colors_info=\"{}\"][\/et_pb_column][et_pb_column type=\"2_3\" _builder_version=\"4.27.4\" _module_preset=\"default\" global_colors_info=\"{}\"][et_pb_text _builder_version=\"4.27.4\" _module_preset=\"default\" global_colors_info=\"{}\"]<\/p><p>Als begeisterter Kammermusiker arbeitet Mohamed Hiber h\u00e4ufig mit Daniel Barenboim, Anne-Sophie Mutter, Elena Bashkirova, Yuri Bashmet, Gautier Capu\u00e7on, Martha Argerich, Frank Braley, Khatia Buniatishvili, G\u00e9rard Causs\u00e9, Kian Soltani, Daishin Kashimoto, Maxim Rysanov, Mihaela Martin, Frans Helmerson, Fran\u00e7ois Leleux, Nabil Shehata, Boris Brovtsyn, Itamar Golan, Fr\u00e9d\u00e9ric Guy, Alexandre Tharaud, Amihai Grosz, Edgar Moreau und Pascal Moragues zusammen. Mit diesen Musiker:innen tritt Mohamed Hiber in den wichtigsten Kammermusikreihen der Welt auf, so zum Beispiel beim Luzern Festival, dem Beethovenfest in Bonn, dem Intonations Festival in Berlin, den Salzburger Festspielen, dem Jerusalem International Chamber Music Festival, dem Rolandseck Festival, der Kammermusikreihe des Louisiana Museum of Modern Art in D\u00e4nemark und dem Osterfestival in Aix-en-Provence.<\/p><p>Er ist auch Gr\u00fcndungsmitglied des Elyon Piano Trio, gemeinsam mit der ungarischen Cellistin Laura Szabo und dem \u00f6sterreichischen Pianisten Maximilian Flieder. Das Elyon Piano Trio trat beim Beethovenfest in Bonn und bei der Schubertiade in Schwarzenberg, \u00d6sterreich, auf.<\/p><p>Mohamed Hiber spielt gegenw\u00e4rtig ein Instrument, das Jean-Baptiste Vuillaume im Jahr 1858 baute, sowie zwei B\u00f6gen von Benoit Rolland; alle drei werden ihm gro\u00dfz\u00fcgigerweise von der Anne-Sophie Mutter Stiftung zur Verf\u00fcgung gestellt.<\/p><p>Webseite<\/p><p>April 2022<\/p><p>[\/et_pb_text][\/et_pb_column][\/et_pb_row][\/et_pb_section]<\/p>","_et_gb_content_width":"","inline_featured_image":false,"footnotes":""},"class_list":["post-5510","page","type-page","status-publish","hentry"],"acf":[],"yoast_head":"<!-- This site is optimized with the Yoast SEO plugin v27.4 - https:\/\/yoast.com\/product\/yoast-seo-wordpress\/ -->\n<title>Mohamed Hiber, violinist<\/title>\n<meta name=\"description\" content=\"Mohamed Hiber, violinist, outstanding soloist, enthusiastic chamber musician and sought-after concertmaster.\" \/>\n<meta name=\"robots\" content=\"index, follow, max-snippet:-1, max-image-preview:large, max-video-preview:-1\" \/>\n<link rel=\"canonical\" href=\"https:\/\/www.anne-sophie-mutter.de\/mohamed-hiber\/\" \/>\n<meta property=\"og:locale\" content=\"en_US\" \/>\n<meta property=\"og:type\" content=\"article\" \/>\n<meta property=\"og:title\" content=\"Mohamed Hiber, violinist\" \/>\n<meta property=\"og:description\" content=\"Mohamed Hiber, violinist, outstanding soloist, enthusiastic chamber musician and sought-after concertmaster.\" \/>\n<meta property=\"og:site_name\" content=\"Anne-Sophie Mutter - official website\" \/>\n<meta property=\"article:modified_time\" content=\"2025-10-21T15:09:04+00:00\" \/>\n<meta name=\"twitter:card\" content=\"summary_large_image\" \/>\n<meta name=\"twitter:label1\" content=\"Est. reading time\" \/>\n\t<meta name=\"twitter:data1\" content=\"3 minutes\" \/>\n<script type=\"application\/ld+json\" class=\"yoast-schema-graph\">{\"@context\":\"https:\\\/\\\/schema.org\",\"@graph\":[{\"@type\":\"WebPage\",\"@id\":\"https:\\\/\\\/www.anne-sophie-mutter.de\\\/mohamed-hiber\\\/\",\"url\":\"https:\\\/\\\/www.anne-sophie-mutter.de\\\/mohamed-hiber\\\/\",\"name\":\"Mohamed Hiber, violinist\",\"isPartOf\":{\"@id\":\"https:\\\/\\\/www.anne-sophie-mutter.de\\\/en\\\/#website\"},\"datePublished\":\"2025-08-03T13:27:57+00:00\",\"dateModified\":\"2025-10-21T15:09:04+00:00\",\"description\":\"Mohamed Hiber, violinist, outstanding soloist, enthusiastic chamber musician and sought-after concertmaster.\",\"breadcrumb\":{\"@id\":\"https:\\\/\\\/www.anne-sophie-mutter.de\\\/mohamed-hiber\\\/#breadcrumb\"},\"inLanguage\":\"en-US\",\"potentialAction\":[{\"@type\":\"ReadAction\",\"target\":[\"https:\\\/\\\/www.anne-sophie-mutter.de\\\/mohamed-hiber\\\/\"]}]},{\"@type\":\"BreadcrumbList\",\"@id\":\"https:\\\/\\\/www.anne-sophie-mutter.de\\\/mohamed-hiber\\\/#breadcrumb\",\"itemListElement\":[{\"@type\":\"ListItem\",\"position\":1,\"name\":\"Startseite\",\"item\":\"https:\\\/\\\/www.anne-sophie-mutter.de\\\/en\\\/\"},{\"@type\":\"ListItem\",\"position\":2,\"name\":\"Mohamed Hiber\"}]},{\"@type\":\"WebSite\",\"@id\":\"https:\\\/\\\/www.anne-sophie-mutter.de\\\/en\\\/#website\",\"url\":\"https:\\\/\\\/www.anne-sophie-mutter.de\\\/en\\\/\",\"name\":\"Anne-Sophie Mutter - official website\",\"description\":\"\",\"potentialAction\":[{\"@type\":\"SearchAction\",\"target\":{\"@type\":\"EntryPoint\",\"urlTemplate\":\"https:\\\/\\\/www.anne-sophie-mutter.de\\\/en\\\/?s={search_term_string}\"},\"query-input\":{\"@type\":\"PropertyValueSpecification\",\"valueRequired\":true,\"valueName\":\"search_term_string\"}}],\"inLanguage\":\"en-US\"}]}<\/script>\n<!-- \/ Yoast SEO plugin. -->","yoast_head_json":{"title":"Mohamed Hiber, violinist","description":"Mohamed Hiber, violinist, outstanding soloist, enthusiastic chamber musician and sought-after concertmaster.","robots":{"index":"index","follow":"follow","max-snippet":"max-snippet:-1","max-image-preview":"max-image-preview:large","max-video-preview":"max-video-preview:-1"},"canonical":"https:\/\/www.anne-sophie-mutter.de\/mohamed-hiber\/","og_locale":"en_US","og_type":"article","og_title":"Mohamed Hiber, violinist","og_description":"Mohamed Hiber, violinist, outstanding soloist, enthusiastic chamber musician and sought-after concertmaster.","og_site_name":"Anne-Sophie Mutter - official website","article_modified_time":"2025-10-21T15:09:04+00:00","twitter_card":"summary_large_image","twitter_misc":{"Est. reading time":"3 minutes"},"schema":{"@context":"https:\/\/schema.org","@graph":[{"@type":"WebPage","@id":"https:\/\/www.anne-sophie-mutter.de\/mohamed-hiber\/","url":"https:\/\/www.anne-sophie-mutter.de\/mohamed-hiber\/","name":"Mohamed Hiber, violinist","isPartOf":{"@id":"https:\/\/www.anne-sophie-mutter.de\/en\/#website"},"datePublished":"2025-08-03T13:27:57+00:00","dateModified":"2025-10-21T15:09:04+00:00","description":"Mohamed Hiber, violinist, outstanding soloist, enthusiastic chamber musician and sought-after concertmaster.","breadcrumb":{"@id":"https:\/\/www.anne-sophie-mutter.de\/mohamed-hiber\/#breadcrumb"},"inLanguage":"en-US","potentialAction":[{"@type":"ReadAction","target":["https:\/\/www.anne-sophie-mutter.de\/mohamed-hiber\/"]}]},{"@type":"BreadcrumbList","@id":"https:\/\/www.anne-sophie-mutter.de\/mohamed-hiber\/#breadcrumb","itemListElement":[{"@type":"ListItem","position":1,"name":"Startseite","item":"https:\/\/www.anne-sophie-mutter.de\/en\/"},{"@type":"ListItem","position":2,"name":"Mohamed Hiber"}]},{"@type":"WebSite","@id":"https:\/\/www.anne-sophie-mutter.de\/en\/#website","url":"https:\/\/www.anne-sophie-mutter.de\/en\/","name":"Anne-Sophie Mutter - official website","description":"","potentialAction":[{"@type":"SearchAction","target":{"@type":"EntryPoint","urlTemplate":"https:\/\/www.anne-sophie-mutter.de\/en\/?s={search_term_string}"},"query-input":{"@type":"PropertyValueSpecification","valueRequired":true,"valueName":"search_term_string"}}],"inLanguage":"en-US"}]}},"_links":{"self":[{"href":"https:\/\/www.anne-sophie-mutter.de\/en\/wp-json\/wp\/v2\/pages\/5510","targetHints":{"allow":["GET"]}}],"collection":[{"href":"https:\/\/www.anne-sophie-mutter.de\/en\/wp-json\/wp\/v2\/pages"}],"about":[{"href":"https:\/\/www.anne-sophie-mutter.de\/en\/wp-json\/wp\/v2\/types\/page"}],"author":[{"embeddable":true,"href":"https:\/\/www.anne-sophie-mutter.de\/en\/wp-json\/wp\/v2\/users\/2"}],"replies":[{"embeddable":true,"href":"https:\/\/www.anne-sophie-mutter.de\/en\/wp-json\/wp\/v2\/comments?post=5510"}],"version-history":[{"count":7,"href":"https:\/\/www.anne-sophie-mutter.de\/en\/wp-json\/wp\/v2\/pages\/5510\/revisions"}],"predecessor-version":[{"id":10601,"href":"https:\/\/www.anne-sophie-mutter.de\/en\/wp-json\/wp\/v2\/pages\/5510\/revisions\/10601"}],"wp:attachment":[{"href":"https:\/\/www.anne-sophie-mutter.de\/en\/wp-json\/wp\/v2\/media?parent=5510"}],"curies":[{"name":"wp","href":"https:\/\/api.w.org\/{rel}","templated":true}]}}