{"id":5519,"date":"2025-08-03T21:02:58","date_gmt":"2025-08-03T19:02:58","guid":{"rendered":"https:\/\/www.anne-sophie-mutter.de\/?page_id=5519"},"modified":"2025-10-21T17:26:31","modified_gmt":"2025-10-21T15:26:31","slug":"sakura-toba","status":"publish","type":"page","link":"https:\/\/www.anne-sophie-mutter.de\/en\/sakura-toba\/","title":{"rendered":"Sakura Toba"},"content":{"rendered":"<p>[et_pb_section fb_built=&#8221;1&#8243; fullwidth=&#8221;on&#8221; _builder_version=&#8221;4.27.4&#8243; _module_preset=&#8221;default&#8221; custom_margin=&#8221;0px||0px||false|false&#8221; custom_padding=&#8221;0px||0px||false|false&#8221; global_colors_info=&#8221;{}&#8221;][et_pb_fullwidth_image src=&#8221;https:\/\/www.anne-sophie-mutter.de\/wp-content\/uploads\/2025\/05\/Header_Stiftung_D_smal-2.jpg&#8221; alt=&#8221;Stiftung&#8221; title_text=&#8221;Stiftung&#8221; src_tablet=&#8221;https:\/\/www.anne-sophie-mutter.de\/wp-content\/uploads\/2025\/05\/Header_Stiftung_D_smal-2.jpg&#8221; src_phone=&#8221;https:\/\/www.anne-sophie-mutter.de\/wp-content\/uploads\/2025\/09\/Header_Stiftung_D_mob.jpg&#8221; src_last_edited=&#8221;on|phone&#8221; _builder_version=&#8221;4.27.4&#8243; _module_preset=&#8221;default&#8221; global_colors_info=&#8221;{}&#8221;][\/et_pb_fullwidth_image][\/et_pb_section][et_pb_section fb_built=&#8221;1&#8243; admin_label=&#8221;Die Stip&#8221; _builder_version=&#8221;4.27.4&#8243; _module_preset=&#8221;default&#8221; background_color=&#8221;#eff0ff&#8221; background_image=&#8221;https:\/\/www.anne-sophie-mutter.de\/wp-content\/uploads\/2025\/08\/farbflache_THE-SCHOLARSHIP-HOLDERS_1.jpg&#8221; parallax=&#8221;on&#8221; custom_margin=&#8221;100px||0px||false|false&#8221; custom_padding=&#8221;100px||100px||false|false&#8221; locked=&#8221;off&#8221; global_colors_info=&#8221;{}&#8221;][et_pb_row _builder_version=&#8221;4.27.4&#8243; _module_preset=&#8221;default&#8221; custom_margin=&#8221;0px||100px||false|false&#8221; custom_padding=&#8221;0px||0px||false|false&#8221; global_colors_info=&#8221;{}&#8221;][et_pb_column type=&#8221;4_4&#8243; _builder_version=&#8221;4.27.4&#8243; _module_preset=&#8221;default&#8221; global_colors_info=&#8221;{}&#8221;][et_pb_text _builder_version=&#8221;4.27.4&#8243; _module_preset=&#8221;default&#8221; text_font=&#8221;&#8211;et_global_body_font||||||||&#8221; text_text_color=&#8221;#ffffff&#8221; text_font_size=&#8221;60px&#8221; text_line_height=&#8221;0.7em&#8221; header_text_color=&#8221;#FFFFFF&#8221; header_font_size=&#8221;50px&#8221; header_line_height=&#8221;0.7em&#8221; header_2_font=&#8221;Open Sans|700|||||||&#8221; header_2_text_color=&#8221;#d86ca6&#8243; header_2_font_size=&#8221;30px&#8221; background_color=&#8221;#FFFFFF&#8221; width=&#8221;230px&#8221; height=&#8221;230px&#8221; custom_margin=&#8221;0px||0px|0px|false|false&#8221; custom_padding=&#8221;10px||0px|15px|false|false&#8221; border_width_all=&#8221;1px&#8221; border_color_all=&#8221;#c128a8&#8243; global_colors_info=&#8221;{}&#8221;]<\/p>\n<h2>THE SCHOLARSHIP HOLDERS<\/h2>\n<p>[\/et_pb_text][\/et_pb_column][\/et_pb_row][et_pb_row column_structure=&#8221;2_3,1_3&#8243; use_custom_gutter=&#8221;on&#8221; admin_label=&#8221;Sakura Toba&#8221; _builder_version=&#8221;4.27.4&#8243; _module_preset=&#8221;default&#8221; custom_margin=&#8221;0px||40px||false|false&#8221; custom_padding=&#8221;0px|0px|0px|0px|false|false&#8221; global_colors_info=&#8221;{}&#8221;][et_pb_column type=&#8221;2_3&#8243; _builder_version=&#8221;4.27.4&#8243; _module_preset=&#8221;default&#8221; background_color=&#8221;#FFFFFF&#8221; global_colors_info=&#8221;{}&#8221;][et_pb_text _builder_version=&#8221;4.27.4&#8243; _module_preset=&#8221;default&#8221; text_line_height=&#8221;1.5em&#8221; header_2_font=&#8221;Open Sans|700|||||||&#8221; header_2_text_color=&#8221;#d86ca6&#8243; header_5_font=&#8221;Open Sans|600|||||||&#8221; header_5_text_color=&#8221;#005c8c&#8221; header_5_font_size=&#8221;18px&#8221; background_color=&#8221;RGBA(255,255,255,0)&#8221; custom_margin=&#8221;0px|0px|0px|0px|false|false&#8221; custom_padding=&#8221;10px|20px|30px|20px|false|false&#8221; global_colors_info=&#8221;{}&#8221;]<\/p>\n<p><b>Violoncello<\/b><\/p>\n<h2>Sakura Toba<\/h2>\n<p><em><strong>Sakura Toba was born into a family of professional musicians in Vienna, Austria, in 2005.\u2028<\/strong><\/em><\/p>\n<p><em><strong>In 2018, she won a gold medal at the 18th Izuminomori Junior Cello Competition in Japan, and a bronze medal at the 19th International \u201cNutcracker\u201d Televised Contest for Young Musicians, held in Moscow, Russia.<\/strong><\/em><\/p>\n<p>[\/et_pb_text][\/et_pb_column][et_pb_column type=&#8221;1_3&#8243; _builder_version=&#8221;4.27.4&#8243; _module_preset=&#8221;default&#8221; background_color=&#8221;RGBA(255,255,255,0)&#8221; global_colors_info=&#8221;{}&#8221;][et_pb_image src=&#8221;https:\/\/www.anne-sophie-mutter.de\/wp-content\/uploads\/2025\/08\/Sakura_TobaCJuliaWesely-7074.jpg&#8221; title_text=&#8221;Sakura_TobaCJuliaWesely-7074&#8243; force_fullwidth=&#8221;on&#8221; _builder_version=&#8221;4.27.4&#8243; _module_preset=&#8221;default&#8221; global_colors_info=&#8221;{}&#8221;][\/et_pb_image][\/et_pb_column][\/et_pb_row][\/et_pb_section][et_pb_section fb_built=&#8221;1&#8243; _builder_version=&#8221;4.27.4&#8243; _module_preset=&#8221;default&#8221; global_colors_info=&#8221;{}&#8221;][et_pb_row column_structure=&#8221;3_5,2_5&#8243; _builder_version=&#8221;4.27.4&#8243; _module_preset=&#8221;default&#8221; custom_margin_tablet=&#8221;&#8221; custom_margin_phone=&#8221;|10px||10px|false|false&#8221; custom_margin_last_edited=&#8221;on|phone&#8221; global_colors_info=&#8221;{}&#8221;][et_pb_column type=&#8221;3_5&#8243; _builder_version=&#8221;4.27.4&#8243; _module_preset=&#8221;default&#8221; global_colors_info=&#8221;{}&#8221;][et_pb_text _builder_version=&#8221;4.27.4&#8243; _module_preset=&#8221;default&#8221; global_colors_info=&#8221;{}&#8221;]Sakura gave her first solo recital in March 2019. In October of that year, she performed at Suntory Hall with the Japan Philharmonic Orchestra under the direction of Ryusuke Numajiri, as soloist in Tchaikovsky&#8217;s &#8220;Variations on a Rococo Theme\u201d . Since then she has performed with Yomiuri Nippon Symphony Orchestra, Tokyo Philharmonic Orchestra, Gunma Symphony Orchestra, City of Kyoto Symphony Orchestra, Hiroshima Symphony Orchestra, Orchestra Ensemble Kanazawa, Yokohama Sinfonietta, Mt. Fuji Philharmonic Orchestra, and Vienna Chamber Orchestra working with conductors Koichiro Harada, Naoto Otomo, Junichi Hirokami, Joji Hattori, Takeshi Ooi, Kazuki Yamada, Kosuke Tsunoda, Nodoka Okisawa, Taichi Deguchi, Gen Ohta and Stephanie Childress. She has also appeared at Tokyo Spring Festival and many other recital, and in 2020 was heard on NHK-FM\u2019s Classical Program &#8220;Recital Passio.\u201d \u2028 \u2028<\/p>\n<p>In November 2019 she was awarded \u201cThe 2nd Shinji Hattori Music Award,\u201d which is given to internationally promising young musicians.\u2028 \u2028[\/et_pb_text][\/et_pb_column][et_pb_column type=&#8221;2_5&#8243; _builder_version=&#8221;4.27.4&#8243; _module_preset=&#8221;default&#8221; global_colors_info=&#8221;{}&#8221;][\/et_pb_column][\/et_pb_row][\/et_pb_section][et_pb_section fb_built=&#8221;1&#8243; fullwidth=&#8221;on&#8221; disabled_on=&#8221;off|off|off&#8221; _builder_version=&#8221;4.27.4&#8243; _module_preset=&#8221;default&#8221; background_color=&#8221;RGBA(255,255,255,0)&#8221; background_video_mp4=&#8221;https:\/\/www.anne-sophie-mutter.de\/wp-content\/uploads\/2025\/05\/Stipentiaten.mp4&#8243; height=&#8221;400px&#8221; custom_margin=&#8221;0px||0px||false|false&#8221; custom_padding=&#8221;0px||0px||false|false&#8221; global_colors_info=&#8221;{}&#8221;][\/et_pb_section][et_pb_section fb_built=&#8221;1&#8243; _builder_version=&#8221;4.27.4&#8243; _module_preset=&#8221;default&#8221; global_colors_info=&#8221;{}&#8221;][et_pb_row column_structure=&#8221;1_3,2_3&#8243; _builder_version=&#8221;4.27.4&#8243; _module_preset=&#8221;default&#8221; custom_margin_tablet=&#8221;&#8221; custom_margin_phone=&#8221;|10px||10px|false|false&#8221; custom_margin_last_edited=&#8221;on|phone&#8221; global_colors_info=&#8221;{}&#8221;][et_pb_column type=&#8221;1_3&#8243; _builder_version=&#8221;4.27.4&#8243; _module_preset=&#8221;default&#8221; global_colors_info=&#8221;{}&#8221;][\/et_pb_column][et_pb_column type=&#8221;2_3&#8243; _builder_version=&#8221;4.27.4&#8243; _module_preset=&#8221;default&#8221; global_colors_info=&#8221;{}&#8221;][et_pb_text _builder_version=&#8221;4.27.4&#8243; _module_preset=&#8221;default&#8221; global_colors_info=&#8221;{}&#8221;]<\/p>\n<p>Sakura plays on a cello made by Jean Baptiste Vuillaume \u00e1 Paris Rue Croix des Petits Champs 1840, which is on loan from the Anne-Sophie Mutter foundation. Sakura has toured with the &#8220;Mutter&#8217;s Virtuosi&#8221; in June and September 2023 in Europe.<\/p>\n<p>In October 2025 she will make her debut as a soloist with the NHK Symphony Orchestra in Tokyo with Anton\u00edn Dvo\u0159\u00e1k&#8217;s Cello Concerto.<\/p>\n<p>Sakura began studying the cello at the age of six with Hakuro Mori. She has also attended master classes by Antonio Meneses and David Geringas at the Chigiana Summer Music Academy. She is a recipient of the 50th Ezoe Memorial Recruit Foundation scholarship (since 2021) and the 2021\uff062022 ROHM Music Foundation scholarship.\u2028<\/p>\n<p>\u2028She is currently studying at Berlin University of Arts with Prof. Jens-Peter Maintz from October 2022.<\/p>\n<p><a href=\"http:\/\/www.sakuratoba.com\/\" target=\"_blank\" rel=\"noreferrer noopener\">Website<\/a><\/p>\n<p>Photo: Julia Wesely<\/p>\n<p>June 2025<\/p>\n<p>[\/et_pb_text][et_pb_button button_url=&#8221;\/en\/scholarship-holders\/&#8221; button_text=&#8221;Back&#8221; button_alignment=&#8221;left&#8221; _builder_version=&#8221;4.27.4&#8243; _module_preset=&#8221;default&#8221; custom_button=&#8221;on&#8221; button_text_size=&#8221;16px&#8221; button_text_color=&#8221;#d86ca6&#8243; button_border_width=&#8221;2px&#8221; button_border_color=&#8221;#d86ca6&#8243; button_border_radius=&#8221;0px&#8221; button_icon=&#8221;&#x24;||divi||400&#8243; button_icon_color=&#8221;#d86ca6&#8243; custom_margin=&#8221;20px||||false|false&#8221; global_colors_info=&#8221;{}&#8221;][\/et_pb_button][\/et_pb_column][\/et_pb_row][\/et_pb_section]<\/p>\n","protected":false},"excerpt":{"rendered":"<p>THE SCHOLARSHIP HOLDERSVioloncello Sakura Toba Sakura Toba was born into a family of professional musicians in Vienna, Austria, in 2005.\u2028 In 2018, she won a gold medal at the 18th [&hellip;]<\/p>\n","protected":false},"author":2,"featured_media":0,"parent":0,"menu_order":0,"comment_status":"closed","ping_status":"closed","template":"","meta":{"_acf_changed":false,"_et_pb_use_builder":"on","_et_pb_old_content":"<p>[et_pb_section fb_built=\"1\" fullwidth=\"on\" _builder_version=\"4.27.4\" _module_preset=\"default\" custom_margin=\"0px||0px||false|false\" custom_padding=\"0px||0px||false|false\" global_colors_info=\"{}\"][et_pb_fullwidth_image src=\"https:\/\/www.anne-sophie-mutter.de\/wp-content\/uploads\/2025\/05\/Header_Stiftung_D_smal-2.jpg\" title_text=\"Header_Stiftung_D_smal\" _builder_version=\"4.27.4\" _module_preset=\"default\" global_colors_info=\"{}\"][\/et_pb_fullwidth_image][\/et_pb_section][et_pb_section fb_built=\"1\" admin_label=\"Die Stip\" _builder_version=\"4.27.4\" _module_preset=\"default\" background_color=\"#eff0ff\" background_image=\"https:\/\/www.anne-sophie-mutter.de\/wp-content\/uploads\/2025\/06\/farbflaeche_die-stipendiaten_1.jpg\" parallax=\"on\" custom_margin=\"100px||0px||false|false\" custom_padding=\"100px||100px||false|false\" locked=\"off\" global_colors_info=\"{}\"][et_pb_row _builder_version=\"4.27.4\" _module_preset=\"default\" custom_margin=\"0px||100px||false|false\" custom_padding=\"0px||0px||false|false\" global_colors_info=\"{}\"][et_pb_column type=\"4_4\" _builder_version=\"4.27.4\" _module_preset=\"default\" global_colors_info=\"{}\"][et_pb_text _builder_version=\"4.27.4\" _module_preset=\"default\" text_font=\"--et_global_body_font||||||||\" text_text_color=\"#ffffff\" text_font_size=\"60px\" text_line_height=\"0.7em\" header_text_color=\"#FFFFFF\" header_font_size=\"50px\" header_line_height=\"0.7em\" header_2_font=\"Open Sans|700|||||||\" header_2_text_color=\"#d86ca6\" header_2_font_size=\"30px\" background_color=\"#FFFFFF\" width=\"230px\" height=\"230px\" custom_margin=\"0px||0px|0px|false|false\" custom_padding=\"10px||0px|15px|false|false\" border_width_all=\"1px\" border_color_all=\"#c128a8\" global_colors_info=\"{}\"]<\/p><h2>DIE <br \/>STIPEN-DIATEN<\/h2><p>[\/et_pb_text][\/et_pb_column][\/et_pb_row][et_pb_row column_structure=\"2_3,1_3\" use_custom_gutter=\"on\" admin_label=\"Sakura Toba\" _builder_version=\"4.27.4\" _module_preset=\"default\" custom_margin=\"0px||40px||false|false\" custom_padding=\"0px|0px|0px|0px|false|false\" global_colors_info=\"{}\"][et_pb_column type=\"2_3\" _builder_version=\"4.27.4\" _module_preset=\"default\" background_color=\"#FFFFFF\" global_colors_info=\"{}\"][et_pb_text _builder_version=\"4.27.4\" _module_preset=\"default\" text_line_height=\"1.5em\" header_2_font=\"Open Sans|700|||||||\" header_2_text_color=\"#d86ca6\" header_5_font=\"Open Sans|600|||||||\" header_5_text_color=\"#005c8c\" header_5_font_size=\"18px\" background_color=\"RGBA(255,255,255,0)\" custom_margin=\"0px|0px|0px|0px|false|false\" custom_padding=\"10px|20px|30px|20px|false|false\" global_colors_info=\"{}\"]<\/p><p><b>Violoncello<\/b><\/p><h2>Sakura Toba<\/h2><p><em><strong>Sakura Toba wurde 2005 in Wien, \u00d6sterreich, geboren und begann ihr Cellostudium im Alter von sechs Jahren bei Hakuro Mori an der Toho Universit\u00e4t in Tokio.<\/strong><\/em><\/p><p><em><strong>2018 gewann sie eine Goldmedaille beim 18. Izuminomori Junior Cello-Wettbewerb in Japan und eine Bronzemedaille beim 19. Internationalen \u201eNussknacker\u201c-Fernsehwettbewerb f\u00fcr junge Musiker in Moskau, Russland..<\/strong><\/em><\/p><p>[\/et_pb_text][\/et_pb_column][et_pb_column type=\"1_3\" _builder_version=\"4.27.4\" _module_preset=\"default\" background_color=\"#FFFFFF\" global_colors_info=\"{}\"][et_pb_image src=\"https:\/\/www.anne-sophie-mutter.de\/wp-content\/uploads\/2025\/08\/Sakura_TobaCJuliaWesely-7074.jpg\" title_text=\"Sakura_TobaCJuliaWesely-7074\" force_fullwidth=\"on\" _builder_version=\"4.27.4\" _module_preset=\"default\" global_colors_info=\"{}\"][\/et_pb_image][\/et_pb_column][\/et_pb_row][\/et_pb_section][et_pb_section fb_built=\"1\" _builder_version=\"4.27.4\" _module_preset=\"default\" global_colors_info=\"{}\"][et_pb_row column_structure=\"3_5,2_5\" _builder_version=\"4.27.4\" _module_preset=\"default\" global_colors_info=\"{}\"][et_pb_column type=\"3_5\" _builder_version=\"4.27.4\" _module_preset=\"default\" global_colors_info=\"{}\"][et_pb_text _builder_version=\"4.27.4\" _module_preset=\"default\" global_colors_info=\"{}\"]<\/p><p>Sakura gab ihr erstes Solokonzert im M\u00e4rz 2019. Im Oktober desselben Jahres trat sie in der Suntory Hall mit dem Japan Philharmonic Orchestra unter der Leitung von Ryusuke Numajiri als Solistin in Tschaikowskys \u201eVariationen \u00fcber ein Rokoko-Thema\u201c auf. Seitdem konzertierte sie mit dem Yomiuri Nippon Symphony Orchestra, dem Tokyo Philharmonic Orchestra, dem City of Kyoto Symphony Orchestra, dem Hiroshima Symphony Orchestra, dem Gunma Symphony Orchestra, der Yokohama Sinfonietta, dem Mt. Fuji Philharmonic Orchestra und dem Wiener Kammerorchester in Zusammenarbeit mit den Dirigenten Koichiro Harada, Naoto Otomo, Junichi Hirokami, Joji Hattori, Takeshi Ooi, Kazuki Yamada, Kosuke Tsunoda, Nodoka Okisawa, Taichi Deguchi, Gen Ohta und Stephanie Childress. Ebenso war sie beim Tokyo Spring Festival und 2020 im Klassikprogramm \u201eRecital Passio\u201c von NHK-FM zu h\u00f6ren.<\/p><p>Im November 2019 wurde ihr der \u201e2. Shinji Hattori Music Award\u201c verliehen.<\/p><p>[\/et_pb_text][\/et_pb_column][et_pb_column type=\"2_5\" _builder_version=\"4.27.4\" _module_preset=\"default\" global_colors_info=\"{}\"][\/et_pb_column][\/et_pb_row][\/et_pb_section][et_pb_section fb_built=\"1\" fullwidth=\"on\" disabled_on=\"off|off|off\" _builder_version=\"4.27.4\" _module_preset=\"default\" background_color=\"RGBA(255,255,255,0)\" background_video_mp4=\"https:\/\/www.anne-sophie-mutter.de\/wp-content\/uploads\/2025\/05\/Stipentiaten.mp4\" height=\"400px\" custom_margin=\"0px||0px||false|false\" custom_padding=\"0px||0px||false|false\" global_colors_info=\"{}\"][\/et_pb_section][et_pb_section fb_built=\"1\" _builder_version=\"4.27.4\" _module_preset=\"default\" global_colors_info=\"{}\"][et_pb_row column_structure=\"1_3,2_3\" _builder_version=\"4.27.4\" _module_preset=\"default\" global_colors_info=\"{}\"][et_pb_column type=\"1_3\" _builder_version=\"4.27.4\" _module_preset=\"default\" global_colors_info=\"{}\"][\/et_pb_column][et_pb_column type=\"2_3\" _builder_version=\"4.27.4\" _module_preset=\"default\" global_colors_info=\"{}\"][et_pb_text _builder_version=\"4.27.4\" _module_preset=\"default\" global_colors_info=\"{}\"]<\/p><p>Sie besuchte Meisterkurse bei Antonio Meneses und David Geringas an der Chigiana Summer Music Academy und sie ist Stipendiatin der 50th Ezoe Memorial Recruit Foundation (seit 2021). 2021und 2022 erhielt sie ein Stipendium der ROHM Music Foundation.<\/p><p>Sakura Toba war mit Anne-Sophie Mutter und \u201eMutter's Virtuosi\u201c im Juni und September 2023 bei zahlreichen Konzerten in Europa auf Tournee.<\/p><p>Im Oktober 2025 debutiert sie mit dem Cellokonzert von Anton\u00edn Dvo\u0159\u00e1k als Solistin des NHK-Sinfonieorchester in Tokio.<\/p><p>Seit Oktober 2022 studiert sie an der Universit\u00e4t der K\u00fcnste Berlin bei Prof. Jens-Peter Maintz.<\/p><p>Sakura spielt auf einem Cello von Jean Baptiste Vuillaume \u00e1 Paris Rue Croix des Petits Champs 1840, einer Leihgabe der Anne-Sophie Mutter Stiftung.<\/p><p><a href=\"http:\/\/www.sakuratoba.com\/\" target=\"_blank\" rel=\"noreferrer noopener\">Webseite<\/a><\/p><p>Foto: Julia Wesely<\/p><p>Juni 2025<\/p><p>[\/et_pb_text][\/et_pb_column][\/et_pb_row][\/et_pb_section]<\/p>","_et_gb_content_width":"","inline_featured_image":false,"footnotes":""},"class_list":["post-5519","page","type-page","status-publish","hentry"],"acf":[],"yoast_head":"<!-- This site is optimized with the Yoast SEO plugin v27.4 - https:\/\/yoast.com\/product\/yoast-seo-wordpress\/ -->\n<title>Sakura Toba, cellist<\/title>\n<meta name=\"description\" content=\"Sakura Toba, cellist, toured with Anne-Sophie Mutter and \u201cMutter\u2019s Virtuosi\u201d in June and September 2023 at numerous concerts in Europe.\" \/>\n<meta name=\"robots\" content=\"index, follow, max-snippet:-1, max-image-preview:large, max-video-preview:-1\" \/>\n<link rel=\"canonical\" href=\"https:\/\/www.anne-sophie-mutter.de\/sakura-toba\/\" \/>\n<meta property=\"og:locale\" content=\"en_US\" \/>\n<meta property=\"og:type\" content=\"article\" \/>\n<meta property=\"og:title\" content=\"Sakura Toba, cellist\" \/>\n<meta property=\"og:description\" content=\"Sakura Toba, cellist, toured with Anne-Sophie Mutter and \u201cMutter\u2019s Virtuosi\u201d in June and September 2023 at numerous concerts in Europe.\" \/>\n<meta property=\"og:site_name\" content=\"Anne-Sophie Mutter - official website\" \/>\n<meta property=\"article:modified_time\" content=\"2025-10-21T15:26:31+00:00\" \/>\n<meta name=\"twitter:card\" content=\"summary_large_image\" \/>\n<meta name=\"twitter:label1\" content=\"Est. reading time\" \/>\n\t<meta name=\"twitter:data1\" content=\"3 minutes\" \/>\n<script type=\"application\/ld+json\" class=\"yoast-schema-graph\">{\"@context\":\"https:\\\/\\\/schema.org\",\"@graph\":[{\"@type\":\"WebPage\",\"@id\":\"https:\\\/\\\/www.anne-sophie-mutter.de\\\/sakura-toba\\\/\",\"url\":\"https:\\\/\\\/www.anne-sophie-mutter.de\\\/sakura-toba\\\/\",\"name\":\"Sakura Toba, cellist\",\"isPartOf\":{\"@id\":\"https:\\\/\\\/www.anne-sophie-mutter.de\\\/en\\\/#website\"},\"datePublished\":\"2025-08-03T19:02:58+00:00\",\"dateModified\":\"2025-10-21T15:26:31+00:00\",\"description\":\"Sakura Toba, cellist, toured with Anne-Sophie Mutter and \u201cMutter\u2019s Virtuosi\u201d in June and September 2023 at numerous concerts in Europe.\",\"breadcrumb\":{\"@id\":\"https:\\\/\\\/www.anne-sophie-mutter.de\\\/sakura-toba\\\/#breadcrumb\"},\"inLanguage\":\"en-US\",\"potentialAction\":[{\"@type\":\"ReadAction\",\"target\":[\"https:\\\/\\\/www.anne-sophie-mutter.de\\\/sakura-toba\\\/\"]}]},{\"@type\":\"BreadcrumbList\",\"@id\":\"https:\\\/\\\/www.anne-sophie-mutter.de\\\/sakura-toba\\\/#breadcrumb\",\"itemListElement\":[{\"@type\":\"ListItem\",\"position\":1,\"name\":\"Startseite\",\"item\":\"https:\\\/\\\/www.anne-sophie-mutter.de\\\/en\\\/\"},{\"@type\":\"ListItem\",\"position\":2,\"name\":\"Sakura Toba\"}]},{\"@type\":\"WebSite\",\"@id\":\"https:\\\/\\\/www.anne-sophie-mutter.de\\\/en\\\/#website\",\"url\":\"https:\\\/\\\/www.anne-sophie-mutter.de\\\/en\\\/\",\"name\":\"Anne-Sophie Mutter - official website\",\"description\":\"\",\"potentialAction\":[{\"@type\":\"SearchAction\",\"target\":{\"@type\":\"EntryPoint\",\"urlTemplate\":\"https:\\\/\\\/www.anne-sophie-mutter.de\\\/en\\\/?s={search_term_string}\"},\"query-input\":{\"@type\":\"PropertyValueSpecification\",\"valueRequired\":true,\"valueName\":\"search_term_string\"}}],\"inLanguage\":\"en-US\"}]}<\/script>\n<!-- \/ Yoast SEO plugin. -->","yoast_head_json":{"title":"Sakura Toba, cellist","description":"Sakura Toba, cellist, toured with Anne-Sophie Mutter and \u201cMutter\u2019s Virtuosi\u201d in June and September 2023 at numerous concerts in Europe.","robots":{"index":"index","follow":"follow","max-snippet":"max-snippet:-1","max-image-preview":"max-image-preview:large","max-video-preview":"max-video-preview:-1"},"canonical":"https:\/\/www.anne-sophie-mutter.de\/sakura-toba\/","og_locale":"en_US","og_type":"article","og_title":"Sakura Toba, cellist","og_description":"Sakura Toba, cellist, toured with Anne-Sophie Mutter and \u201cMutter\u2019s Virtuosi\u201d in June and September 2023 at numerous concerts in Europe.","og_site_name":"Anne-Sophie Mutter - official website","article_modified_time":"2025-10-21T15:26:31+00:00","twitter_card":"summary_large_image","twitter_misc":{"Est. reading time":"3 minutes"},"schema":{"@context":"https:\/\/schema.org","@graph":[{"@type":"WebPage","@id":"https:\/\/www.anne-sophie-mutter.de\/sakura-toba\/","url":"https:\/\/www.anne-sophie-mutter.de\/sakura-toba\/","name":"Sakura Toba, cellist","isPartOf":{"@id":"https:\/\/www.anne-sophie-mutter.de\/en\/#website"},"datePublished":"2025-08-03T19:02:58+00:00","dateModified":"2025-10-21T15:26:31+00:00","description":"Sakura Toba, cellist, toured with Anne-Sophie Mutter and \u201cMutter\u2019s Virtuosi\u201d in June and September 2023 at numerous concerts in Europe.","breadcrumb":{"@id":"https:\/\/www.anne-sophie-mutter.de\/sakura-toba\/#breadcrumb"},"inLanguage":"en-US","potentialAction":[{"@type":"ReadAction","target":["https:\/\/www.anne-sophie-mutter.de\/sakura-toba\/"]}]},{"@type":"BreadcrumbList","@id":"https:\/\/www.anne-sophie-mutter.de\/sakura-toba\/#breadcrumb","itemListElement":[{"@type":"ListItem","position":1,"name":"Startseite","item":"https:\/\/www.anne-sophie-mutter.de\/en\/"},{"@type":"ListItem","position":2,"name":"Sakura Toba"}]},{"@type":"WebSite","@id":"https:\/\/www.anne-sophie-mutter.de\/en\/#website","url":"https:\/\/www.anne-sophie-mutter.de\/en\/","name":"Anne-Sophie Mutter - official website","description":"","potentialAction":[{"@type":"SearchAction","target":{"@type":"EntryPoint","urlTemplate":"https:\/\/www.anne-sophie-mutter.de\/en\/?s={search_term_string}"},"query-input":{"@type":"PropertyValueSpecification","valueRequired":true,"valueName":"search_term_string"}}],"inLanguage":"en-US"}]}},"_links":{"self":[{"href":"https:\/\/www.anne-sophie-mutter.de\/en\/wp-json\/wp\/v2\/pages\/5519","targetHints":{"allow":["GET"]}}],"collection":[{"href":"https:\/\/www.anne-sophie-mutter.de\/en\/wp-json\/wp\/v2\/pages"}],"about":[{"href":"https:\/\/www.anne-sophie-mutter.de\/en\/wp-json\/wp\/v2\/types\/page"}],"author":[{"embeddable":true,"href":"https:\/\/www.anne-sophie-mutter.de\/en\/wp-json\/wp\/v2\/users\/2"}],"replies":[{"embeddable":true,"href":"https:\/\/www.anne-sophie-mutter.de\/en\/wp-json\/wp\/v2\/comments?post=5519"}],"version-history":[{"count":8,"href":"https:\/\/www.anne-sophie-mutter.de\/en\/wp-json\/wp\/v2\/pages\/5519\/revisions"}],"predecessor-version":[{"id":10618,"href":"https:\/\/www.anne-sophie-mutter.de\/en\/wp-json\/wp\/v2\/pages\/5519\/revisions\/10618"}],"wp:attachment":[{"href":"https:\/\/www.anne-sophie-mutter.de\/en\/wp-json\/wp\/v2\/media?parent=5519"}],"curies":[{"name":"wp","href":"https:\/\/api.w.org\/{rel}","templated":true}]}}