{"id":5535,"date":"2025-05-29T09:52:53","date_gmt":"2025-05-29T07:52:53","guid":{"rendered":"https:\/\/www.anne-sophie-mutter.de\/?page_id=5535"},"modified":"2025-10-21T17:39:41","modified_gmt":"2025-10-21T15:39:41","slug":"world-premieres","status":"publish","type":"page","link":"https:\/\/www.anne-sophie-mutter.de\/en\/world-premieres\/","title":{"rendered":"World Premieres"},"content":{"rendered":"<p>[et_pb_section fb_built=&#8221;1&#8243; fullwidth=&#8221;on&#8221; _builder_version=&#8221;4.27.4&#8243; _module_preset=&#8221;default&#8221; global_colors_info=&#8221;{}&#8221;][et_pb_fullwidth_image src=&#8221;https:\/\/www.anne-sophie-mutter.de\/wp-content\/uploads\/2025\/05\/Biografie_D_smal-2.jpg&#8221; title_text=&#8221;Biografie_ENG_mob&#8221; src_tablet=&#8221;https:\/\/www.anne-sophie-mutter.de\/wp-content\/uploads\/2025\/05\/Biografie_D_smal-2.jpg&#8221; src_phone=&#8221;https:\/\/www.anne-sophie-mutter.de\/wp-content\/uploads\/2025\/09\/Biografie_ENG_mob.jpg&#8221; src_last_edited=&#8221;on|phone&#8221; _builder_version=&#8221;4.27.4&#8243; _module_preset=&#8221;default&#8221; custom_margin=&#8221;0px||0px||false|false&#8221; custom_padding=&#8221;0px||0px||false|false&#8221; global_colors_info=&#8221;{}&#8221;][\/et_pb_fullwidth_image][\/et_pb_section][et_pb_section fb_built=&#8221;1&#8243; admin_label=&#8221;Biografie&#8221; _builder_version=&#8221;4.27.4&#8243; _module_preset=&#8221;default&#8221; background_enable_color=&#8221;off&#8221; background_image=&#8221;https:\/\/www.anne-sophie-mutter.de\/wp-content\/uploads\/2025\/08\/farbflache_worldpremierenes_1.jpg&#8221; parallax=&#8221;on&#8221; custom_margin=&#8221;100px||0px||false|false&#8221; custom_padding=&#8221;100px||100px||false|false&#8221; locked=&#8221;off&#8221; global_colors_info=&#8221;{}&#8221;][et_pb_row _builder_version=&#8221;4.27.4&#8243; _module_preset=&#8221;default&#8221; custom_margin=&#8221;0px||100px||false|false&#8221; custom_padding=&#8221;0px||0px||false|false&#8221; global_colors_info=&#8221;{}&#8221;][et_pb_column type=&#8221;4_4&#8243; _builder_version=&#8221;4.27.4&#8243; _module_preset=&#8221;default&#8221; global_colors_info=&#8221;{}&#8221;][et_pb_text _builder_version=&#8221;4.27.4&#8243; _module_preset=&#8221;default&#8221; text_font=&#8221;&#8211;et_global_body_font||||||||&#8221; text_text_color=&#8221;#ffffff&#8221; text_font_size=&#8221;60px&#8221; text_line_height=&#8221;0.7em&#8221; header_text_color=&#8221;#FFFFFF&#8221; header_font_size=&#8221;50px&#8221; header_line_height=&#8221;0.7em&#8221; header_2_font=&#8221;Open Sans|700|||||||&#8221; header_2_text_color=&#8221;#d86ca6&#8243; header_2_font_size=&#8221;30px&#8221; background_color=&#8221;#FFFFFF&#8221; width=&#8221;230px&#8221; width_tablet=&#8221;230px&#8221; width_phone=&#8221;175px&#8221; width_last_edited=&#8221;on|phone&#8221; height=&#8221;230px&#8221; height_tablet=&#8221;&#8221; height_phone=&#8221;175px&#8221; height_last_edited=&#8221;on|phone&#8221; custom_margin=&#8221;0px||0px|0px|false|false&#8221; custom_padding=&#8221;10px||0px|15px|false|false&#8221; header_2_font_size_tablet=&#8221;&#8221; header_2_font_size_phone=&#8221;22px&#8221; header_2_font_size_last_edited=&#8221;on|phone&#8221; border_width_all=&#8221;1px&#8221; border_color_all=&#8221;#c128a8&#8243; global_colors_info=&#8221;{}&#8221;]<\/p>\n<h2>WORLD<br \/>PREMIERES<\/h2>\n<p>[\/et_pb_text][\/et_pb_column][\/et_pb_row][et_pb_row column_structure=&#8221;2_3,1_3&#8243; make_equal=&#8221;on&#8221; _builder_version=&#8221;4.27.4&#8243; _module_preset=&#8221;default&#8221; custom_margin=&#8221;0px||40px||false|false&#8221; custom_padding=&#8221;0px|0px|0px|0px|false|false&#8221; global_colors_info=&#8221;{}&#8221;][et_pb_column type=&#8221;2_3&#8243; _builder_version=&#8221;4.27.4&#8243; _module_preset=&#8221;default&#8221; background_color=&#8221;#FFFFFF&#8221; global_colors_info=&#8221;{}&#8221;][et_pb_text _builder_version=&#8221;4.27.4&#8243; _module_preset=&#8221;default&#8221; text_line_height=&#8221;1.5em&#8221; header_2_font=&#8221;Open Sans|700|||||||&#8221; header_2_text_color=&#8221;#d86ca6&#8243; header_5_font=&#8221;Open Sans|600|||||||&#8221; header_5_text_color=&#8221;#005c8c&#8221; header_5_font_size=&#8221;18px&#8221; background_color=&#8221;RGBA(255,255,255,0)&#8221; custom_margin=&#8221;0px|0px|0px|0px|false|false&#8221; custom_padding=&#8221;10px|20px|10px|20px|false|false&#8221; global_colors_info=&#8221;{}&#8221;]<\/p>\n<p><strong>Contemporary Compositions for Violin<\/strong><strong><\/strong><\/p>\n<h2>Overview world premieres.<\/h2>\n<p>The artist takes special pride in performing contemporary compositions for violin. Thomas Ad\u00e8s, Unsuk Chin, Sebastian Currier, Aftab Darvishi, Henri Dutilleux, Sofia Gubaidulina, Witold Lutoslawski, Norbert Moret, Krzysztof Penderecki, Sir Andr\u00e9 Previn, Wolfgang Rihm, J\u00f6rg Widmann and John Williams have all dedicated works to her.<\/p>\n<p>[\/et_pb_text][et_pb_button button_url=&#8221;@ET-DC@eyJkeW5hbWljIjp0cnVlLCJjb250ZW50IjoicG9zdF9saW5rX3VybF9wYWdlIiwic2V0dGluZ3MiOnsicG9zdF9pZCI6IjU1NDUifX0=@&#8221; button_text=&#8221;Learn more&#8221; button_alignment=&#8221;left&#8221; _builder_version=&#8221;4.27.4&#8243; _dynamic_attributes=&#8221;button_url&#8221; _module_preset=&#8221;default&#8221; custom_button=&#8221;on&#8221; button_text_size=&#8221;16px&#8221; button_text_color=&#8221;#d86ca6&#8243; button_border_width=&#8221;2px&#8221; button_border_color=&#8221;#d86ca6&#8243; button_border_radius=&#8221;0px&#8221; button_icon=&#8221;&#x24;||divi||400&#8243; button_icon_color=&#8221;#d86ca6&#8243; custom_margin=&#8221;20px|20px||20px|false|false&#8221; global_colors_info=&#8221;{}&#8221;][\/et_pb_button][\/et_pb_column][et_pb_column type=&#8221;1_3&#8243; _builder_version=&#8221;4.27.4&#8243; _module_preset=&#8221;default&#8221; background_color=&#8221;RGBA(255,255,255,0)&#8221; global_colors_info=&#8221;{}&#8221;][et_pb_image src=&#8221;https:\/\/www.anne-sophie-mutter.de\/wp-content\/uploads\/2025\/05\/urauffuehrungen.jpg&#8221; alt=&#8221;Urauff\u00fchrungen&#8221; title_text=&#8221;Urauff\u00fchrungen&#8221; force_fullwidth=&#8221;on&#8221; _builder_version=&#8221;4.27.4&#8243; _module_preset=&#8221;default&#8221; global_colors_info=&#8221;{}&#8221;][\/et_pb_image][\/et_pb_column][\/et_pb_row][et_pb_row column_structure=&#8221;1_3,2_3&#8243; use_custom_gutter=&#8221;on&#8221; make_equal=&#8221;on&#8221; _builder_version=&#8221;4.27.4&#8243; _module_preset=&#8221;default&#8221; custom_margin=&#8221;0px||40px||false|false&#8221; custom_padding=&#8221;0px||0px||false|false&#8221; global_colors_info=&#8221;{}&#8221;][et_pb_column type=&#8221;1_3&#8243; _builder_version=&#8221;4.27.4&#8243; _module_preset=&#8221;default&#8221; global_colors_info=&#8221;{}&#8221;][et_pb_image src=&#8221;https:\/\/www.anne-sophie-mutter.de\/wp-content\/uploads\/2025\/05\/williams.jpg&#8221; alt=&#8221;John Williams Filmmusik&#8221; title_text=&#8221;John Williams Filmmusik&#8221; _builder_version=&#8221;4.27.4&#8243; _module_preset=&#8221;default&#8221; global_colors_info=&#8221;{}&#8221;][\/et_pb_image][\/et_pb_column][et_pb_column type=&#8221;2_3&#8243; _builder_version=&#8221;4.27.4&#8243; _module_preset=&#8221;default&#8221; background_color=&#8221;#FFFFFF&#8221; global_colors_info=&#8221;{}&#8221;][et_pb_text _builder_version=&#8221;4.27.4&#8243; _module_preset=&#8221;default&#8221; text_line_height=&#8221;1.5em&#8221; header_2_font=&#8221;Open Sans|700|||||||&#8221; header_2_text_color=&#8221;#d86ca6&#8243; header_5_font=&#8221;Open Sans|600|||||||&#8221; header_5_text_color=&#8221;#005c8c&#8221; header_5_font_size=&#8221;18px&#8221; background_color=&#8221;RGBA(255,255,255,0)&#8221; custom_margin=&#8221;0px|0px|0px|0px|false|false&#8221; custom_padding=&#8221;10px|20px|10px|20px|false|false&#8221; global_colors_info=&#8221;{}&#8221;]<\/p>\n<p><strong>Movie themes adapted for violin and orchestrar<\/strong><strong><\/strong><\/p>\n<h2>John Williams film music.<\/h2>\n<p>Legendary film composer John Williams wrote stunning new adaptations of his beloved movie themes especially for his superstar violinist friend and collaborator Anne-Sophie Mutter.<\/p>\n<p>[\/et_pb_text][et_pb_button button_url=&#8221;@ET-DC@eyJkeW5hbWljIjp0cnVlLCJjb250ZW50IjoicG9zdF9saW5rX3VybF9wYWdlIiwic2V0dGluZ3MiOnsicG9zdF9pZCI6IjU1MzYifX0=@&#8221; button_text=&#8221;Learn more&#8221; button_alignment=&#8221;left&#8221; _builder_version=&#8221;4.27.4&#8243; _dynamic_attributes=&#8221;button_url&#8221; _module_preset=&#8221;default&#8221; custom_button=&#8221;on&#8221; button_text_size=&#8221;16px&#8221; button_text_color=&#8221;#d86ca6&#8243; button_border_width=&#8221;2px&#8221; button_border_color=&#8221;#d86ca6&#8243; button_border_radius=&#8221;0px&#8221; button_icon=&#8221;&#x24;||divi||400&#8243; button_icon_color=&#8221;#d86ca6&#8243; custom_margin=&#8221;20px|20px||20px|false|false&#8221; global_colors_info=&#8221;{}&#8221;][\/et_pb_button][\/et_pb_column][\/et_pb_row][\/et_pb_section]<\/p>\n","protected":false},"excerpt":{"rendered":"<p>WORLDPREMIERESContemporary Compositions for Violin Overview world premieres. The artist takes special pride in performing contemporary compositions for violin. Thomas Ad\u00e8s, Unsuk Chin, Sebastian Currier, Aftab Darvishi, Henri Dutilleux, Sofia Gubaidulina, [&hellip;]<\/p>\n","protected":false},"author":2,"featured_media":0,"parent":0,"menu_order":0,"comment_status":"closed","ping_status":"closed","template":"","meta":{"_acf_changed":false,"_et_pb_use_builder":"on","_et_pb_old_content":"<p>[et_pb_section fb_built=\"1\" fullwidth=\"on\" _builder_version=\"4.27.4\" _module_preset=\"default\" global_colors_info=\"{}\"][et_pb_fullwidth_image src=\"https:\/\/www.anne-sophie-mutter.de\/wp-content\/uploads\/2025\/05\/Biografie_D_smal-2.jpg\" _builder_version=\"4.27.4\" _module_preset=\"default\" custom_margin=\"0px||0px||false|false\" custom_padding=\"0px||0px||false|false\" global_colors_info=\"{}\"][\/et_pb_fullwidth_image][\/et_pb_section][et_pb_section fb_built=\"1\" admin_label=\"Biografie\" _builder_version=\"4.27.4\" _module_preset=\"default\" background_enable_color=\"off\" background_image=\"https:\/\/www.anne-sophie-mutter.de\/wp-content\/uploads\/2025\/06\/farbflaeche_urauffuehrungen_1.jpg\" parallax=\"on\" custom_margin=\"100px||0px||false|false\" custom_padding=\"100px||100px||false|false\" locked=\"off\" global_colors_info=\"{}\"][et_pb_row _builder_version=\"4.27.4\" _module_preset=\"default\" custom_margin=\"0px||100px||false|false\" custom_padding=\"0px||0px||false|false\" global_colors_info=\"{}\"][et_pb_column type=\"4_4\" _builder_version=\"4.27.4\" _module_preset=\"default\" global_colors_info=\"{}\"][et_pb_text _builder_version=\"4.27.4\" _module_preset=\"default\" text_font=\"--et_global_body_font||||||||\" text_text_color=\"#ffffff\" text_font_size=\"60px\" text_line_height=\"0.7em\" header_text_color=\"#FFFFFF\" header_font_size=\"50px\" header_line_height=\"0.7em\" header_2_font=\"Open Sans|700|||||||\" header_2_text_color=\"#d86ca6\" header_2_font_size=\"30px\" background_color=\"#FFFFFF\" width=\"230px\" height=\"230px\" custom_margin=\"0px||0px|0px|false|false\" custom_padding=\"10px||0px|15px|false|false\" border_width_all=\"1px\" border_color_all=\"#c128a8\" global_colors_info=\"{}\"]<\/p><h2>URAUF-<br \/>F\u00dcHRUNGEN<\/h2><p>[\/et_pb_text][\/et_pb_column][\/et_pb_row][et_pb_row column_structure=\"2_3,1_3\" make_equal=\"on\" _builder_version=\"4.27.4\" _module_preset=\"default\" custom_margin=\"0px||40px||false|false\" custom_padding=\"0px|0px|0px|0px|false|false\" global_colors_info=\"{}\"][et_pb_column type=\"2_3\" _builder_version=\"4.27.4\" _module_preset=\"default\" background_color=\"#FFFFFF\" global_colors_info=\"{}\"][et_pb_text _builder_version=\"4.27.4\" _module_preset=\"default\" text_line_height=\"1.5em\" header_2_font=\"Open Sans|700|||||||\" header_2_text_color=\"#d86ca6\" header_5_font=\"Open Sans|600|||||||\" header_5_text_color=\"#005c8c\" header_5_font_size=\"18px\" background_color=\"RGBA(255,255,255,0)\" custom_margin=\"0px|0px|0px|0px|false|false\" custom_padding=\"10px|20px|10px|20px|false|false\" hover_enabled=\"0\" global_colors_info=\"{}\" sticky_enabled=\"0\"]<\/p><p><strong>Zeitgen\u00f6ssische Violinliteratur<\/strong><\/p><h2><a title=\"Alle Urauff\u00fchrungen im \u00dcberblick\" href=\"\/urauffuehrungen-ueberblick\/\">Alle Urauff\u00fchrungen im \u00dcberblick<\/a><\/h2><p>Ein besonderes Interesse der K\u00fcnstlerin gilt der zeitgen\u00f6ssischen Violinliteratur. Thomas Ad\u00e8s, Unsuk Chin, Sebastian Currier, Aftab Darvishi, Henri Dutilleux, Sofia Gubaidulina, Witold Lutoslawski, Norbert Moret, Krzysztof Penderecki, Sir Andr\u00e9 Previn, Wolfgang Rihm, J\u00f6rg Widmann und John Williams haben ihr Werke gewidmet.<\/p><p>[\/et_pb_text][et_pb_button button_url=\"\/urauffuehrungen-ueberblick\/\" button_text=\"Mehr erfahren\" button_alignment=\"left\" _builder_version=\"4.27.4\" _module_preset=\"default\" custom_button=\"on\" button_text_size=\"16px\" button_text_color=\"#d86ca6\" button_border_width=\"2px\" button_border_color=\"#d86ca6\" button_border_radius=\"0px\" button_icon=\"$||divi||400\" button_icon_color=\"#d86ca6\" custom_margin=\"20px|20px||20px|false|false\" hover_enabled=\"0\" global_colors_info=\"{}\" sticky_enabled=\"0\"][\/et_pb_button][\/et_pb_column][et_pb_column type=\"1_3\" _builder_version=\"4.27.4\" _module_preset=\"default\" background_color=\"RGBA(255,255,255,0)\" global_colors_info=\"{}\"][et_pb_image src=\"https:\/\/www.anne-sophie-mutter.de\/wp-content\/uploads\/2025\/05\/urauffuehrungen.jpg\" alt=\"Urauff\u00fchrungen\" title_text=\"Urauff\u00fchrungen\" force_fullwidth=\"on\" _builder_version=\"4.27.4\" _module_preset=\"default\" global_colors_info=\"{}\"][\/et_pb_image][\/et_pb_column][\/et_pb_row][et_pb_row column_structure=\"1_3,2_3\" use_custom_gutter=\"on\" make_equal=\"on\" _builder_version=\"4.27.4\" _module_preset=\"default\" custom_margin=\"0px||40px||false|false\" custom_padding=\"0px||0px||false|false\" global_colors_info=\"{}\"][et_pb_column type=\"1_3\" _builder_version=\"4.27.4\" _module_preset=\"default\" global_colors_info=\"{}\"][et_pb_image src=\"https:\/\/www.anne-sophie-mutter.de\/wp-content\/uploads\/2025\/05\/williams.jpg\" alt=\"John Williams Filmmusik\" title_text=\"John Williams Filmmusik\" _builder_version=\"4.27.4\" _module_preset=\"default\" global_colors_info=\"{}\"][\/et_pb_image][\/et_pb_column][et_pb_column type=\"2_3\" _builder_version=\"4.27.4\" _module_preset=\"default\" background_color=\"#FFFFFF\" global_colors_info=\"{}\"][et_pb_text _builder_version=\"4.27.4\" _module_preset=\"default\" text_line_height=\"1.5em\" header_2_font=\"Open Sans|700|||||||\" header_2_text_color=\"#d86ca6\" header_5_font=\"Open Sans|600|||||||\" header_5_text_color=\"#005c8c\" header_5_font_size=\"18px\" background_color=\"RGBA(255,255,255,0)\" custom_margin=\"0px|0px|0px|0px|false|false\" custom_padding=\"10px|20px|10px|20px|false|false\" hover_enabled=\"0\" global_colors_info=\"{}\" sticky_enabled=\"0\"]<\/p><p><strong>Filmmusik Adaptionen f\u00fcr Violine und Orchester<\/strong><\/p><h2><a title=\"John Williams Filmmusik\" href=\"\/urauffuehrungen-john-williams\/\">John Williams Filmmusik<\/a><\/h2><p>Der legend\u00e4re Komponist John Williams schrieb f\u00fcr Anne-Sophie Mutter Adaptionen seiner ber\u00fchmten Filmthemen f\u00fcr Violine und Orchester.<\/p><p>[\/et_pb_text][et_pb_button button_url=\"\/urauffuehrungen-john-williams\/\" button_text=\"Mehr erfahren\" button_alignment=\"left\" _builder_version=\"4.27.4\" _module_preset=\"default\" custom_button=\"on\" button_text_size=\"16px\" button_text_color=\"#d86ca6\" button_border_width=\"2px\" button_border_color=\"#d86ca6\" button_border_radius=\"0px\" button_icon=\"$||divi||400\" button_icon_color=\"#d86ca6\" custom_margin=\"20px|20px||20px|false|false\" hover_enabled=\"0\" global_colors_info=\"{}\" theme_builder_area=\"post_content\" sticky_enabled=\"0\"][\/et_pb_button][\/et_pb_column][\/et_pb_row][\/et_pb_section]<\/p>","_et_gb_content_width":"","inline_featured_image":false,"footnotes":""},"class_list":["post-5535","page","type-page","status-publish","hentry"],"acf":[],"yoast_head":"<!-- This site is optimized with the Yoast SEO plugin v27.4 - https:\/\/yoast.com\/product\/yoast-seo-wordpress\/ -->\n<title>Anne-Sophie Mutter: All world premieres<\/title>\n<meta name=\"description\" content=\"Anne-Sophie Mutter: All world premieres, including film music adaptations for violin and orchestra, including works by John Williams.\" \/>\n<meta name=\"robots\" content=\"index, follow, max-snippet:-1, max-image-preview:large, max-video-preview:-1\" \/>\n<link rel=\"canonical\" href=\"https:\/\/www.anne-sophie-mutter.de\/en\/world-premieres\/\" \/>\n<meta property=\"og:locale\" content=\"en_US\" \/>\n<meta property=\"og:type\" content=\"article\" \/>\n<meta property=\"og:title\" content=\"Anne-Sophie Mutter: All world premieres\" \/>\n<meta property=\"og:description\" content=\"Anne-Sophie Mutter: All world premieres, including film music adaptations for violin and orchestra, including works by John Williams.\" \/>\n<meta property=\"og:site_name\" content=\"Anne-Sophie Mutter - official website\" \/>\n<meta property=\"article:modified_time\" content=\"2025-10-21T15:39:41+00:00\" \/>\n<meta name=\"twitter:card\" content=\"summary_large_image\" \/>\n<meta name=\"twitter:label1\" content=\"Est. reading time\" \/>\n\t<meta name=\"twitter:data1\" content=\"2 minutes\" \/>\n<script type=\"application\/ld+json\" class=\"yoast-schema-graph\">{\"@context\":\"https:\\\/\\\/schema.org\",\"@graph\":[{\"@type\":\"WebPage\",\"@id\":\"https:\\\/\\\/www.anne-sophie-mutter.de\\\/en\\\/world-premieres\\\/\",\"url\":\"https:\\\/\\\/www.anne-sophie-mutter.de\\\/en\\\/world-premieres\\\/\",\"name\":\"Anne-Sophie Mutter: All world premieres\",\"isPartOf\":{\"@id\":\"https:\\\/\\\/www.anne-sophie-mutter.de\\\/en\\\/#website\"},\"datePublished\":\"2025-05-29T07:52:53+00:00\",\"dateModified\":\"2025-10-21T15:39:41+00:00\",\"description\":\"Anne-Sophie Mutter: All world premieres, including film music adaptations for violin and orchestra, including works by John Williams.\",\"breadcrumb\":{\"@id\":\"https:\\\/\\\/www.anne-sophie-mutter.de\\\/en\\\/world-premieres\\\/#breadcrumb\"},\"inLanguage\":\"en-US\",\"potentialAction\":[{\"@type\":\"ReadAction\",\"target\":[\"https:\\\/\\\/www.anne-sophie-mutter.de\\\/en\\\/world-premieres\\\/\"]}]},{\"@type\":\"BreadcrumbList\",\"@id\":\"https:\\\/\\\/www.anne-sophie-mutter.de\\\/en\\\/world-premieres\\\/#breadcrumb\",\"itemListElement\":[{\"@type\":\"ListItem\",\"position\":1,\"name\":\"Startseite\",\"item\":\"https:\\\/\\\/www.anne-sophie-mutter.de\\\/en\\\/\"},{\"@type\":\"ListItem\",\"position\":2,\"name\":\"World Premieres\"}]},{\"@type\":\"WebSite\",\"@id\":\"https:\\\/\\\/www.anne-sophie-mutter.de\\\/en\\\/#website\",\"url\":\"https:\\\/\\\/www.anne-sophie-mutter.de\\\/en\\\/\",\"name\":\"Anne-Sophie Mutter - official website\",\"description\":\"\",\"potentialAction\":[{\"@type\":\"SearchAction\",\"target\":{\"@type\":\"EntryPoint\",\"urlTemplate\":\"https:\\\/\\\/www.anne-sophie-mutter.de\\\/en\\\/?s={search_term_string}\"},\"query-input\":{\"@type\":\"PropertyValueSpecification\",\"valueRequired\":true,\"valueName\":\"search_term_string\"}}],\"inLanguage\":\"en-US\"}]}<\/script>\n<!-- \/ Yoast SEO plugin. -->","yoast_head_json":{"title":"Anne-Sophie Mutter: All world premieres","description":"Anne-Sophie Mutter: All world premieres, including film music adaptations for violin and orchestra, including works by John Williams.","robots":{"index":"index","follow":"follow","max-snippet":"max-snippet:-1","max-image-preview":"max-image-preview:large","max-video-preview":"max-video-preview:-1"},"canonical":"https:\/\/www.anne-sophie-mutter.de\/en\/world-premieres\/","og_locale":"en_US","og_type":"article","og_title":"Anne-Sophie Mutter: All world premieres","og_description":"Anne-Sophie Mutter: All world premieres, including film music adaptations for violin and orchestra, including works by John Williams.","og_site_name":"Anne-Sophie Mutter - official website","article_modified_time":"2025-10-21T15:39:41+00:00","twitter_card":"summary_large_image","twitter_misc":{"Est. reading time":"2 minutes"},"schema":{"@context":"https:\/\/schema.org","@graph":[{"@type":"WebPage","@id":"https:\/\/www.anne-sophie-mutter.de\/en\/world-premieres\/","url":"https:\/\/www.anne-sophie-mutter.de\/en\/world-premieres\/","name":"Anne-Sophie Mutter: All world premieres","isPartOf":{"@id":"https:\/\/www.anne-sophie-mutter.de\/en\/#website"},"datePublished":"2025-05-29T07:52:53+00:00","dateModified":"2025-10-21T15:39:41+00:00","description":"Anne-Sophie Mutter: All world premieres, including film music adaptations for violin and orchestra, including works by John Williams.","breadcrumb":{"@id":"https:\/\/www.anne-sophie-mutter.de\/en\/world-premieres\/#breadcrumb"},"inLanguage":"en-US","potentialAction":[{"@type":"ReadAction","target":["https:\/\/www.anne-sophie-mutter.de\/en\/world-premieres\/"]}]},{"@type":"BreadcrumbList","@id":"https:\/\/www.anne-sophie-mutter.de\/en\/world-premieres\/#breadcrumb","itemListElement":[{"@type":"ListItem","position":1,"name":"Startseite","item":"https:\/\/www.anne-sophie-mutter.de\/en\/"},{"@type":"ListItem","position":2,"name":"World Premieres"}]},{"@type":"WebSite","@id":"https:\/\/www.anne-sophie-mutter.de\/en\/#website","url":"https:\/\/www.anne-sophie-mutter.de\/en\/","name":"Anne-Sophie Mutter - official website","description":"","potentialAction":[{"@type":"SearchAction","target":{"@type":"EntryPoint","urlTemplate":"https:\/\/www.anne-sophie-mutter.de\/en\/?s={search_term_string}"},"query-input":{"@type":"PropertyValueSpecification","valueRequired":true,"valueName":"search_term_string"}}],"inLanguage":"en-US"}]}},"_links":{"self":[{"href":"https:\/\/www.anne-sophie-mutter.de\/en\/wp-json\/wp\/v2\/pages\/5535","targetHints":{"allow":["GET"]}}],"collection":[{"href":"https:\/\/www.anne-sophie-mutter.de\/en\/wp-json\/wp\/v2\/pages"}],"about":[{"href":"https:\/\/www.anne-sophie-mutter.de\/en\/wp-json\/wp\/v2\/types\/page"}],"author":[{"embeddable":true,"href":"https:\/\/www.anne-sophie-mutter.de\/en\/wp-json\/wp\/v2\/users\/2"}],"replies":[{"embeddable":true,"href":"https:\/\/www.anne-sophie-mutter.de\/en\/wp-json\/wp\/v2\/comments?post=5535"}],"version-history":[{"count":12,"href":"https:\/\/www.anne-sophie-mutter.de\/en\/wp-json\/wp\/v2\/pages\/5535\/revisions"}],"predecessor-version":[{"id":10631,"href":"https:\/\/www.anne-sophie-mutter.de\/en\/wp-json\/wp\/v2\/pages\/5535\/revisions\/10631"}],"wp:attachment":[{"href":"https:\/\/www.anne-sophie-mutter.de\/en\/wp-json\/wp\/v2\/media?parent=5535"}],"curies":[{"name":"wp","href":"https:\/\/api.w.org\/{rel}","templated":true}]}}