{"id":5536,"date":"2025-06-04T21:07:15","date_gmt":"2025-06-04T19:07:15","guid":{"rendered":"https:\/\/www.anne-sophie-mutter.de\/?page_id=5536"},"modified":"2025-10-21T17:43:00","modified_gmt":"2025-10-21T15:43:00","slug":"world-premieres-john-williams","status":"publish","type":"page","link":"https:\/\/www.anne-sophie-mutter.de\/en\/world-premieres-john-williams\/","title":{"rendered":"World Premieres John Williams"},"content":{"rendered":"<p>[et_pb_section fb_built=&#8221;1&#8243; fullwidth=&#8221;on&#8221; _builder_version=&#8221;4.27.4&#8243; _module_preset=&#8221;default&#8221; global_colors_info=&#8221;{}&#8221;][et_pb_fullwidth_image src=&#8221;https:\/\/www.anne-sophie-mutter.de\/wp-content\/uploads\/2025\/05\/Biografie_D_smal-2.jpg&#8221; alt=&#8221;Biografie&#8221; title_text=&#8221;Biografie&#8221; src_tablet=&#8221;https:\/\/www.anne-sophie-mutter.de\/wp-content\/uploads\/2025\/05\/Biografie_D_smal-2.jpg&#8221; src_phone=&#8221;https:\/\/www.anne-sophie-mutter.de\/wp-content\/uploads\/2025\/09\/Biografie_ENG_mob.jpg&#8221; src_last_edited=&#8221;on|phone&#8221; _builder_version=&#8221;4.27.4&#8243; _module_preset=&#8221;default&#8221; custom_margin=&#8221;0px||0px||false|false&#8221; custom_padding=&#8221;0px||0px||false|false&#8221; global_colors_info=&#8221;{}&#8221;][\/et_pb_fullwidth_image][\/et_pb_section][et_pb_section fb_built=&#8221;1&#8243; admin_label=&#8221;Biografie&#8221; _builder_version=&#8221;4.27.4&#8243; _module_preset=&#8221;default&#8221; background_image=&#8221;https:\/\/www.anne-sophie-mutter.de\/wp-content\/uploads\/2025\/08\/farbflache_worldpremierenes_1.jpg&#8221; parallax=&#8221;on&#8221; custom_margin=&#8221;100px||0px||false|false&#8221; custom_padding=&#8221;100px||100px||false|false&#8221; locked=&#8221;off&#8221; global_colors_info=&#8221;{}&#8221;][et_pb_row _builder_version=&#8221;4.27.4&#8243; _module_preset=&#8221;default&#8221; custom_margin=&#8221;0px||100px||false|false&#8221; custom_padding=&#8221;0px||0px||false|false&#8221; global_colors_info=&#8221;{}&#8221;][et_pb_column type=&#8221;4_4&#8243; _builder_version=&#8221;4.27.4&#8243; _module_preset=&#8221;default&#8221; global_colors_info=&#8221;{}&#8221;][et_pb_text _builder_version=&#8221;4.27.4&#8243; _module_preset=&#8221;default&#8221; text_font=&#8221;&#8211;et_global_body_font||||||||&#8221; text_text_color=&#8221;#ffffff&#8221; text_font_size=&#8221;60px&#8221; text_line_height=&#8221;0.7em&#8221; header_text_color=&#8221;#FFFFFF&#8221; header_font_size=&#8221;50px&#8221; header_line_height=&#8221;0.7em&#8221; header_2_font=&#8221;Open Sans|700|||||||&#8221; header_2_text_color=&#8221;#d86ca6&#8243; header_2_font_size=&#8221;30px&#8221; background_color=&#8221;#FFFFFF&#8221; width=&#8221;230px&#8221; height=&#8221;230px&#8221; custom_margin=&#8221;0px||0px|0px|false|false&#8221; custom_padding=&#8221;10px||0px|15px|false|false&#8221; border_width_all=&#8221;1px&#8221; border_color_all=&#8221;#c128a8&#8243; global_colors_info=&#8221;{}&#8221;]<\/p>\n<h2>WORLD PREMIERES<br \/><span style=\"color: #666666;\">JOHN<\/span><br \/><span style=\"color: #666666;\">WILLIAMS<\/span><\/h2>\n<p>[\/et_pb_text][\/et_pb_column][\/et_pb_row][et_pb_row column_structure=&#8221;1_2,1_2&#8243; use_custom_gutter=&#8221;on&#8221; _builder_version=&#8221;4.27.4&#8243; _module_preset=&#8221;default&#8221; custom_margin=&#8221;0px||40px||false|false&#8221; custom_padding=&#8221;0px|0px|0px|0px|false|false&#8221; global_colors_info=&#8221;{}&#8221;][et_pb_column type=&#8221;1_2&#8243; _builder_version=&#8221;4.27.4&#8243; _module_preset=&#8221;default&#8221; background_color=&#8221;#FFFFFF&#8221; global_colors_info=&#8221;{}&#8221;][et_pb_text _builder_version=&#8221;4.27.4&#8243; _module_preset=&#8221;default&#8221; text_line_height=&#8221;1.5em&#8221; header_2_font=&#8221;Open Sans|700|||||||&#8221; header_2_text_color=&#8221;#d86ca6&#8243; header_5_font=&#8221;Open Sans|600|||||||&#8221; header_5_text_color=&#8221;#005c8c&#8221; header_5_font_size=&#8221;18px&#8221; background_color=&#8221;RGBA(255,255,255,0)&#8221; custom_margin=&#8221;0px|0px|0px|0px|false|false&#8221; custom_padding=&#8221;10px|20px|10px|20px|false|false&#8221; global_colors_info=&#8221;{}&#8221;]<\/p>\n<p><strong>John Williams film music<\/strong><\/p>\n<h2>John Williams film music.<\/h2>\n<p><em><strong>Legendary film composer John Williams wrote stunning new adaptations of his beloved movie themes especially for his superstar violinist friend and collaborator Anne-Sophie Mutter.<\/strong><\/em><\/p>\n<p>&nbsp;<\/p>\n<p>[\/et_pb_text][\/et_pb_column][et_pb_column type=&#8221;1_2&#8243; _builder_version=&#8221;4.27.4&#8243; _module_preset=&#8221;default&#8221; background_color=&#8221;RGBA(255,255,255,0)&#8221; global_colors_info=&#8221;{}&#8221;][\/et_pb_column][\/et_pb_row][et_pb_row column_structure=&#8221;1_2,1_2&#8243; use_custom_gutter=&#8221;on&#8221; _builder_version=&#8221;4.27.4&#8243; _module_preset=&#8221;default&#8221; custom_margin=&#8221;0px||0px||false|false&#8221; custom_padding=&#8221;0px||0px||false|false&#8221; global_colors_info=&#8221;{}&#8221;][et_pb_column type=&#8221;1_2&#8243; _builder_version=&#8221;4.27.4&#8243; _module_preset=&#8221;default&#8221; background_color=&#8221;#FFFFFF&#8221; global_colors_info=&#8221;{}&#8221;][et_pb_text _builder_version=&#8221;4.27.4&#8243; _module_preset=&#8221;default&#8221; text_line_height=&#8221;1.5em&#8221; header_5_font=&#8221;Open Sans|600|||||||&#8221; header_5_text_color=&#8221;#005c8c&#8221; header_5_font_size=&#8221;18px&#8221; background_color=&#8221;#FFFFFF&#8221; custom_margin=&#8221;0px|0px|0px|0px|false|false&#8221; custom_padding=&#8221;10px|20px|10px|20px|false|false&#8221; global_colors_info=&#8221;{}&#8221;]<\/p>\n<p><strong>John Williams: Movie themes adapted for violin and orchestra<\/strong><\/p>\n<p>Pittsburgh, 12 December 2023<br \/>Pittsburgh Symphony Orchestra under the direction of John Williams<br \/>Anakin\u2019s Theme from Star Wars: The Phantom Menace<br \/>Scherzo for Violin and Motorcycle from Indiana Jones and the Last Crusade<\/p>\n<p>Boston, 3 October 2021<br \/>Boston Symphony Orchestra under the direction of John Williams<br \/>Theme from The Long Goodbye<br \/>Han Solo and the Princess from Star Wars: The Empire Strikes Back<br \/>Marion&#8217;s Theme from Indiana Jones and the Raiders of the Lost Ark<\/p>\n<p>Tanglewood, 7 July 2019<br \/>Boston Pops Orchestra under the direction of John Williams and David Newman<br \/>Rey\u2019s Theme from Star Wars Episode VII<br \/>Donnybrook Fair from Far &amp; Away<br \/>Night Journeys from Dracula<br \/>Sayuri\u2019s Theme from Memoirs of a Geisha<br \/>The Devil\u2019s Dance from Witches of Eastwick<br \/>Theme from Sabrina<br \/>Princess Leia\u2019s Theme from Star Wars Episode IV<br \/>The Duel from The Adventures of Tintin<br \/>Chairman\u2019s Waltz from Memoirs of a Geisha<br \/>Love Theme from Cinderella Liberty<br \/>Hedwig\u2019s Theme from Harry Potter<br \/>Yoda\u2019s Theme from Star Wars: The Empire Strikes Back<br \/>Remembrances from Schindler\u2018s List<\/p>\n<p>Berlin, 7 November 2018<br \/>Staatskapelle Berlin under the direction of Manfred Honeck<br \/>Across the Stars (Love Theme) from Star Wars: Attack of the Clones<\/p>\n<p>(All works dedicated to Anne-Sophie Mutter)<\/p>\n<p class=\"p2\">\n<p>[\/et_pb_text][\/et_pb_column][et_pb_column type=&#8221;1_2&#8243; _builder_version=&#8221;4.27.4&#8243; _module_preset=&#8221;default&#8221; background_color=&#8221;RGBA(255,255,255,0)&#8221; global_colors_info=&#8221;{}&#8221;][et_pb_image src=&#8221;https:\/\/www.anne-sophie-mutter.de\/wp-content\/uploads\/2025\/05\/williams.jpg&#8221; title_text=&#8221;williams&#8221; _builder_version=&#8221;4.27.4&#8243; _module_preset=&#8221;default&#8221; global_colors_info=&#8221;{}&#8221;][\/et_pb_image][\/et_pb_column][\/et_pb_row][\/et_pb_section][et_pb_section fb_built=&#8221;1&#8243; fullwidth=&#8221;on&#8221; _builder_version=&#8221;4.27.4&#8243; _module_preset=&#8221;default&#8221; background_color=&#8221;RGBA(255,255,255,0)&#8221; background_image=&#8221;https:\/\/www.anne-sophie-mutter.de\/wp-content\/uploads\/2025\/06\/paralex_1.jpg&#8221; parallax=&#8221;on&#8221; background_enable_video_mp4=&#8221;off&#8221; height=&#8221;400px&#8221; custom_margin=&#8221;0px||0px||false|false&#8221; custom_padding=&#8221;0px||0px||false|false&#8221; global_colors_info=&#8221;{}&#8221;][\/et_pb_section]<\/p>\n","protected":false},"excerpt":{"rendered":"<p>WORLD PREMIERESJOHNWILLIAMSJohn Williams film music John Williams film music. Legendary film composer John Williams wrote stunning new adaptations of his beloved movie themes especially for his superstar violinist friend and [&hellip;]<\/p>\n","protected":false},"author":2,"featured_media":0,"parent":0,"menu_order":0,"comment_status":"closed","ping_status":"closed","template":"","meta":{"_acf_changed":false,"_et_pb_use_builder":"on","_et_pb_old_content":"<p>[et_pb_section fb_built=\"1\" fullwidth=\"on\" _builder_version=\"4.27.4\" _module_preset=\"default\" global_colors_info=\"{}\"][et_pb_fullwidth_image src=\"https:\/\/www.anne-sophie-mutter.de\/wp-content\/uploads\/2025\/05\/Biografie_D_smal-2.jpg\" title_text=\"Biografie_D_smal\" _builder_version=\"4.27.4\" _module_preset=\"default\" custom_margin=\"0px||0px||false|false\" custom_padding=\"0px||0px||false|false\" global_colors_info=\"{}\"][\/et_pb_fullwidth_image][\/et_pb_section][et_pb_section fb_built=\"1\" admin_label=\"Biografie\" _builder_version=\"4.27.4\" _module_preset=\"default\" background_image=\"https:\/\/www.anne-sophie-mutter.de\/wp-content\/uploads\/2025\/06\/farbflaeche_urauffuehrungen_1.jpg\" parallax=\"on\" custom_margin=\"100px||0px||false|false\" custom_padding=\"100px||100px||false|false\" locked=\"off\" global_colors_info=\"{}\"][et_pb_row _builder_version=\"4.27.4\" _module_preset=\"default\" custom_margin=\"0px||100px||false|false\" custom_padding=\"0px||0px||false|false\" global_colors_info=\"{}\"][et_pb_column type=\"4_4\" _builder_version=\"4.27.4\" _module_preset=\"default\" global_colors_info=\"{}\"][et_pb_text _builder_version=\"4.27.4\" _module_preset=\"default\" text_font=\"--et_global_body_font||||||||\" text_text_color=\"#ffffff\" text_font_size=\"60px\" text_line_height=\"0.7em\" header_text_color=\"#FFFFFF\" header_font_size=\"50px\" header_line_height=\"0.7em\" header_2_font=\"Open Sans|700|||||||\" header_2_text_color=\"#d86ca6\" header_2_font_size=\"30px\" background_color=\"#FFFFFF\" width=\"230px\" height=\"230px\" custom_margin=\"0px||0px|0px|false|false\" custom_padding=\"10px||0px|15px|false|false\" border_width_all=\"1px\" border_color_all=\"#c128a8\" global_colors_info=\"{}\"]<\/p><h2>URAUF-<br \/>F\u00dcHRUNGEN<br \/><span style=\"color: #666666;\">JOHN<\/span><br \/><span style=\"color: #666666;\">WILLIAMS<\/span><\/h2><p>[\/et_pb_text][\/et_pb_column][\/et_pb_row][et_pb_row use_custom_gutter=\"on\" _builder_version=\"4.27.4\" _module_preset=\"default\" custom_margin=\"0px||40px||false|false\" custom_padding=\"0px|0px|0px|0px|false|false\" global_colors_info=\"{}\" column_structure=\"1_2,1_2\"][et_pb_column type=\"1_2\" _builder_version=\"4.27.4\" _module_preset=\"default\" background_color=\"#FFFFFF\" global_colors_info=\"{}\"][et_pb_text _builder_version=\"4.27.4\" _module_preset=\"default\" text_line_height=\"1.5em\" header_2_font=\"Open Sans|700|||||||\" header_2_text_color=\"#d86ca6\" header_5_font=\"Open Sans|600|||||||\" header_5_text_color=\"#005c8c\" header_5_font_size=\"18px\" background_color=\"RGBA(255,255,255,0)\" custom_margin=\"0px|0px|0px|0px|false|false\" custom_padding=\"10px|20px|10px|20px|false|false\" global_colors_info=\"{}\"]<\/p><p><strong>Filmmusik Adaptionen f\u00fcr Violine und Orchester<\/strong><\/p><h2>John Williams Filmmusik.<\/h2><p><em><strong>Der legend\u00e4re Komponist John Williams schrieb f\u00fcr Anne-Sophie Mutter Adaptionen seiner ber\u00fchmten Filmthemen f\u00fcr Violine und Orchester.<\/strong><\/em><\/p><p>\u00a0<\/p><p>[\/et_pb_text][\/et_pb_column][et_pb_column type=\"1_2\" _builder_version=\"4.27.4\" _module_preset=\"default\" background_color=\"#FFFFFF\" global_colors_info=\"{}\"][\/et_pb_column][\/et_pb_row][et_pb_row column_structure=\"1_2,1_2\" use_custom_gutter=\"on\" _builder_version=\"4.27.4\" _module_preset=\"default\" custom_margin=\"0px||0px||false|false\" custom_padding=\"0px||0px||false|false\" global_colors_info=\"{}\"][et_pb_column type=\"1_2\" _builder_version=\"4.27.4\" _module_preset=\"default\" background_color=\"#FFFFFF\" global_colors_info=\"{}\"][et_pb_text _builder_version=\"4.27.4\" _module_preset=\"default\" text_line_height=\"1.5em\" header_5_font=\"Open Sans|600|||||||\" header_5_text_color=\"#005c8c\" header_5_font_size=\"18px\" background_color=\"#FFFFFF\" custom_margin=\"0px|0px|0px|0px|false|false\" custom_padding=\"10px|20px|10px|20px|false|false\" global_colors_info=\"{}\"]<\/p><h3 class=\"p1\"><span class=\"s1\"><b>John Williams: <\/b><\/span><\/h3><h3 class=\"p1\"><span class=\"s1\"><b>Filmmusik Adaptionen f\u00fcr Violine und Orchester<\/b><\/span><\/h3><p class=\"p2\"><span class=\"s1\">Pittsburgh, 12.12.2023<br \/>Pittsburgh Symphony Orchestra unter der Leitung von John Williams<br \/>Anakin\u2019s Theme aus \u201eStar Wars\u201c: \u201eThe Phantom Menace\u201c<br \/>Scherzo for Violin and Motorcycle aus \u201eIndiana Jones and the Last Crusade\u201c<\/span><\/p><p class=\"p2\">\u00a0<\/p><p class=\"p2\">\u00a0<\/p><p class=\"p2\"><span class=\"s1\">Boston, 03.10.2021<br \/>Boston Symphony Orchestra unter der Leitung von John Williams<br \/>Theme aus \u201eThe Long Goodbye\u201c<br \/>Han Solo and the Princess aus \u201eStar Wars: The Empire Strikes Back\u201c<br \/>Marion's Theme aus \u201eIndiana Jones and the Raiders of the Lost Ark\u201c<\/span><\/p><p class=\"p2\">\u00a0<\/p><p class=\"p2\">\u00a0<\/p><p class=\"p2\"><span class=\"s1\">Tanglewood, 07.07.2019<br \/>Boston Pops Orchestra unter der Leitung von John Williams und David Newman<br \/>Reys Theme aus \u201eStar Wars Episode VII\u201c<br \/>Donnybrook Fair aus \u201eFar & Away\u201c<br \/>Night Journeys aus \u201eDracula\u201c<br \/>Sayuris Theme aus \u201eMemoirs of a Geisha\u201c<br \/>The Devil\u2019s Dance aus \u201eDie Hexen von Eastwick\u201d<br \/>Sabrina Titelmelodie<br \/>Princess Leias Theme aus \u201eStar Wars Episode IV\u201c<br \/>The Duel aus \u201eDie Abenteuer von Tim und Struppi \u2013 Das Geheimnis der Einhorn\u201c<br \/>The Chairman\u2019s Waltz aus \u201eDie Geisha\u201c<br \/>Love Theme aus \u201eCinderella Liberty\u201c<br \/>Hedwigs Theme aus \u201eHarry Potter\u201c<br \/>Yoda\u2019s Theme aus \u201eStar Wars Episode V\u201c<br \/>Remembrances aus \u201eSchindlers Liste\u201c<\/span><\/p><p class=\"p2\">\u00a0<\/p><p class=\"p2\"><span class=\"s1\">Berlin, 07.11.2018<br \/>Staatskapelle Berlin unter der Leitung von Manfred Honeck<br \/>Across the Stars (Love Theme) aus \u201eStar Wars: Attack of the Clones\u201c<\/span><\/p><p class=\"p2\">\u00a0<\/p><p class=\"p3\"><span class=\"s1\">(Alle St\u00fccke Anne-Sophie Mutter gewidmet)<\/span><\/p><p class=\"p2\">\u00a0<\/p><p>[\/et_pb_text][\/et_pb_column][et_pb_column type=\"1_2\" _builder_version=\"4.27.4\" _module_preset=\"default\" background_color=\"#FFFFFF\" global_colors_info=\"{}\"][et_pb_image src=\"https:\/\/www.anne-sophie-mutter.de\/wp-content\/uploads\/2025\/05\/williams.jpg\" title_text=\"williams\" _builder_version=\"4.27.4\" _module_preset=\"default\" global_colors_info=\"{}\"][\/et_pb_image][\/et_pb_column][\/et_pb_row][\/et_pb_section][et_pb_section fb_built=\"1\" fullwidth=\"on\" _builder_version=\"4.27.4\" _module_preset=\"default\" background_color=\"RGBA(255,255,255,0)\" background_image=\"https:\/\/www.anne-sophie-mutter.de\/wp-content\/uploads\/2025\/06\/paralex_1.jpg\" parallax=\"on\" background_enable_video_mp4=\"off\" height=\"400px\" custom_margin=\"0px||0px||false|false\" custom_padding=\"0px||0px||false|false\" global_colors_info=\"{}\"][\/et_pb_section]<\/p>","_et_gb_content_width":"","inline_featured_image":false,"footnotes":""},"class_list":["post-5536","page","type-page","status-publish","hentry"],"acf":[],"yoast_head":"<!-- This site is optimized with the Yoast SEO plugin v27.4 - https:\/\/yoast.com\/product\/yoast-seo-wordpress\/ -->\n<title>Anne-Sophie Mutter: World Premieres by John Williams<\/title>\n<meta name=\"description\" content=\"John Williams adapted his famous film music themes for violin and orchestra exclusively for Anne-Sophie Mutter.\" \/>\n<meta name=\"robots\" content=\"index, follow, max-snippet:-1, max-image-preview:large, max-video-preview:-1\" \/>\n<link rel=\"canonical\" href=\"https:\/\/www.anne-sophie-mutter.de\/urauffuehrungen-john-williams\/\" \/>\n<meta property=\"og:locale\" content=\"en_US\" \/>\n<meta property=\"og:type\" content=\"article\" \/>\n<meta property=\"og:title\" content=\"Anne-Sophie Mutter: World Premieres by John Williams\" \/>\n<meta property=\"og:description\" content=\"John Williams adapted his famous film music themes for violin and orchestra exclusively for Anne-Sophie Mutter.\" \/>\n<meta property=\"og:site_name\" content=\"Anne-Sophie Mutter - official website\" \/>\n<meta property=\"article:modified_time\" content=\"2025-10-21T15:43:00+00:00\" \/>\n<meta name=\"twitter:card\" content=\"summary_large_image\" \/>\n<meta name=\"twitter:label1\" content=\"Est. reading time\" \/>\n\t<meta name=\"twitter:data1\" content=\"2 minutes\" \/>\n<script type=\"application\/ld+json\" class=\"yoast-schema-graph\">{\"@context\":\"https:\\\/\\\/schema.org\",\"@graph\":[{\"@type\":\"WebPage\",\"@id\":\"https:\\\/\\\/www.anne-sophie-mutter.de\\\/urauffuehrungen-john-williams\\\/\",\"url\":\"https:\\\/\\\/www.anne-sophie-mutter.de\\\/urauffuehrungen-john-williams\\\/\",\"name\":\"Anne-Sophie Mutter: World Premieres by John Williams\",\"isPartOf\":{\"@id\":\"https:\\\/\\\/www.anne-sophie-mutter.de\\\/en\\\/#website\"},\"datePublished\":\"2025-06-04T19:07:15+00:00\",\"dateModified\":\"2025-10-21T15:43:00+00:00\",\"description\":\"John Williams adapted his famous film music themes for violin and orchestra exclusively for Anne-Sophie Mutter.\",\"breadcrumb\":{\"@id\":\"https:\\\/\\\/www.anne-sophie-mutter.de\\\/urauffuehrungen-john-williams\\\/#breadcrumb\"},\"inLanguage\":\"en-US\",\"potentialAction\":[{\"@type\":\"ReadAction\",\"target\":[\"https:\\\/\\\/www.anne-sophie-mutter.de\\\/urauffuehrungen-john-williams\\\/\"]}]},{\"@type\":\"BreadcrumbList\",\"@id\":\"https:\\\/\\\/www.anne-sophie-mutter.de\\\/urauffuehrungen-john-williams\\\/#breadcrumb\",\"itemListElement\":[{\"@type\":\"ListItem\",\"position\":1,\"name\":\"Startseite\",\"item\":\"https:\\\/\\\/www.anne-sophie-mutter.de\\\/en\\\/\"},{\"@type\":\"ListItem\",\"position\":2,\"name\":\"World Premieres John Williams\"}]},{\"@type\":\"WebSite\",\"@id\":\"https:\\\/\\\/www.anne-sophie-mutter.de\\\/en\\\/#website\",\"url\":\"https:\\\/\\\/www.anne-sophie-mutter.de\\\/en\\\/\",\"name\":\"Anne-Sophie Mutter - official website\",\"description\":\"\",\"potentialAction\":[{\"@type\":\"SearchAction\",\"target\":{\"@type\":\"EntryPoint\",\"urlTemplate\":\"https:\\\/\\\/www.anne-sophie-mutter.de\\\/en\\\/?s={search_term_string}\"},\"query-input\":{\"@type\":\"PropertyValueSpecification\",\"valueRequired\":true,\"valueName\":\"search_term_string\"}}],\"inLanguage\":\"en-US\"}]}<\/script>\n<!-- \/ Yoast SEO plugin. -->","yoast_head_json":{"title":"Anne-Sophie Mutter: World Premieres by John Williams","description":"John Williams adapted his famous film music themes for violin and orchestra exclusively for Anne-Sophie Mutter.","robots":{"index":"index","follow":"follow","max-snippet":"max-snippet:-1","max-image-preview":"max-image-preview:large","max-video-preview":"max-video-preview:-1"},"canonical":"https:\/\/www.anne-sophie-mutter.de\/urauffuehrungen-john-williams\/","og_locale":"en_US","og_type":"article","og_title":"Anne-Sophie Mutter: World Premieres by John Williams","og_description":"John Williams adapted his famous film music themes for violin and orchestra exclusively for Anne-Sophie Mutter.","og_site_name":"Anne-Sophie Mutter - official website","article_modified_time":"2025-10-21T15:43:00+00:00","twitter_card":"summary_large_image","twitter_misc":{"Est. reading time":"2 minutes"},"schema":{"@context":"https:\/\/schema.org","@graph":[{"@type":"WebPage","@id":"https:\/\/www.anne-sophie-mutter.de\/urauffuehrungen-john-williams\/","url":"https:\/\/www.anne-sophie-mutter.de\/urauffuehrungen-john-williams\/","name":"Anne-Sophie Mutter: World Premieres by John Williams","isPartOf":{"@id":"https:\/\/www.anne-sophie-mutter.de\/en\/#website"},"datePublished":"2025-06-04T19:07:15+00:00","dateModified":"2025-10-21T15:43:00+00:00","description":"John Williams adapted his famous film music themes for violin and orchestra exclusively for Anne-Sophie Mutter.","breadcrumb":{"@id":"https:\/\/www.anne-sophie-mutter.de\/urauffuehrungen-john-williams\/#breadcrumb"},"inLanguage":"en-US","potentialAction":[{"@type":"ReadAction","target":["https:\/\/www.anne-sophie-mutter.de\/urauffuehrungen-john-williams\/"]}]},{"@type":"BreadcrumbList","@id":"https:\/\/www.anne-sophie-mutter.de\/urauffuehrungen-john-williams\/#breadcrumb","itemListElement":[{"@type":"ListItem","position":1,"name":"Startseite","item":"https:\/\/www.anne-sophie-mutter.de\/en\/"},{"@type":"ListItem","position":2,"name":"World Premieres John Williams"}]},{"@type":"WebSite","@id":"https:\/\/www.anne-sophie-mutter.de\/en\/#website","url":"https:\/\/www.anne-sophie-mutter.de\/en\/","name":"Anne-Sophie Mutter - official website","description":"","potentialAction":[{"@type":"SearchAction","target":{"@type":"EntryPoint","urlTemplate":"https:\/\/www.anne-sophie-mutter.de\/en\/?s={search_term_string}"},"query-input":{"@type":"PropertyValueSpecification","valueRequired":true,"valueName":"search_term_string"}}],"inLanguage":"en-US"}]}},"_links":{"self":[{"href":"https:\/\/www.anne-sophie-mutter.de\/en\/wp-json\/wp\/v2\/pages\/5536","targetHints":{"allow":["GET"]}}],"collection":[{"href":"https:\/\/www.anne-sophie-mutter.de\/en\/wp-json\/wp\/v2\/pages"}],"about":[{"href":"https:\/\/www.anne-sophie-mutter.de\/en\/wp-json\/wp\/v2\/types\/page"}],"author":[{"embeddable":true,"href":"https:\/\/www.anne-sophie-mutter.de\/en\/wp-json\/wp\/v2\/users\/2"}],"replies":[{"embeddable":true,"href":"https:\/\/www.anne-sophie-mutter.de\/en\/wp-json\/wp\/v2\/comments?post=5536"}],"version-history":[{"count":9,"href":"https:\/\/www.anne-sophie-mutter.de\/en\/wp-json\/wp\/v2\/pages\/5536\/revisions"}],"predecessor-version":[{"id":10634,"href":"https:\/\/www.anne-sophie-mutter.de\/en\/wp-json\/wp\/v2\/pages\/5536\/revisions\/10634"}],"wp:attachment":[{"href":"https:\/\/www.anne-sophie-mutter.de\/en\/wp-json\/wp\/v2\/media?parent=5536"}],"curies":[{"name":"wp","href":"https:\/\/api.w.org\/{rel}","templated":true}]}}