{"id":6081,"date":"2025-05-29T09:28:48","date_gmt":"2025-05-29T07:28:48","guid":{"rendered":"https:\/\/www.anne-sophie-mutter.de\/aufnahmen\/"},"modified":"2026-04-22T13:59:56","modified_gmt":"2026-04-22T11:59:56","slug":"recordings","status":"publish","type":"page","link":"https:\/\/www.anne-sophie-mutter.de\/en\/recordings\/","title":{"rendered":"RECORDINGS"},"content":{"rendered":"<p>[et_pb_section fb_built=&#8221;1&#8243; fullwidth=&#8221;on&#8221; _builder_version=&#8221;4.27.4&#8243; _module_preset=&#8221;default&#8221; global_colors_info=&#8221;{}&#8221;][et_pb_fullwidth_image src=&#8221;https:\/\/www.anne-sophie-mutter.de\/wp-content\/uploads\/2025\/08\/Recordings_ENG-Kopie.jpg&#8221; title_text=&#8221;Aufnahmen_ENG_mob&#8221; src_tablet=&#8221;https:\/\/www.anne-sophie-mutter.de\/wp-content\/uploads\/2025\/08\/Recordings_ENG-Kopie.jpg&#8221; src_phone=&#8221;https:\/\/www.anne-sophie-mutter.de\/wp-content\/uploads\/2025\/09\/Aufnahmen_ENG_mob.jpg&#8221; src_last_edited=&#8221;on|phone&#8221; _builder_version=&#8221;4.27.4&#8243; _module_preset=&#8221;default&#8221; custom_margin=&#8221;0px||0px||false|false&#8221; custom_padding=&#8221;0px||0px||false|false&#8221; global_colors_info=&#8221;{}&#8221;][\/et_pb_fullwidth_image][\/et_pb_section][et_pb_section fb_built=&#8221;1&#8243; admin_label=&#8221;Biografie&#8221; _builder_version=&#8221;4.27.4&#8243; _module_preset=&#8221;default&#8221; background_image=&#8221;https:\/\/www.anne-sophie-mutter.de\/wp-content\/uploads\/2025\/08\/farbflache_RECORDINGS_1.jpg&#8221; parallax=&#8221;on&#8221; custom_margin=&#8221;100px||0px||false|false&#8221; custom_padding=&#8221;100px||100px||false|false&#8221; locked=&#8221;off&#8221; global_colors_info=&#8221;{}&#8221;][et_pb_row _builder_version=&#8221;4.27.4&#8243; _module_preset=&#8221;default&#8221; custom_margin=&#8221;0px||100px||false|false&#8221; custom_padding=&#8221;0px||0px||false|false&#8221; global_colors_info=&#8221;{}&#8221;][et_pb_column type=&#8221;4_4&#8243; _builder_version=&#8221;4.27.4&#8243; _module_preset=&#8221;default&#8221; global_colors_info=&#8221;{}&#8221;][et_pb_text _builder_version=&#8221;4.27.4&#8243; _module_preset=&#8221;default&#8221; text_font=&#8221;&#8211;et_global_body_font||||||||&#8221; text_text_color=&#8221;#ffffff&#8221; text_font_size=&#8221;60px&#8221; text_line_height=&#8221;0.7em&#8221; header_text_color=&#8221;#FFFFFF&#8221; header_font_size=&#8221;50px&#8221; header_line_height=&#8221;0.7em&#8221; header_2_font=&#8221;Open Sans|700|||||||&#8221; header_2_text_color=&#8221;#d86ca6&#8243; header_2_font_size=&#8221;30px&#8221; background_color=&#8221;#FFFFFF&#8221; width=&#8221;230px&#8221; width_tablet=&#8221;230px&#8221; width_phone=&#8221;175px&#8221; width_last_edited=&#8221;on|phone&#8221; height=&#8221;230px&#8221; height_tablet=&#8221;&#8221; height_phone=&#8221;175px&#8221; height_last_edited=&#8221;on|phone&#8221; custom_margin=&#8221;0px||0px|0px|false|false&#8221; custom_padding=&#8221;10px||0px|15px|false|false&#8221; header_2_font_size_tablet=&#8221;&#8221; header_2_font_size_phone=&#8221;22px&#8221; header_2_font_size_last_edited=&#8221;on|phone&#8221; border_width_all=&#8221;1px&#8221; border_color_all=&#8221;#c128a8&#8243; global_colors_info=&#8221;{}&#8221;]<\/p>\n<h2>LATEST<br \/>RECORDING<\/h2>\n<p>[\/et_pb_text][\/et_pb_column][\/et_pb_row][et_pb_row column_structure=&#8221;1_2,1_2&#8243; use_custom_gutter=&#8221;on&#8221; _builder_version=&#8221;4.27.4&#8243; _module_preset=&#8221;default&#8221; custom_margin=&#8221;0px||40px||false|false&#8221; custom_padding=&#8221;0px|0px|0px|0px|false|false&#8221; global_colors_info=&#8221;{}&#8221;][et_pb_column type=&#8221;1_2&#8243; _builder_version=&#8221;4.27.4&#8243; _module_preset=&#8221;default&#8221; background_color=&#8221;#FFFFFF&#8221; custom_padding=&#8221;||21px||false|false&#8221; global_colors_info=&#8221;{}&#8221;][et_pb_text _builder_version=&#8221;4.27.5&#8243; _module_preset=&#8221;default&#8221; text_line_height=&#8221;1.5em&#8221; header_2_font=&#8221;Open Sans|700|||||||&#8221; header_2_text_color=&#8221;#d86ca6&#8243; header_5_font=&#8221;Open Sans|600|||||||&#8221; header_5_text_color=&#8221;#005c8c&#8221; header_5_font_size=&#8221;18px&#8221; background_color=&#8221;#FFFFFF&#8221; custom_margin=&#8221;0px|0px|0px|0px|false|false&#8221; custom_padding=&#8221;10px|20px|10px|20px|false|false&#8221; hover_enabled=&#8221;0&#8243; global_colors_info=&#8221;{}&#8221; sticky_enabled=&#8221;0&#8243;]<\/p>\n<p><b>Latest CD recording<\/b><\/p>\n<h2><a href=\"\/en\/veroeffentlichung-en\/east-meets-west\/\">East meets West<\/a><\/h2>\n<p><em><strong>Darvishi, Chin, Widmann, Ad\u00e8s<\/strong><\/em><\/p>\n<p><em><strong>Anne-Sophie Mutter, Nancy Zhou, London Symphony Orchestra, Thomas Ad\u00e8s, Ye-Eun Choi, Muriel Razavi, Pablo Ferr\u00e1ndez<\/strong><\/em><\/p>\n<p>[\/et_pb_text][et_pb_button button_url=&#8221;\/en\/veroeffentlichung-en\/east-meets-west\/&#8221; button_text=&#8221;More details&#8221; button_alignment=&#8221;left&#8221; _builder_version=&#8221;4.27.5&#8243; _module_preset=&#8221;default&#8221; custom_button=&#8221;on&#8221; button_text_size=&#8221;16px&#8221; button_text_color=&#8221;#d86ca6&#8243; button_border_width=&#8221;2px&#8221; button_border_color=&#8221;#d86ca6&#8243; button_border_radius=&#8221;0px&#8221; button_icon=&#8221;&#x24;||divi||400&#8243; button_icon_color=&#8221;#d86ca6&#8243; custom_margin=&#8221;20px|20px||20px|false|false&#8221; global_colors_info=&#8221;{}&#8221;][\/et_pb_button][\/et_pb_column][et_pb_column type=&#8221;1_2&#8243; _builder_version=&#8221;4.27.4&#8243; _module_preset=&#8221;default&#8221; background_color=&#8221;RGBA(255,255,255,0)&#8221; global_colors_info=&#8221;{}&#8221;][et_pb_image src=&#8221;https:\/\/www.anne-sophie-mutter.de\/wp-content\/uploads\/2026\/01\/172-Qt7J-Kopie.jpg&#8221; alt=&#8221;East meets West&#8221; title_text=&#8221;172-Qt7J Kopie&#8221; show_in_lightbox=&#8221;on&#8221; _builder_version=&#8221;4.27.5&#8243; _module_preset=&#8221;default&#8221; global_colors_info=&#8221;{}&#8221;][\/et_pb_image][et_pb_text _builder_version=&#8221;4.27.5&#8243; _module_preset=&#8221;default&#8221; text_line_height=&#8221;1.5em&#8221; header_5_font=&#8221;Open Sans|600|||||||&#8221; header_5_text_color=&#8221;#005c8c&#8221; header_5_font_size=&#8221;18px&#8221; background_color=&#8221;#FFFFFF&#8221; custom_margin=&#8221;0px|0px|0px|0px|false|false&#8221; custom_padding=&#8221;0px|20px|30px|20px|false|false&#8221; global_colors_info=&#8221;{}&#8221;]<\/p>\n<p>&nbsp;<\/p>\n<h3><strong>About the recording:<\/strong><\/h3>\n<p>Anne-Sophie Mutter is launching her own series of recordings on Alpha Classics, ASM Forte Forward, devoted to the music of our time: it will exclusively feature contemporary works written for her. In 2026 and 2027, this exceptional artist is celebrating her jubilee: 50 years on stage, driven by curiosity, passion and commitment to the future of music. The first opus in this new series, East Meets West, includes works by four composers from diverse origins. The programme moves from solo violin, through duo and chamber repertoire, to violin with orchestra.<\/p>\n<p>It opens with Likoo for solo violin by Iranian-Dutch composer Aftab Darvishi, followed by Gran Cadenza for two violins by Unsuk Chin, a South Korean composer living in Berlin, J\u00f6rg Widmann&#8217;s String Quartet No. 6, entitled Studie \u00fcber Beethoven; and concludes with Thomas Ad\u00e8s&#8217; work for violin and orchestra, Air-Homage to Sibelius, premiered in 2022 and recorded here with the London Symphony Orchestra, conducted by the British composer himself.<\/p>\n<p>[\/et_pb_text][\/et_pb_column][\/et_pb_row][\/et_pb_section][et_pb_section fb_built=&#8221;1&#8243; disabled_on=&#8221;off|off|off&#8221; admin_label=&#8221;Biografie&#8221; _builder_version=&#8221;4.27.4&#8243; _module_preset=&#8221;default&#8221; background_color=&#8221;#eabed8&#8243; background_enable_image=&#8221;off&#8221; parallax=&#8221;on&#8221; custom_margin=&#8221;100px||0px||false|false&#8221; custom_padding=&#8221;100px||100px||true|false&#8221; locked=&#8221;off&#8221; global_colors_info=&#8221;{}&#8221;][et_pb_row _builder_version=&#8221;4.27.4&#8243; _module_preset=&#8221;default&#8221; custom_margin=&#8221;0px||100px||false|false&#8221; custom_padding=&#8221;0px||0px||false|false&#8221; locked=&#8221;off&#8221; global_colors_info=&#8221;{}&#8221;][et_pb_column type=&#8221;4_4&#8243; _builder_version=&#8221;4.27.4&#8243; _module_preset=&#8221;default&#8221; global_colors_info=&#8221;{}&#8221;][et_pb_text _builder_version=&#8221;4.27.4&#8243; _module_preset=&#8221;default&#8221; text_font=&#8221;&#8211;et_global_body_font||||||||&#8221; text_text_color=&#8221;#ffffff&#8221; text_font_size=&#8221;60px&#8221; text_line_height=&#8221;0.7em&#8221; header_text_color=&#8221;#FFFFFF&#8221; header_font_size=&#8221;50px&#8221; header_line_height=&#8221;0.7em&#8221; header_2_font=&#8221;Open Sans|700|||||||&#8221; header_2_text_color=&#8221;#d86ca6&#8243; header_2_font_size=&#8221;30px&#8221; background_color=&#8221;#FFFFFF&#8221; width=&#8221;230px&#8221; height=&#8221;230px&#8221; custom_margin=&#8221;0px||0px|0px|false|false&#8221; custom_padding=&#8221;10px||0px|15px|false|false&#8221; border_width_all=&#8221;1px&#8221; border_color_all=&#8221;#c128a8&#8243; global_colors_info=&#8221;{}&#8221;]<\/p>\n<h2>CD<br \/>SEARCH<\/h2>\n<p>[\/et_pb_text][\/et_pb_column][\/et_pb_row][et_pb_row _builder_version=&#8221;4.27.4&#8243; _module_preset=&#8221;default&#8221; background_color=&#8221;#A9B7CF&#8221; module_alignment=&#8221;center&#8221; custom_padding=&#8221;10px|16px|30px|16px|false|false&#8221; global_colors_info=&#8221;{}&#8221;][et_pb_column type=&#8221;4_4&#8243; _builder_version=&#8221;4.27.4&#8243; _module_preset=&#8221;default&#8221; global_colors_info=&#8221;{}&#8221;][et_pb_de_mach_filter_posts filter_location=&#8221;fullwidth&#8221; fullwidth_columns=&#8221;1&#8243; fullwidth_columns_tablet=&#8221;1&#8243; column_gap=&#8221;8px&#8221; mobile_toggle=&#8221;on&#8221; filter_toggle_name=&#8221;Jetzt CDs Filtern&#8221; filter_toggle_hide_name=&#8221;Filter schlie\u00dfen&#8221; filter_item_top=&#8221;0px&#8221; filter_item_bg_color=&#8221;RGBA(255,255,255,0)&#8221; label_spacing=&#8221;0px&#8221; admin_label=&#8221;Filter: Suche, Zeitraum &#038; Komponist&#8221; module_class=&#8221;asm-filters&#8221; _builder_version=&#8221;4.27.4&#8243; _module_preset=&#8221;default&#8221; custom_button=&#8221;on&#8221; button_text_size=&#8221;14px&#8221; button_text_color=&#8221;#D86CA6&#8243; button_bg_color=&#8221;#FFFFFF&#8221; button_border_width=&#8221;2px&#8221; button_border_radius=&#8221;0px&#8221; button_font=&#8221;|600|||||||&#8221; custom_search_button=&#8221;on&#8221; search_button_text_size=&#8221;14px&#8221; search_button_border_width=&#8221;2px&#8221; search_button_border_radius=&#8221;0px&#8221; search_button_font=&#8221;|600||on|||||&#8221; search_button_use_icon=&#8221;off&#8221; search_button_custom_margin=&#8221;|14px||14px|false|false&#8221; search_button_custom_padding=&#8221;|14px||14px|false|false&#8221; custom_reset_filter=&#8221;on&#8221; reset_filter_text_size=&#8221;14px&#8221; reset_filter_border_width=&#8221;2px&#8221; reset_filter_font=&#8221;|||on|||||&#8221; reset_filter_use_icon=&#8221;off&#8221; saved_tabs=&#8221;all&#8221; locked=&#8221;off&#8221; global_colors_info=&#8221;{}&#8221;][et_pb_de_mach_search_posts_item title=&#8221;Search&#8221; filter_post_type=&#8221;search&#8221; post_type_choose=&#8221;veroeffentlichung&#8221; filter_params=&#8221;yes_no_title&#8221; show_label=&#8221;off&#8221; acf_filter_width=&#8221;et_pb_column_3_4&#8243; field_id=&#8221;asm_search&#8221; text_placeholder=&#8221;Titel, componist  &#8230;&#8221; label_spacing=&#8221;0px&#8221; _builder_version=&#8221;4.27.4&#8243; _module_preset=&#8221;default&#8221; form_field_background_color=&#8221;#FFFFFF&#8221; form_field_text_color=&#8221;#666666&#8243; background_enable_color=&#8221;off&#8221; width=&#8221;60%&#8221; overflow-x=&#8221;auto&#8221; overflow-y=&#8221;auto&#8221; border_width_all=&#8221;2px&#8221; border_color_all=&#8221;#A9B8CF&#8221; global_colors_info=&#8221;{}&#8221;][\/et_pb_de_mach_search_posts_item][et_pb_de_mach_search_posts_item title=&#8221;Componist&#8221; filter_post_type=&#8221;taxonomy&#8221; custom_tax_choose=&#8221;asm-componist&#8221; post_type_choose=&#8221;veroeffentlichung&#8221; acf_filter_type=&#8221;radio&#8221; show_label=&#8221;off&#8221; hide_empty_on_load_only=&#8221;on&#8221; acf_filter_width=&#8221;et_pb_column_3_4&#8243; field_id=&#8221;asm-componist-dropdown&#8221; radio_select=&#8221;checkbox&#8221; radio_style=&#8221;select&#8221; select_labeltext=&#8221;Componist&#8221; radio_all_text=&#8221;All componists&#8221; radio_button_background_color=&#8221;#FFFFFF&#8221; label_spacing=&#8221;0px&#8221; _builder_version=&#8221;4.27.4&#8243; _module_preset=&#8221;default&#8221; title_font=&#8221;||||||||&#8221; title_font_size=&#8221;14px&#8221; radio_button_text_font=&#8221;||||||||&#8221; background_enable_color=&#8221;off&#8221; custom_active_button=&#8221;on&#8221; active_button_text_size=&#8221;14px&#8221; active_button_text_color=&#8221;#FFFFFF&#8221; active_button_bg_color=&#8221;#D86CA6&#8243; active_button_border_width=&#8221;2px&#8221; active_button_border_color=&#8221;#FFFFFF&#8221; active_button_font=&#8221;|600|||||||&#8221; border_width_all=&#8221;1px&#8221; border_color_all=&#8221;#D86CA6&#8243; global_colors_info=&#8221;{}&#8221;][\/et_pb_de_mach_search_posts_item][et_pb_de_mach_search_posts_item title=&#8221;Period&#8221; filter_post_type=&#8221;taxonomy&#8221; custom_tax_choose=&#8221;period&#8221; post_type_choose=&#8221;veroeffentlichung&#8221; acf_filter_type=&#8221;radio&#8221; uncheck_init_terms=&#8221;on&#8221; value_type=&#8221;numeric&#8221; taxonomy_order=&#8221;numeric&#8221; show_label=&#8221;off&#8221; hide_empty_on_load_only=&#8221;on&#8221; field_id=&#8221;asm-period&#8221; radio_select=&#8221;checkbox&#8221; radio_style=&#8221;buttons&#8221; radio_inline=&#8221;on&#8221; radio_gap=&#8221;8&#8243; _builder_version=&#8221;4.27.4&#8243; _module_preset=&#8221;default&#8221; background_enable_color=&#8221;off&#8221; custom_button=&#8221;on&#8221; button_text_size=&#8221;14px&#8221; button_text_color=&#8221;#D86CA6&#8243; button_bg_color=&#8221;#FFFFFF&#8221; button_border_width=&#8221;2px&#8221; button_border_color=&#8221;#D86CA6&#8243; button_border_radius=&#8221;0px&#8221; button_font=&#8221;|600|||||||&#8221; custom_active_button=&#8221;on&#8221; active_button_text_color=&#8221;#FFFFFF&#8221; active_button_bg_color=&#8221;#D86CA6&#8243; active_button_border_color=&#8221;#FFFFFF&#8221; active_button_border_radius=&#8221;2px&#8221; active_button_font=&#8221;|600|||||||&#8221; module_alignment=&#8221;center&#8221; global_colors_info=&#8221;{}&#8221;][\/et_pb_de_mach_search_posts_item][\/et_pb_de_mach_filter_posts][\/et_pb_column][\/et_pb_row][et_pb_row _builder_version=&#8221;4.27.4&#8243; _module_preset=&#8221;default&#8221; global_colors_info=&#8221;{}&#8221;][et_pb_column type=&#8221;4_4&#8243; _builder_version=&#8221;4.27.4&#8243; _module_preset=&#8221;default&#8221; global_colors_info=&#8221;{}&#8221;][et_pb_de_mach_archive_loop post_type_choose=&#8221;veroeffentlichung&#8221; loop_layout=&#8221;2703&#8243; no_posts_layout_text=&#8221;No publications were found.&#8221; sort_order=&#8221;acf_field&#8221; acf_sort_field=&#8221;field_685d55ac87ef2&#8243; acf_sort_type=&#8221;numeric&#8221; order_asc_desc=&#8221;DESC&#8221; enable_loadmore=&#8221;infinite&#8221; link_whole_gird=&#8221;on&#8221; equal_height=&#8221;on&#8221; admin_label=&#8221;Archive Loop En Divi MAchine&#8221; _builder_version=&#8221;4.27.4&#8243; _module_preset=&#8221;default&#8221; global_colors_info=&#8221;{}&#8221;][\/et_pb_de_mach_archive_loop][\/et_pb_column][\/et_pb_row][\/et_pb_section]<\/p>\n","protected":false},"excerpt":{"rendered":"<p>LATESTRECORDINGLatest CD recording East meets West Darvishi, Chin, Widmann, Ad\u00e8s Anne-Sophie Mutter, Nancy Zhou, London Symphony Orchestra, Thomas Ad\u00e8s, Ye-Eun Choi, Muriel Razavi, Pablo Ferr\u00e1ndez&nbsp; About the recording: Anne-Sophie Mutter [&hellip;]<\/p>\n","protected":false},"author":3,"featured_media":0,"parent":0,"menu_order":0,"comment_status":"closed","ping_status":"closed","template":"","meta":{"_acf_changed":false,"_et_pb_use_builder":"on","_et_pb_old_content":"","_et_gb_content_width":"","inline_featured_image":false,"footnotes":""},"class_list":["post-6081","page","type-page","status-publish","hentry"],"acf":[],"yoast_head":"<!-- This site is optimized with the Yoast SEO plugin v27.4 - https:\/\/yoast.com\/product\/yoast-seo-wordpress\/ -->\n<title>Anne-Sophie Mutter: CD and Blu-ray releases<\/title>\n<meta name=\"description\" content=\"CD and Blu-ray releases by Anne-Sophie Mutter: Discover high-quality recordings, current albums, and classics \u2794 Overview.\" \/>\n<meta name=\"robots\" content=\"index, follow, max-snippet:-1, max-image-preview:large, max-video-preview:-1\" \/>\n<link rel=\"canonical\" href=\"https:\/\/www.anne-sophie-mutter.de\/en\/recordings\/\" \/>\n<meta property=\"og:locale\" content=\"en_US\" \/>\n<meta property=\"og:type\" content=\"article\" \/>\n<meta property=\"og:title\" content=\"Anne-Sophie Mutter: CD and Blu-ray releases\" \/>\n<meta property=\"og:description\" content=\"CD and Blu-ray releases by Anne-Sophie Mutter: Discover high-quality recordings, current albums, and classics \u2794 Overview.\" \/>\n<meta property=\"og:site_name\" content=\"Anne-Sophie Mutter - official website\" \/>\n<meta property=\"article:modified_time\" content=\"2026-04-22T11:59:56+00:00\" \/>\n<meta name=\"twitter:card\" content=\"summary_large_image\" \/>\n<meta name=\"twitter:label1\" content=\"Est. reading time\" \/>\n\t<meta name=\"twitter:data1\" content=\"4 minutes\" \/>\n<script type=\"application\/ld+json\" class=\"yoast-schema-graph\">{\"@context\":\"https:\\\/\\\/schema.org\",\"@graph\":[{\"@type\":\"WebPage\",\"@id\":\"https:\\\/\\\/www.anne-sophie-mutter.de\\\/en\\\/recordings\\\/\",\"url\":\"https:\\\/\\\/www.anne-sophie-mutter.de\\\/en\\\/recordings\\\/\",\"name\":\"Anne-Sophie Mutter: CD and Blu-ray releases\",\"isPartOf\":{\"@id\":\"https:\\\/\\\/www.anne-sophie-mutter.de\\\/en\\\/#website\"},\"datePublished\":\"2025-05-29T07:28:48+00:00\",\"dateModified\":\"2026-04-22T11:59:56+00:00\",\"description\":\"CD and Blu-ray releases by Anne-Sophie Mutter: Discover high-quality recordings, current albums, and classics \u2794 Overview.\",\"breadcrumb\":{\"@id\":\"https:\\\/\\\/www.anne-sophie-mutter.de\\\/en\\\/recordings\\\/#breadcrumb\"},\"inLanguage\":\"en-US\",\"potentialAction\":[{\"@type\":\"ReadAction\",\"target\":[\"https:\\\/\\\/www.anne-sophie-mutter.de\\\/en\\\/recordings\\\/\"]}]},{\"@type\":\"BreadcrumbList\",\"@id\":\"https:\\\/\\\/www.anne-sophie-mutter.de\\\/en\\\/recordings\\\/#breadcrumb\",\"itemListElement\":[{\"@type\":\"ListItem\",\"position\":1,\"name\":\"Startseite\",\"item\":\"https:\\\/\\\/www.anne-sophie-mutter.de\\\/en\\\/\"},{\"@type\":\"ListItem\",\"position\":2,\"name\":\"RECORDINGS\"}]},{\"@type\":\"WebSite\",\"@id\":\"https:\\\/\\\/www.anne-sophie-mutter.de\\\/en\\\/#website\",\"url\":\"https:\\\/\\\/www.anne-sophie-mutter.de\\\/en\\\/\",\"name\":\"Anne-Sophie Mutter - official website\",\"description\":\"\",\"potentialAction\":[{\"@type\":\"SearchAction\",\"target\":{\"@type\":\"EntryPoint\",\"urlTemplate\":\"https:\\\/\\\/www.anne-sophie-mutter.de\\\/en\\\/?s={search_term_string}\"},\"query-input\":{\"@type\":\"PropertyValueSpecification\",\"valueRequired\":true,\"valueName\":\"search_term_string\"}}],\"inLanguage\":\"en-US\"}]}<\/script>\n<!-- \/ Yoast SEO plugin. -->","yoast_head_json":{"title":"Anne-Sophie Mutter: CD and Blu-ray releases","description":"CD and Blu-ray releases by Anne-Sophie Mutter: Discover high-quality recordings, current albums, and classics \u2794 Overview.","robots":{"index":"index","follow":"follow","max-snippet":"max-snippet:-1","max-image-preview":"max-image-preview:large","max-video-preview":"max-video-preview:-1"},"canonical":"https:\/\/www.anne-sophie-mutter.de\/en\/recordings\/","og_locale":"en_US","og_type":"article","og_title":"Anne-Sophie Mutter: CD and Blu-ray releases","og_description":"CD and Blu-ray releases by Anne-Sophie Mutter: Discover high-quality recordings, current albums, and classics \u2794 Overview.","og_site_name":"Anne-Sophie Mutter - official website","article_modified_time":"2026-04-22T11:59:56+00:00","twitter_card":"summary_large_image","twitter_misc":{"Est. reading time":"4 minutes"},"schema":{"@context":"https:\/\/schema.org","@graph":[{"@type":"WebPage","@id":"https:\/\/www.anne-sophie-mutter.de\/en\/recordings\/","url":"https:\/\/www.anne-sophie-mutter.de\/en\/recordings\/","name":"Anne-Sophie Mutter: CD and Blu-ray releases","isPartOf":{"@id":"https:\/\/www.anne-sophie-mutter.de\/en\/#website"},"datePublished":"2025-05-29T07:28:48+00:00","dateModified":"2026-04-22T11:59:56+00:00","description":"CD and Blu-ray releases by Anne-Sophie Mutter: Discover high-quality recordings, current albums, and classics \u2794 Overview.","breadcrumb":{"@id":"https:\/\/www.anne-sophie-mutter.de\/en\/recordings\/#breadcrumb"},"inLanguage":"en-US","potentialAction":[{"@type":"ReadAction","target":["https:\/\/www.anne-sophie-mutter.de\/en\/recordings\/"]}]},{"@type":"BreadcrumbList","@id":"https:\/\/www.anne-sophie-mutter.de\/en\/recordings\/#breadcrumb","itemListElement":[{"@type":"ListItem","position":1,"name":"Startseite","item":"https:\/\/www.anne-sophie-mutter.de\/en\/"},{"@type":"ListItem","position":2,"name":"RECORDINGS"}]},{"@type":"WebSite","@id":"https:\/\/www.anne-sophie-mutter.de\/en\/#website","url":"https:\/\/www.anne-sophie-mutter.de\/en\/","name":"Anne-Sophie Mutter - official website","description":"","potentialAction":[{"@type":"SearchAction","target":{"@type":"EntryPoint","urlTemplate":"https:\/\/www.anne-sophie-mutter.de\/en\/?s={search_term_string}"},"query-input":{"@type":"PropertyValueSpecification","valueRequired":true,"valueName":"search_term_string"}}],"inLanguage":"en-US"}]}},"_links":{"self":[{"href":"https:\/\/www.anne-sophie-mutter.de\/en\/wp-json\/wp\/v2\/pages\/6081","targetHints":{"allow":["GET"]}}],"collection":[{"href":"https:\/\/www.anne-sophie-mutter.de\/en\/wp-json\/wp\/v2\/pages"}],"about":[{"href":"https:\/\/www.anne-sophie-mutter.de\/en\/wp-json\/wp\/v2\/types\/page"}],"author":[{"embeddable":true,"href":"https:\/\/www.anne-sophie-mutter.de\/en\/wp-json\/wp\/v2\/users\/3"}],"replies":[{"embeddable":true,"href":"https:\/\/www.anne-sophie-mutter.de\/en\/wp-json\/wp\/v2\/comments?post=6081"}],"version-history":[{"count":50,"href":"https:\/\/www.anne-sophie-mutter.de\/en\/wp-json\/wp\/v2\/pages\/6081\/revisions"}],"predecessor-version":[{"id":11751,"href":"https:\/\/www.anne-sophie-mutter.de\/en\/wp-json\/wp\/v2\/pages\/6081\/revisions\/11751"}],"wp:attachment":[{"href":"https:\/\/www.anne-sophie-mutter.de\/en\/wp-json\/wp\/v2\/media?parent=6081"}],"curies":[{"name":"wp","href":"https:\/\/api.w.org\/{rel}","templated":true}]}}